{"id":1272,"date":"2020-03-04T10:03:47","date_gmt":"2020-03-04T10:03:47","guid":{"rendered":"https:\/\/liongatebuilders.com\/financiacion\/"},"modified":"2023-12-21T17:05:04","modified_gmt":"2023-12-21T17:05:04","slug":"financiamiento","status":"publish","type":"page","link":"https:\/\/liongatebuilders.com\/es\/financiamiento\/","title":{"rendered":"Financiamiento"},"content":{"rendered":"<div class=\"wpb-content-wrapper\"><p>[vc_section el_id=&#8221;page_header&#8221;][vc_row css=&#8221;.vc_custom_1583311737715{background: #161616 url(https:\/\/liongatebuilders.com\/wp-content\/uploads\/2020\/03\/page_header-bg.jpg?id=79) !important;background-position: center !important;background-repeat: no-repeat !important;background-size: cover !important;}&#8221;][vc_column][vc_empty_space height=&#8221;75px&#8221; el_class=&#8221;show-for-large&#8221;][vc_empty_space height=&#8221;45px&#8221; el_class=&#8221;hide-for-large&#8221;][vc_row_inner el_class=&#8221;row no-padding-vc&#8221;][vc_column_inner][vc_column_text]<\/p>\n<h1 class=\"page-heading alt-white\" style=\"text-align: center;\">Precalificaci\u00f3n financiera<\/h1>\n<p>[\/vc_column_text][\/vc_column_inner][\/vc_row_inner][vc_empty_space height=&#8221;75px&#8221; el_class=&#8221;show-for-large&#8221;][vc_empty_space height=&#8221;45px&#8221; el_class=&#8221;hide-for-large&#8221;][\/vc_column][\/vc_row][\/vc_section][vc_section el_id=&#8221;financing-section_1&#8243;][vc_row][vc_column][vc_empty_space height=&#8221;90px&#8221; el_class=&#8221;show-for-xlarge&#8221;][vc_empty_space height=&#8221;75px&#8221; el_class=&#8221;show-for-large-only&#8221;][vc_empty_space height=&#8221;45px&#8221; el_class=&#8221;hide-for-large&#8221;][vc_row_inner el_class=&#8221;row no-padding-vc&#8221;][vc_column_inner][vc_column_text]<\/p>\n<h1 class=\"section-heading bottom-buffer-1point5rem\" style=\"text-align: center;\">Aplicaci\u00f3n de precalificaci\u00f3n en l\u00ednea<\/h1>\n<p class=\"big remove-br\" style=\"text-align: center;\">En primer lugar, d\u00edganos cu\u00e1ntas personas van a solicitar el pr\u00e9stamo.<\/p>\n<p>[\/vc_column_text][\/vc_column_inner][\/vc_row_inner][vc_empty_space height=&#8221;90px&#8221; el_class=&#8221;show-for-xlarge&#8221;][vc_empty_space height=&#8221;75px&#8221; el_class=&#8221;show-for-large-only&#8221;][vc_empty_space height=&#8221;45px&#8221; el_class=&#8221;hide-for-large&#8221;][vc_row_inner el_class=&#8221;row no-padding-vc&#8221;][vc_column_inner el_class=&#8221;large-centered&#8221; width=&#8221;6\/12&#8243;][vc_raw_html]PHVsIGNsYXNzPSJ0YWJzIiBkYXRhLXJlc3BvbnNpdmUtYWNjb3JkaW9uLXRhYnM9InRhYnMgc21hbGwtYWNjb3JkaW9uIG1lZGl1bS1hY2NvcmRpb24gbGFyZ2UtdGFicyIgaWQ9ImZpbmFuY2luZ19mb3Jtc190YWJzIj4KCTxsaSBjbGFzcz0idGFicy10aXRsZSBpcy1hY3RpdmUiPgoJCTxhIGhyZWY9IiN0YWJzX3BhbmVsXzEtanVzdF9tZSIgYXJpYS1zZWxlY3RlZD0idHJ1ZSI+CgkJCTxkaXYgY2xhc3M9InBhZGRlZC1ib3ggdGV4dC1jZW50ZXIiPgoJCQkJPHAgY2xhc3M9ImJvdHRvbS1idWZmZXItMXBvaW50NXJlbSI+CgkJCQkJPGltZyBzcmM9Ii93cC1jb250ZW50L3VwbG9hZHMvMjAyMC8wMy9maW5hbmNpbmctaWNvbi1qdXN0X21lLnBuZyIgY2xhc3M9IiIgYWx0PSIiPgoJCQkJPC9wPgoJCQkJPGgzIGNsYXNzPSJ1YyBib3R0b20tYnVmZmVyLTFwb2ludDVyZW0iPlPDs2xvIHlvPC9oMz4KCQkJCTxidXR0b24gY2xhc3M9ImJ1dHRvbiBidXR0b24tZ3JhZGllbnQgdWMgbm8tbWFyZ2luLWJvdHRvbSI+Q29tZW56YXI8L2J1dHRvbj4KCQkJPC9kaXY+CgkJPC9hPgoJPC9saT4KCTxsaSBjbGFzcz0idGFicy10aXRsZSI+CgkJPGEgaHJlZj0iI3RhYnNfcGFuZWxfMi1teXNlbGZfYW5kX2Fub3RoZXIiPgoJCQk8ZGl2IGNsYXNzPSJwYWRkZWQtYm94IHRleHQtY2VudGVyIj4KCQkJCTxwIGNsYXNzPSJib3R0b20tYnVmZmVyLTFwb2ludDVyZW0iPgoJCQkJCTxpbWcgc3JjPSIvd3AtY29udGVudC91cGxvYWRzLzIwMjAvMDMvZmluYW5jaW5nLWljb24tbXlzZWxmX2FuZF9hbm90aGVyLnBuZyIgY2xhc3M9IiIgYWx0PSIiPgoJCQkJPC9wPgoJCQkJPGgzIGNsYXNzPSJ1YyBib3R0b20tYnVmZmVyLTFwb2ludDVyZW0iPllvIHkgb3RybzwvaDM+CgkJCQk8YnV0dG9uIGNsYXNzPSJidXR0b24gYnV0dG9uLWdyYWRpZW50IHVjIG5vLW1hcmdpbi1ib3R0b20iPkNvbWVuemFyPC9idXR0b24+CgkJCTwvZGl2PgoJCTwvYT4KCTwvbGk+CjwvdWw+[\/vc_raw_html][\/vc_column_inner][\/vc_row_inner][vc_empty_space height=&#8221;75px&#8221; el_class=&#8221;show-for-large&#8221;][vc_empty_space height=&#8221;45px&#8221; el_class=&#8221;hide-for-large&#8221;][vc_row_inner el_class=&#8221;row no-padding-vc&#8221;][vc_column_inner el_class=&#8221;large-centered&#8221; width=&#8221;8\/12&#8243;][vc_raw_html]PGRpdiBjbGFzcz0idGFicy1jb250ZW50IiBkYXRhLXRhYnMtY29udGVudD0iZmluYW5jaW5nX2Zvcm1zX3RhYnMiIGlkPSJmaW5hbmNpbmdfZm9ybXNfdGFic19jb250ZW50Ij4KCTxkaXYgY2xhc3M9InRhYnMtcGFuZWwgaXMtYWN0aXZlIiBpZD0idGFic19wYW5lbF8xLWp1c3RfbWUiPgoJCVtjb250YWN0LWZvcm0tNyBpZD0iMTM1IiB0aXRsZT0iRm9ybXVsYXJpbyBkZSBjb250YWN0byAtIFDDoWdpbmEgZGUgZmluYW5jaWFjacOzbiB8IEp1c3QgTWUiXQoJPC9kaXY+Cgk8ZGl2IGNsYXNzPSJ0YWJzLXBhbmVsIiBpZD0idGFic19wYW5lbF8yLW15c2VsZl9hbmRfYW5vdGhlciI+CgkJW2NvbnRhY3QtZm9ybS03IGlkPSIxMzYiIHRpdGxlPSJGb3JtdWxhcmlvIGRlIGNvbnRhY3RvIC0gUMOhZ2luYSBkZSBmaW5hbmNpYWNpw7NuIHwgTXlzZWxmIGFuZCBBbm90aGVyIl0KCTwvZGl2Pgo8L2Rpdj4=[\/vc_raw_html][\/vc_column_inner][\/vc_row_inner][vc_empty_space height=&#8221;90px&#8221; el_class=&#8221;show-for-xlarge&#8221;][vc_empty_space height=&#8221;75px&#8221; el_class=&#8221;show-for-large-only&#8221;][vc_empty_space height=&#8221;45px&#8221; el_class=&#8221;hide-for-large&#8221;][\/vc_column][\/vc_row][\/vc_section]<\/p>\n<\/div>","protected":false},"excerpt":{"rendered":"<p>[vc_section el_id=&#8221;page_header&#8221;][vc_row css=&#8221;.vc_custom_1583311737715{background: #161616 url(https:\/\/liongatebuilders.com\/wp-content\/uploads\/2020\/03\/page_header-bg.jpg?id=79) !important;background-position: center !important;background-repeat: no-repeat !important;background-size: cover !important;}&#8221;][vc_column][vc_empty_space height=&#8221;75px&#8221; el_class=&#8221;show-for-large&#8221;][vc_empty_space height=&#8221;45px&#8221; el_class=&#8221;hide-for-large&#8221;][vc_row_inner el_class=&#8221;row no-padding-vc&#8221;][vc_column_inner][vc_column_text] Precalificaci\u00f3n financiera [\/vc_column_text][\/vc_column_inner][\/vc_row_inner][vc_empty_space height=&#8221;75px&#8221; el_class=&#8221;show-for-large&#8221;][vc_empty_space height=&#8221;45px&#8221; el_class=&#8221;hide-for-large&#8221;][\/vc_column][\/vc_row][\/vc_section][vc_section el_id=&#8221;financing-section_1&#8243;][vc_row][vc_column][vc_empty_space height=&#8221;90px&#8221; el_class=&#8221;show-for-xlarge&#8221;][vc_empty_space height=&#8221;75px&#8221; el_class=&#8221;show-for-large-only&#8221;][vc_empty_space height=&#8221;45px&#8221; el_class=&#8221;hide-for-large&#8221;][vc_row_inner el_class=&#8221;row no-padding-vc&#8221;][vc_column_inner][vc_column_text] Aplicaci\u00f3n de precalificaci\u00f3n en l\u00ednea En primer lugar, d\u00edganos cu\u00e1ntas personas van a solicitar el pr\u00e9stamo. [\/vc_column_text][\/vc_column_inner][\/vc_row_inner][vc_empty_space height=&#8221;90px&#8221; el_class=&#8221;show-for-xlarge&#8221;][vc_empty_space height=&#8221;75px&#8221; el_class=&#8221;show-for-large-only&#8221;][vc_empty_space<a class=\"excerpt-read-more\" href=\"https:\/\/liongatebuilders.com\/es\/financiamiento\/\" title=\"ReadFinanciamiento\">&#8230; Read more &raquo;<\/a><\/p>\n","protected":false},"author":1,"featured_media":3031,"parent":0,"menu_order":0,"comment_status":"closed","ping_status":"closed","template":"template-visual-builder.php","meta":{"_acf_changed":false,"_seopress_robots_primary_cat":"","_seopress_titles_title":"Financiamiento %%sep%% %%sitetitle%%","_seopress_titles_desc":"Nos dedicamos a crear hogares de ensue\u00f1o adaptados a las necesidades de cada uno de nuestros clientes. Rellene nuestro formulario de solicitud y comience su pr\u00f3ximo gran proyecto.","_seopress_robots_index":"","footnotes":""},"class_list":["post-1272","page","type-page","status-publish","has-post-thumbnail","hentry"],"acf":[],"_links":{"self":[{"href":"https:\/\/liongatebuilders.com\/es\/wp-json\/wp\/v2\/pages\/1272","targetHints":{"allow":["GET"]}}],"collection":[{"href":"https:\/\/liongatebuilders.com\/es\/wp-json\/wp\/v2\/pages"}],"about":[{"href":"https:\/\/liongatebuilders.com\/es\/wp-json\/wp\/v2\/types\/page"}],"author":[{"embeddable":true,"href":"https:\/\/liongatebuilders.com\/es\/wp-json\/wp\/v2\/users\/1"}],"replies":[{"embeddable":true,"href":"https:\/\/liongatebuilders.com\/es\/wp-json\/wp\/v2\/comments?post=1272"}],"version-history":[{"count":4,"href":"https:\/\/liongatebuilders.com\/es\/wp-json\/wp\/v2\/pages\/1272\/revisions"}],"predecessor-version":[{"id":1401,"href":"https:\/\/liongatebuilders.com\/es\/wp-json\/wp\/v2\/pages\/1272\/revisions\/1401"}],"wp:featuredmedia":[{"embeddable":true,"href":"https:\/\/liongatebuilders.com\/es\/wp-json\/wp\/v2\/media\/3031"}],"wp:attachment":[{"href":"https:\/\/liongatebuilders.com\/es\/wp-json\/wp\/v2\/media?parent=1272"}],"curies":[{"name":"wp","href":"https:\/\/api.w.org\/{rel}","templated":true}]}}