{"id":1293,"date":"2020-03-04T09:20:07","date_gmt":"2020-03-04T09:20:07","guid":{"rendered":"https:\/\/liongatebuilders.com\/nuestro-proceso\/"},"modified":"2023-12-21T16:56:29","modified_gmt":"2023-12-21T16:56:29","slug":"proceso","status":"publish","type":"page","link":"https:\/\/liongatebuilders.com\/es\/proceso\/","title":{"rendered":"Proceso"},"content":{"rendered":"<div class=\"wpb-content-wrapper\"><p>[vc_section el_id=&#8221;page_header&#8221;][vc_row css=&#8221;.vc_custom_1583311737715{background: #161616 url(https:\/\/liongatebuilders.com\/wp-content\/uploads\/2020\/03\/page_header-bg.jpg?id=79) !important;background-position: center !important;background-repeat: no-repeat !important;background-size: cover !important;}&#8221;][vc_column][vc_empty_space height=&#8221;75px&#8221; el_class=&#8221;show-for-large&#8221;][vc_empty_space height=&#8221;45px&#8221; el_class=&#8221;hide-for-large&#8221;][vc_row_inner el_class=&#8221;row no-padding-vc&#8221;][vc_column_inner][vc_column_text]<\/p>\n<h1 class=\"page-heading alt-white\" style=\"text-align: center;\">Nuestro proceso<\/h1>\n<p>[\/vc_column_text][\/vc_column_inner][\/vc_row_inner][vc_empty_space height=&#8221;75px&#8221; el_class=&#8221;show-for-large&#8221;][vc_empty_space height=&#8221;45px&#8221; el_class=&#8221;hide-for-large&#8221;][\/vc_column][\/vc_row][\/vc_section][vc_section el_id=&#8221;our_process-section_1&#8243;][vc_row][vc_column][vc_row_inner equal_height=&#8221;yes&#8221; content_placement=&#8221;middle&#8221; el_class=&#8221;row expanded no-padding-vc no-padding-foundation content-width-xlarge&#8221;][vc_column_inner el_class=&#8221;columns xlarge-6 column-right xlarge-push-6&#8243; width=&#8221;1\/2&#8243;][vc_column_text css_animation=&#8221;fadeInRight&#8221;]<\/p>\n<p class=\"\" style=\"text-align: center;\"><img decoding=\"async\" class=\"content-image lazyload\" data-src=\"\/wp-content\/uploads\/2020\/03\/our_process-section_1-image.jpg\" width=\"720\" height=\"770\" src=\"data:image\/svg+xml;base64,PHN2ZyB3aWR0aD0iMSIgaGVpZ2h0PSIxIiB4bWxucz0iaHR0cDovL3d3dy53My5vcmcvMjAwMC9zdmciPjwvc3ZnPg==\" style=\"--smush-placeholder-width: 720px; --smush-placeholder-aspect-ratio: 720\/770;\" \/><\/p>\n<p>[\/vc_column_text][\/vc_column_inner][vc_column_inner el_class=&#8221;columns xlarge-6 xlarge-pull-6 column-left&#8221; width=&#8221;1\/2&#8243;][vc_empty_space height=&#8221;75px&#8221; el_class=&#8221;show-for-large clear-right&#8221;][vc_empty_space height=&#8221;45px&#8221; el_class=&#8221;hide-for-large&#8221;][vc_column_text css_animation=&#8221;fadeInLeft&#8221; el_class=&#8221;column-left-content text-center xlarge-text-left extra-large-padding-right-for-xlarge float-right-for-large&#8221;]<\/p>\n<p class=\"bottom-buffer-1point5rem\"><img decoding=\"async\" class=\"alignnone size-full wp-image-98 lazyload\" data-src=\"https:\/\/liongatebuilders.com\/wp-content\/uploads\/2020\/03\/our_process-section_1-icon-defining_your_vision.png\" alt=\"\" width=\"76\" height=\"76\" src=\"data:image\/svg+xml;base64,PHN2ZyB3aWR0aD0iMSIgaGVpZ2h0PSIxIiB4bWxucz0iaHR0cDovL3d3dy53My5vcmcvMjAwMC9zdmciPjwvc3ZnPg==\" style=\"--smush-placeholder-width: 76px; --smush-placeholder-aspect-ratio: 76\/76;\" \/><\/p>\n<h1 class=\"section-heading bottom-buffer-1point5rem\">Definir su visi\u00f3n<\/h1>\n<p class=\"big bottom-buffer-1point5rem\">En Liongate Builders, su visi\u00f3n impulsa nuestro dise\u00f1o. Es por eso que la inigualable atenci\u00f3n personal que recibe de nosotros comienza con una consulta gratuita sin compromiso. Durante esa reuni\u00f3n, recopilaremos informaci\u00f3n esencial sobre su visi\u00f3n:<\/p>\n<ul class=\"big bottom-buffer-1point5rem\">\n<li style=\"text-align: left;\">\u00bfQu\u00e9 caracter\u00edsticas y servicios desea?<\/li>\n<li style=\"text-align: left;\">\u00bfCu\u00e1l es su estilo?<\/li>\n<li style=\"text-align: left;\">\u00bfQu\u00e9 ha notado que no le gusta de otras casas?<\/li>\n<li style=\"text-align: left;\">\u00bfQu\u00e9 ha notado en otras casas que le encantan?<\/li>\n<li style=\"text-align: left;\">\u00bfCon qu\u00e9 lujos ha so\u00f1ado siempre?<\/li>\n<li style=\"text-align: left;\">\u00bfQu\u00e9 obst\u00e1culos ha encontrado para construir la casa de sus sue\u00f1os que podamos eliminar por usted?<\/li>\n<\/ul>\n<p class=\"big\">Utilizaremos esa informaci\u00f3n para dar vida a su visi\u00f3n y crear un hogar que sea el reflejo perfecto de usted.<\/p>\n<p>[\/vc_column_text][vc_empty_space height=&#8221;75px&#8221; el_class=&#8221;show-for-large clear-right&#8221;][vc_empty_space height=&#8221;45px&#8221; el_class=&#8221;hide-for-large&#8221;][\/vc_column_inner][\/vc_row_inner][\/vc_column][\/vc_row][\/vc_section][vc_section el_id=&#8221;our_process-section_2&#8243;][vc_row css=&#8221;.vc_custom_1583237034442{background-color: #161616 !important;}&#8221;][vc_column][vc_row_inner equal_height=&#8221;yes&#8221; content_placement=&#8221;middle&#8221; el_class=&#8221;row expanded no-padding-vc no-padding-foundation content-width-xlarge&#8221;][vc_column_inner el_class=&#8221;columns xlarge-6 column-left&#8221; width=&#8221;1\/2&#8243;][vc_column_text css_animation=&#8221;fadeInLeft&#8221;]<\/p>\n<p class=\"\" style=\"text-align: center;\"><img decoding=\"async\" class=\"content-image lazyload\" data-src=\"\/wp-content\/uploads\/2020\/03\/our_process-section_2-image.jpg\" width=\"720\" height=\"770\" src=\"data:image\/svg+xml;base64,PHN2ZyB3aWR0aD0iMSIgaGVpZ2h0PSIxIiB4bWxucz0iaHR0cDovL3d3dy53My5vcmcvMjAwMC9zdmciPjwvc3ZnPg==\" style=\"--smush-placeholder-width: 720px; --smush-placeholder-aspect-ratio: 720\/770;\" \/><\/p>\n<p>[\/vc_column_text][\/vc_column_inner][vc_column_inner el_class=&#8221;columns xlarge-6 column-right&#8221; width=&#8221;1\/2&#8243;][vc_empty_space height=&#8221;75px&#8221; el_class=&#8221;show-for-large&#8221;][vc_empty_space height=&#8221;45px&#8221; el_class=&#8221;hide-for-large&#8221;][vc_column_text css_animation=&#8221;fadeInRight&#8221; el_class=&#8221;column-right-content text-center xlarge-text-left extra-large-padding-left-for-xlarge&#8221;]<\/p>\n<p class=\"bottom-buffer-1point5rem\"><img decoding=\"async\" class=\"alignnone size-full wp-image-100 lazyload\" data-src=\"https:\/\/liongatebuilders.com\/wp-content\/uploads\/2020\/03\/our_process-section_2-icon-design_and_planning.png\" alt=\"\" width=\"76\" height=\"76\" src=\"data:image\/svg+xml;base64,PHN2ZyB3aWR0aD0iMSIgaGVpZ2h0PSIxIiB4bWxucz0iaHR0cDovL3d3dy53My5vcmcvMjAwMC9zdmciPjwvc3ZnPg==\" style=\"--smush-placeholder-width: 76px; --smush-placeholder-aspect-ratio: 76\/76;\" \/><\/p>\n<h1 class=\"section-heading alt-white bottom-buffer-1point5rem\">Financiaci\u00f3n<\/h1>\n<p class=\"big alt-white\">El primer paso para hacer realidad su visi\u00f3n es hablar con un profesional de los pr\u00e9stamos sobre la preaprobaci\u00f3n para construir su casa. Esta persona puede sentar las bases de su presupuesto de construcci\u00f3n averiguando exactamente cu\u00e1nto puede gastar. Puede recurrir a su propio profesional de pr\u00e9stamos o podemos recomendarle personas de confianza y eficientes que pueden ayudarle. Una vez que tenga la preaprobaci\u00f3n, podr\u00e1 pasar al proceso de ver c\u00f3mo cobra vida la casa de sus sue\u00f1os.<\/p>\n<p>[\/vc_column_text][vc_empty_space height=&#8221;75px&#8221; el_class=&#8221;show-for-large&#8221;][vc_empty_space height=&#8221;45px&#8221; el_class=&#8221;hide-for-large&#8221;][\/vc_column_inner][\/vc_row_inner][\/vc_column][\/vc_row][\/vc_section][vc_section el_id=&#8221;our_process-section_3&#8243;][vc_row css=&#8221;.vc_custom_1583313213961{background-color: #f3f1ea !important;}&#8221;][vc_column][vc_row_inner equal_height=&#8221;yes&#8221; content_placement=&#8221;middle&#8221; el_class=&#8221;row expanded no-padding-vc no-padding-foundation content-width-xlarge&#8221;][vc_column_inner el_class=&#8221;columns xlarge-6 column-right xlarge-push-6&#8243; width=&#8221;1\/2&#8243;][vc_column_text css_animation=&#8221;fadeInRight&#8221;]<\/p>\n<p class=\"\" style=\"text-align: center;\"><img decoding=\"async\" class=\"content-image lazyload\" data-src=\"\/wp-content\/uploads\/2020\/03\/our_process-section_3-image.jpg\" width=\"720\" height=\"770\" src=\"data:image\/svg+xml;base64,PHN2ZyB3aWR0aD0iMSIgaGVpZ2h0PSIxIiB4bWxucz0iaHR0cDovL3d3dy53My5vcmcvMjAwMC9zdmciPjwvc3ZnPg==\" style=\"--smush-placeholder-width: 720px; --smush-placeholder-aspect-ratio: 720\/770;\" \/><\/p>\n<p>[\/vc_column_text][\/vc_column_inner][vc_column_inner el_class=&#8221;columns xlarge-6 xlarge-pull-6 column-left&#8221; width=&#8221;1\/2&#8243;][vc_empty_space height=&#8221;75px&#8221; el_class=&#8221;show-for-large clear-right&#8221;][vc_empty_space height=&#8221;45px&#8221; el_class=&#8221;hide-for-large&#8221;][vc_column_text css_animation=&#8221;fadeInLeft&#8221; el_class=&#8221;column-left-content text-center xlarge-text-left extra-large-padding-right-for-xlarge float-right-for-large&#8221;]<\/p>\n<p class=\"bottom-buffer-1point5rem\"><img decoding=\"async\" class=\"alignnone size-full wp-image-102 lazyload\" data-src=\"https:\/\/liongatebuilders.com\/wp-content\/uploads\/2020\/03\/our_process-section_3-icon-financing.png\" alt=\"\" width=\"75\" height=\"76\" src=\"data:image\/svg+xml;base64,PHN2ZyB3aWR0aD0iMSIgaGVpZ2h0PSIxIiB4bWxucz0iaHR0cDovL3d3dy53My5vcmcvMjAwMC9zdmciPjwvc3ZnPg==\" style=\"--smush-placeholder-width: 75px; --smush-placeholder-aspect-ratio: 75\/76;\" \/><\/p>\n<h1 class=\"section-heading bottom-buffer-1point5rem\">Dise\u00f1o y planificaci\u00f3n<\/h1>\n<p class=\"big bottom-buffer-1point5rem\">Una vez definida su visi\u00f3n y obtenida la preaprobaci\u00f3n de la financiaci\u00f3n, podemos ponernos a trabajar en el dise\u00f1o y la planificaci\u00f3n de su casa.<\/p>\n<p class=\"big bottom-buffer-1point5rem\">En consulta con usted, nuestros dise\u00f1adores elaborar\u00e1n un plan para la casa de lujo \u00fanica en su clase que desea y merece.<\/p>\n<p class=\"big bottom-buffer-1point5rem\">Nuestro plan incorporar\u00e1 todos sus deseos para su hogar con la innovaci\u00f3n y la atenci\u00f3n al detalle que distinguen a Liongate Builders.<\/p>\n<p class=\"big\">Al final del proceso de dise\u00f1o, ver\u00e1 c\u00f3mo la casa de sus sue\u00f1os cobra vida literalmente, ya que cada detalle refleja sus preferencias personales, su estilo y sus necesidades.<\/p>\n<p>[\/vc_column_text][vc_empty_space height=&#8221;75px&#8221; el_class=&#8221;show-for-large clear-right&#8221;][vc_empty_space height=&#8221;45px&#8221; el_class=&#8221;hide-for-large&#8221;][\/vc_column_inner][\/vc_row_inner][\/vc_column][\/vc_row][\/vc_section][vc_section el_id=&#8221;our_process-section_4&#8243;][vc_row][vc_column][vc_row_inner equal_height=&#8221;yes&#8221; content_placement=&#8221;middle&#8221; el_class=&#8221;row expanded no-padding-vc no-padding-foundation content-width-xlarge&#8221;][vc_column_inner el_class=&#8221;columns xlarge-6 column-left&#8221; width=&#8221;1\/2&#8243;][vc_column_text css_animation=&#8221;fadeInLeft&#8221;]<\/p>\n<p class=\"\" style=\"text-align: center;\"><img decoding=\"async\" class=\"content-image lazyload\" data-src=\"\/wp-content\/uploads\/2020\/03\/our_process-section_4-image.jpg\" width=\"720\" height=\"770\" src=\"data:image\/svg+xml;base64,PHN2ZyB3aWR0aD0iMSIgaGVpZ2h0PSIxIiB4bWxucz0iaHR0cDovL3d3dy53My5vcmcvMjAwMC9zdmciPjwvc3ZnPg==\" style=\"--smush-placeholder-width: 720px; --smush-placeholder-aspect-ratio: 720\/770;\" \/><\/p>\n<p>[\/vc_column_text][\/vc_column_inner][vc_column_inner el_class=&#8221;columns xlarge-6 column-right&#8221; width=&#8221;1\/2&#8243;][vc_empty_space height=&#8221;75px&#8221; el_class=&#8221;show-for-large&#8221;][vc_empty_space height=&#8221;45px&#8221; el_class=&#8221;hide-for-large&#8221;][vc_column_text css_animation=&#8221;fadeInRight&#8221; el_class=&#8221;column-right-content text-center xlarge-text-left extra-large-padding-left-for-xlarge&#8221;]<\/p>\n<p class=\"bottom-buffer-1point5rem\"><img decoding=\"async\" class=\"alignnone size-full wp-image-104 lazyload\" data-src=\"https:\/\/liongatebuilders.com\/wp-content\/uploads\/2020\/03\/our_process-section_4-icon-home_construction.png\" alt=\"\" width=\"78\" height=\"75\" src=\"data:image\/svg+xml;base64,PHN2ZyB3aWR0aD0iMSIgaGVpZ2h0PSIxIiB4bWxucz0iaHR0cDovL3d3dy53My5vcmcvMjAwMC9zdmciPjwvc3ZnPg==\" style=\"--smush-placeholder-width: 78px; --smush-placeholder-aspect-ratio: 78\/75;\" \/><\/p>\n<h1 class=\"section-heading bottom-buffer-1point5rem\">Construcci\u00f3n de viviendas<\/h1>\n<p class=\"big bottom-buffer-1point5rem\">Una vez que la planificaci\u00f3n y la financiaci\u00f3n est\u00e1n en su lugar, comenzamos la construcci\u00f3n de la casa de sus sue\u00f1os.<\/p>\n<p class=\"big bottom-buffer-1point5rem\">\u00bfQu\u00e9 puede esperar del proceso de construcci\u00f3n?<\/p>\n<ul class=\"big bottom-buffer-1point5rem\">\n<li style=\"text-align: left;\">Innovaci\u00f3n, ya que utilizamos nuestras d\u00e9cadas de experiencia para satisfacer sus necesidades exclusivas.<\/li>\n<li style=\"text-align: left;\">Calidad, ya que adoptamos las normas m\u00e1s estrictas en materiales y artesan\u00eda.<\/li>\n<li style=\"text-align: left;\">Personalizaci\u00f3n a medida que ponemos en pr\u00e1ctica su visi\u00f3n \u00fanica.<\/li>\n<li style=\"text-align: left;\">Relaci\u00f3n mientras seguimos ofreciendo una atenci\u00f3n personal inigualable y actualizaciones peri\u00f3dicas sobre el progreso de su casa.<\/li>\n<\/ul>\n<p class=\"big bottom-buffer-1point5rem\">Una vez finalizada la construcci\u00f3n, a\u00f1adimos los toques finales de lujo y personalizaci\u00f3n.<\/p>\n<p class=\"big\">Compromiso con su visi\u00f3n. Atenci\u00f3n a los detalles. Artesan\u00eda de alta calidad. Preciosos acabados. Todos ellos se unen para hacer realidad sus sue\u00f1os de construir una casa.<\/p>\n<p>[\/vc_column_text][vc_empty_space height=&#8221;75px&#8221; el_class=&#8221;show-for-large&#8221;][vc_empty_space height=&#8221;45px&#8221; el_class=&#8221;hide-for-large&#8221;][\/vc_column_inner][\/vc_row_inner][\/vc_column][\/vc_row][\/vc_section]<\/p>\n<\/div>","protected":false},"excerpt":{"rendered":"<p>[vc_section el_id=&#8221;page_header&#8221;][vc_row css=&#8221;.vc_custom_1583311737715{background: #161616 url(https:\/\/liongatebuilders.com\/wp-content\/uploads\/2020\/03\/page_header-bg.jpg?id=79) !important;background-position: center !important;background-repeat: no-repeat !important;background-size: cover !important;}&#8221;][vc_column][vc_empty_space height=&#8221;75px&#8221; el_class=&#8221;show-for-large&#8221;][vc_empty_space height=&#8221;45px&#8221; el_class=&#8221;hide-for-large&#8221;][vc_row_inner el_class=&#8221;row no-padding-vc&#8221;][vc_column_inner][vc_column_text] Nuestro proceso [\/vc_column_text][\/vc_column_inner][\/vc_row_inner][vc_empty_space height=&#8221;75px&#8221; el_class=&#8221;show-for-large&#8221;][vc_empty_space height=&#8221;45px&#8221; el_class=&#8221;hide-for-large&#8221;][\/vc_column][\/vc_row][\/vc_section][vc_section el_id=&#8221;our_process-section_1&#8243;][vc_row][vc_column][vc_row_inner equal_height=&#8221;yes&#8221; content_placement=&#8221;middle&#8221; el_class=&#8221;row expanded no-padding-vc no-padding-foundation content-width-xlarge&#8221;][vc_column_inner el_class=&#8221;columns xlarge-6 column-right xlarge-push-6&#8243; width=&#8221;1\/2&#8243;][vc_column_text css_animation=&#8221;fadeInRight&#8221;] [\/vc_column_text][\/vc_column_inner][vc_column_inner el_class=&#8221;columns xlarge-6 xlarge-pull-6 column-left&#8221; width=&#8221;1\/2&#8243;][vc_empty_space height=&#8221;75px&#8221; el_class=&#8221;show-for-large clear-right&#8221;][vc_empty_space height=&#8221;45px&#8221; el_class=&#8221;hide-for-large&#8221;][vc_column_text css_animation=&#8221;fadeInLeft&#8221; el_class=&#8221;column-left-content text-center xlarge-text-left extra-large-padding-right-for-xlarge<a class=\"excerpt-read-more\" href=\"https:\/\/liongatebuilders.com\/es\/proceso\/\" title=\"ReadProceso\">&#8230; Read more &raquo;<\/a><\/p>\n","protected":false},"author":1,"featured_media":3025,"parent":0,"menu_order":0,"comment_status":"closed","ping_status":"closed","template":"template-visual-builder.php","meta":{"_acf_changed":false,"_seopress_robots_primary_cat":"","_seopress_titles_title":"Proceso de Construcci\u00f3n  %%sep%% %%sitetitle%%","_seopress_titles_desc":"La inigualable atenci\u00f3n personal que recibe de nosotros comienza con una consulta gratuita y sin compromiso. Eso nos ayuda a hacer realidad su visi\u00f3n.","_seopress_robots_index":"","footnotes":""},"class_list":["post-1293","page","type-page","status-publish","has-post-thumbnail","hentry"],"acf":[],"_links":{"self":[{"href":"https:\/\/liongatebuilders.com\/es\/wp-json\/wp\/v2\/pages\/1293","targetHints":{"allow":["GET"]}}],"collection":[{"href":"https:\/\/liongatebuilders.com\/es\/wp-json\/wp\/v2\/pages"}],"about":[{"href":"https:\/\/liongatebuilders.com\/es\/wp-json\/wp\/v2\/types\/page"}],"author":[{"embeddable":true,"href":"https:\/\/liongatebuilders.com\/es\/wp-json\/wp\/v2\/users\/1"}],"replies":[{"embeddable":true,"href":"https:\/\/liongatebuilders.com\/es\/wp-json\/wp\/v2\/comments?post=1293"}],"version-history":[{"count":7,"href":"https:\/\/liongatebuilders.com\/es\/wp-json\/wp\/v2\/pages\/1293\/revisions"}],"predecessor-version":[{"id":1398,"href":"https:\/\/liongatebuilders.com\/es\/wp-json\/wp\/v2\/pages\/1293\/revisions\/1398"}],"wp:featuredmedia":[{"embeddable":true,"href":"https:\/\/liongatebuilders.com\/es\/wp-json\/wp\/v2\/media\/3025"}],"wp:attachment":[{"href":"https:\/\/liongatebuilders.com\/es\/wp-json\/wp\/v2\/media?parent=1293"}],"curies":[{"name":"wp","href":"https:\/\/api.w.org\/{rel}","templated":true}]}}