{"id":1299,"date":"2020-03-04T08:44:39","date_gmt":"2020-03-04T08:44:39","guid":{"rendered":"https:\/\/liongatebuilders.com\/acerca-de\/"},"modified":"2023-12-21T16:58:08","modified_gmt":"2023-12-21T16:58:08","slug":"nosotros","status":"publish","type":"page","link":"https:\/\/liongatebuilders.com\/es\/nosotros\/","title":{"rendered":"Nosotros"},"content":{"rendered":"<div class=\"wpb-content-wrapper\"><p>[vc_section el_id=&#8221;page_header&#8221;][vc_row css=&#8221;.vc_custom_1583311737715{background: #161616 url(https:\/\/liongatebuilders.com\/wp-content\/uploads\/2020\/03\/page_header-bg.jpg?id=79) !important;background-position: center !important;background-repeat: no-repeat !important;background-size: cover !important;}&#8221;][vc_column][vc_empty_space height=&#8221;75px&#8221; el_class=&#8221;show-for-large&#8221;][vc_empty_space height=&#8221;45px&#8221; el_class=&#8221;hide-for-large&#8221;][vc_row_inner el_class=&#8221;row no-padding-vc&#8221;][vc_column_inner][vc_column_text]<\/p>\n<h1 class=\"page-heading alt-white\" style=\"text-align: center;\">Construyendo Relaciones, Casa a Casa<\/h1>\n<p>[\/vc_column_text][\/vc_column_inner][\/vc_row_inner][vc_empty_space height=&#8221;75px&#8221; el_class=&#8221;show-for-large&#8221;][vc_empty_space height=&#8221;45px&#8221; el_class=&#8221;hide-for-large&#8221;][\/vc_column][\/vc_row][\/vc_section][vc_section el_id=&#8221;about-section_1&#8243;][vc_row][vc_column][vc_empty_space height=&#8221;120px&#8221; el_class=&#8221;show-for-xlarge&#8221;][vc_empty_space height=&#8221;75px&#8221; el_class=&#8221;show-for-large-only&#8221;][vc_empty_space height=&#8221;45px&#8221; el_class=&#8221;hide-for-large&#8221;][vc_row_inner el_class=&#8221;row no-padding-vc&#8221;][vc_column_inner][vc_column_text]<\/p>\n<h1 class=\"section-heading bottom-buffer-1point5rem\" style=\"text-align: center;\">Creamos hogares extraordinarios para vidas extraordinarias<\/h1>\n<p class=\"big remove-br bottom-buffer-1point5rem\" style=\"text-align: center;\">En Liongate Builders, nunca construimos la misma casa dos veces. Esto se debe a que damos prioridad al cliente y a sus sue\u00f1os de construir una casa.<br \/>\nCon las relaciones en el centro de nuestra visi\u00f3n, entregamos casas de lujo personalizadas adaptadas espec\u00edficamente a las necesidades de cada uno de nuestros clientes.<\/p>\n<p class=\"big remove-br\" style=\"text-align: center;\">\u00bfQu\u00e9 puede esperar cuando utiliza Liongate Builders? Innovador, personalizado, de alta calidad y magn\u00edfico<br \/>\nhogares que sean el reflejo perfecto de ti.<\/p>\n<p>[\/vc_column_text][\/vc_column_inner][\/vc_row_inner][vc_empty_space height=&#8221;90px&#8221; el_class=&#8221;show-for-xlarge&#8221;][vc_empty_space height=&#8221;60px&#8221; el_class=&#8221;show-for-large-only&#8221;][vc_empty_space height=&#8221;30px&#8221; el_class=&#8221;hide-for-large&#8221;][vc_row_inner el_class=&#8221;row no-padding-vc codesm-equalize-content&#8221;][vc_column_inner el_class=&#8221;columns xlarge-3 large-6&#8243; width=&#8221;1\/4&#8243;][vc_column_text css_animation=&#8221;fadeInUp&#8221; el_class=&#8221;about-section_1-content bordered-box bordered-box-bg-left&#8221;]<\/p>\n<div class=\"\" data-equalizer-watch=\"\">\n<p class=\"bottom-buffer-1point5rem\" style=\"text-align: center; min-height: 52px;\"><img decoding=\"async\" class=\"alignnone size-full wp-image-83 lazyload\" data-src=\"https:\/\/liongatebuilders.com\/wp-content\/uploads\/2020\/03\/about-section_1-icon_1-innovation.png\" alt=\"\" width=\"59\" height=\"56\" src=\"data:image\/svg+xml;base64,PHN2ZyB3aWR0aD0iMSIgaGVpZ2h0PSIxIiB4bWxucz0iaHR0cDovL3d3dy53My5vcmcvMjAwMC9zdmciPjwvc3ZnPg==\" style=\"--smush-placeholder-width: 59px; --smush-placeholder-aspect-ratio: 59\/56;\" \/><\/p>\n<h2 class=\"bottom-buffer-1point5rem\" style=\"text-align: center;\">Innovaci\u00f3n<\/h2>\n<p class=\"big\" style=\"text-align: center;\">Aqu\u00ed, en Liongate Builders, damos vida a la casa de sus sue\u00f1os con construcciones personalizadas y dise\u00f1os innovadores. Ning\u00fan sue\u00f1o es demasiado grande. Ning\u00fan detalle es demasiado peque\u00f1o. T\u00fa aportas tu visi\u00f3n. Le escucharemos. Innovaremos y haremos realidad esa visi\u00f3n.<\/p>\n<\/div>\n<p>[\/vc_column_text][vc_empty_space height=&#8221;30px&#8221; el_class=&#8221;hide-for-large&#8221;][\/vc_column_inner][vc_column_inner el_class=&#8221;columns xlarge-3 large-6&#8243; width=&#8221;1\/4&#8243;][vc_column_text css_animation=&#8221;fadeInUp&#8221; el_class=&#8221;about-section_1-content bordered-box bordered-box-bg-right&#8221;]<\/p>\n<div class=\"\" data-equalizer-watch=\"\">\n<p class=\"bottom-buffer-1point5rem\" style=\"text-align: center; min-height: 52px;\"><img decoding=\"async\" class=\"alignnone size-full wp-image-84 lazyload\" data-src=\"https:\/\/liongatebuilders.com\/wp-content\/uploads\/2020\/03\/about-section_1-icon_2-relationships.png\" alt=\"\" width=\"54\" height=\"52\" src=\"data:image\/svg+xml;base64,PHN2ZyB3aWR0aD0iMSIgaGVpZ2h0PSIxIiB4bWxucz0iaHR0cDovL3d3dy53My5vcmcvMjAwMC9zdmciPjwvc3ZnPg==\" style=\"--smush-placeholder-width: 54px; --smush-placeholder-aspect-ratio: 54\/52;\" \/><\/p>\n<h2 class=\"bottom-buffer-1point5rem\" style=\"text-align: center;\">Relaciones<\/h2>\n<p class=\"big\" style=\"text-align: center;\">Disfrute de una atenci\u00f3n personal inigualable a lo largo de la construcci\u00f3n de su casa con Liongate Builders. Escuchamos, entendemos y cumplimos sus sue\u00f1os de construir una casa. Deje que su sue\u00f1o se convierta en nuestro sue\u00f1o mientras creamos un hogar que sea el reflejo perfecto de usted.<\/p>\n<\/div>\n<p>[\/vc_column_text][vc_empty_space height=&#8221;30px&#8221; el_class=&#8221;hide-for-xlarge&#8221;][\/vc_column_inner][vc_column_inner el_class=&#8221;columns xlarge-3 large-6&#8243; width=&#8221;1\/4&#8243;][vc_column_text css_animation=&#8221;fadeInUp&#8221; el_class=&#8221;about-section_1-content bordered-box bordered-box-bg-left&#8221;]<\/p>\n<div class=\"\" data-equalizer-watch=\"\">\n<p class=\"bottom-buffer-1point5rem\" style=\"text-align: center; min-height: 52px;\"><img decoding=\"async\" class=\"alignnone size-full wp-image-85 lazyload\" data-src=\"https:\/\/liongatebuilders.com\/wp-content\/uploads\/2020\/03\/about-section_1-icon_3-quality.png\" alt=\"\" height=\"52\" src=\"data:image\/svg+xml;base64,PHN2ZyB3aWR0aD0iMSIgaGVpZ2h0PSIxIiB4bWxucz0iaHR0cDovL3d3dy53My5vcmcvMjAwMC9zdmciPjwvc3ZnPg==\" style=\"--smush-placeholder-width: 51px; --smush-placeholder-aspect-ratio: 51\/56;\" \/><\/p>\n<h2 class=\"bottom-buffer-1point5rem\" style=\"text-align: center;\">Calidad<\/h2>\n<p class=\"big\" style=\"text-align: center;\">Es el resultado de un alto nivel de exigencia en los materiales, la atenci\u00f3n al detalle y una artesan\u00eda superior para crear un hogar que durar\u00e1 toda la vida. La calidad superior de su hogar nunca es un accidente. Es el resultado de un alto nivel de exigencia en los materiales, la atenci\u00f3n al detalle y una artesan\u00eda superior para crear un hogar que durar\u00e1 toda la vida.<\/p>\n<\/div>\n<p>[\/vc_column_text][vc_empty_space height=&#8221;30px&#8221; el_class=&#8221;hide-for-large&#8221;][\/vc_column_inner][vc_column_inner el_class=&#8221;columns xlarge-3 large-6&#8243; width=&#8221;1\/4&#8243;][vc_column_text css_animation=&#8221;fadeInUp&#8221; el_class=&#8221;about-section_1-content bordered-box bordered-box-bg-right&#8221;]<\/p>\n<div class=\"\" data-equalizer-watch=\"\">\n<p class=\"bottom-buffer-1point5rem\" style=\"text-align: center; min-height: 52px;\"><img decoding=\"async\" class=\"alignnone size-full wp-image-86 lazyload\" data-src=\"https:\/\/liongatebuilders.com\/wp-content\/uploads\/2020\/03\/about-section_1-icon_4-customization.png\" alt=\"\" height=\"52\" src=\"data:image\/svg+xml;base64,PHN2ZyB3aWR0aD0iMSIgaGVpZ2h0PSIxIiB4bWxucz0iaHR0cDovL3d3dy53My5vcmcvMjAwMC9zdmciPjwvc3ZnPg==\" style=\"--smush-placeholder-width: 51px; --smush-placeholder-aspect-ratio: 51\/53;\" \/><\/p>\n<h2 class=\"bottom-buffer-1point5rem\" style=\"text-align: center;\">Personalizaci\u00f3n<\/h2>\n<p class=\"big\" style=\"text-align: center;\">Disfrute de una casa que encarna su visi\u00f3n \u00fanica. Aqu\u00ed en Liongate Builders, personalizamos cada detalle de su casa con sus preferencias y necesidades en mente. El resultado es una lujosa casa de ensue\u00f1o que es exclusivamente suya.<\/p>\n<\/div>\n<p>[\/vc_column_text][\/vc_column_inner][\/vc_row_inner][vc_empty_space height=&#8221;120px&#8221; el_class=&#8221;show-for-xlarge&#8221;][vc_empty_space height=&#8221;75px&#8221; el_class=&#8221;show-for-large-only&#8221;][vc_empty_space height=&#8221;45px&#8221; el_class=&#8221;hide-for-large&#8221;][\/vc_column][\/vc_row][\/vc_section][vc_section el_id=&#8221;about-section_2&#8243;][vc_row css=&#8221;.vc_custom_1583237034442{background-color: #161616 !important;}&#8221;][vc_column][vc_row_inner equal_height=&#8221;yes&#8221; content_placement=&#8221;middle&#8221; el_class=&#8221;row expanded no-padding-vc no-padding-foundation content-width-xlarge&#8221;][vc_column_inner el_class=&#8221;columns xlarge-6 column-left&#8221; width=&#8221;1\/2&#8243;][vc_column_text css_animation=&#8221;fadeInLeft&#8221; el_class=&#8221;hide&#8221;]<\/p>\n<p class=\"\" style=\"text-align: center;\"><img decoding=\"async\" class=\"content-image lazyload\" data-src=\"http:\/\/liongatebuilders.com\/wp-content\/uploads\/2020\/10\/home-section_2-image-with-brothers.jpg\" src=\"data:image\/svg+xml;base64,PHN2ZyB3aWR0aD0iMSIgaGVpZ2h0PSIxIiB4bWxucz0iaHR0cDovL3d3dy53My5vcmcvMjAwMC9zdmciPjwvc3ZnPg==\" \/><\/p>\n<p>[\/vc_column_text][vc_column_text css_animation=&#8221;fadeInLeft&#8221;]<img decoding=\"async\" class=\"content-image lazyload\" data-src=\"http:\/\/liongatebuilders.com\/wp-content\/uploads\/2020\/04\/home-section_2-image-with-brothers.jpg\" src=\"data:image\/svg+xml;base64,PHN2ZyB3aWR0aD0iMSIgaGVpZ2h0PSIxIiB4bWxucz0iaHR0cDovL3d3dy53My5vcmcvMjAwMC9zdmciPjwvc3ZnPg==\" \/>[\/vc_column_text][\/vc_column_inner][vc_column_inner el_class=&#8221;columns xlarge-6 column-right&#8221; width=&#8221;1\/2&#8243;][vc_empty_space height=&#8221;75px&#8221; el_class=&#8221;show-for-large&#8221;][vc_empty_space height=&#8221;45px&#8221; el_class=&#8221;hide-for-large&#8221;][vc_column_text css_animation=&#8221;fadeInRight&#8221; el_class=&#8221;column-right-content text-center xlarge-text-left extra-large-padding-left-for-xlarge&#8221;]<\/p>\n<h1 class=\"section-heading alt-white bottom-buffer-1point5rem\">Convertimos su sue\u00f1o en un hogar<\/h1>\n<p class=\"big alt-white bottom-buffer-1point5rem\">Durante d\u00e9cadas, hemos construido casas de lujo desde cero en algunas de las comunidades m\u00e1s habitables del Valle del R\u00edo Grande. \u00bfCu\u00e1l es nuestro secreto? Nos centramos en el valor de las relaciones con los clientes.<\/p>\n<p class=\"big alt-white bottom-buffer-1point5rem\">Trabajamos estrechamente con cada cliente para escuchar, entender y cumplir sus sue\u00f1os de construcci\u00f3n de viviendas con un hogar que es el reflejo perfecto de ellos.<\/p>\n<p class=\"big alt-white\">El compromiso con la innovaci\u00f3n y la dedicaci\u00f3n a la calidad nos permiten crear hogares personalizados, duraderos y magn\u00edficos que cumplen todas las expectativas de nuestros clientes para su casa de lujo.<\/p>\n<p>[\/vc_column_text][vc_empty_space height=&#8221;75px&#8221; el_class=&#8221;show-for-large&#8221;][vc_empty_space height=&#8221;45px&#8221; el_class=&#8221;hide-for-large&#8221;][\/vc_column_inner][\/vc_row_inner][\/vc_column][\/vc_row][\/vc_section][vc_section el_id=&#8221;about-section_3&#8243;][vc_row css=&#8221;.vc_custom_1583313213961{background-color: #f3f1ea !important;}&#8221;][vc_column][vc_row_inner equal_height=&#8221;yes&#8221; content_placement=&#8221;middle&#8221; el_class=&#8221;row expanded no-padding-vc no-padding-foundation content-width-xlarge&#8221;][vc_column_inner el_class=&#8221;columns xlarge-6 column-right xlarge-push-6&#8243; width=&#8221;1\/2&#8243;][vc_column_text css_animation=&#8221;fadeInRight&#8221;]<\/p>\n<p class=\"\" style=\"text-align: center;\"><img decoding=\"async\" class=\"content-image lazyload\" data-src=\"http:\/\/liongatebuilders.com\/wp-content\/uploads\/2020\/10\/about-section_2-image.jpg\" src=\"data:image\/svg+xml;base64,PHN2ZyB3aWR0aD0iMSIgaGVpZ2h0PSIxIiB4bWxucz0iaHR0cDovL3d3dy53My5vcmcvMjAwMC9zdmciPjwvc3ZnPg==\" \/><\/p>\n<p>[\/vc_column_text][\/vc_column_inner][vc_column_inner el_class=&#8221;columns xlarge-6 xlarge-pull-6 column-left&#8221; width=&#8221;1\/2&#8243;][vc_empty_space height=&#8221;75px&#8221; el_class=&#8221;show-for-large clear-right&#8221;][vc_empty_space height=&#8221;45px&#8221; el_class=&#8221;hide-for-large&#8221;][vc_column_text css_animation=&#8221;fadeInLeft&#8221; el_class=&#8221;column-left-content text-center xlarge-text-left extra-large-padding-right-for-xlarge float-right-for-large&#8221;]<\/p>\n<h1 class=\"section-heading bottom-buffer-1point5rem\">Nuestra visi\u00f3n<\/h1>\n<p class=\"big\">En Liongate Builders, nos centramos en lo que m\u00e1s le importa. Su visi\u00f3n impulsa la construcci\u00f3n de su casa. Sus necesidades determinan la personalizaci\u00f3n de su casa. Tus gustos gu\u00edan su estilo. Nuestra relaci\u00f3n con usted nos permite utilizar nuestras d\u00e9cadas de experiencia e innovaci\u00f3n para crear un hogar que sea el reflejo perfecto de usted.<\/p>\n<p>[\/vc_column_text][vc_empty_space height=&#8221;75px&#8221; el_class=&#8221;show-for-large clear-right&#8221;][vc_empty_space height=&#8221;45px&#8221; el_class=&#8221;hide-for-large&#8221;][\/vc_column_inner][\/vc_row_inner][\/vc_column][\/vc_row][\/vc_section]<\/p>\n<\/div>","protected":false},"excerpt":{"rendered":"<p>[vc_section el_id=&#8221;page_header&#8221;][vc_row css=&#8221;.vc_custom_1583311737715{background: #161616 url(https:\/\/liongatebuilders.com\/wp-content\/uploads\/2020\/03\/page_header-bg.jpg?id=79) !important;background-position: center !important;background-repeat: no-repeat !important;background-size: cover !important;}&#8221;][vc_column][vc_empty_space height=&#8221;75px&#8221; el_class=&#8221;show-for-large&#8221;][vc_empty_space height=&#8221;45px&#8221; el_class=&#8221;hide-for-large&#8221;][vc_row_inner el_class=&#8221;row no-padding-vc&#8221;][vc_column_inner][vc_column_text] Construyendo Relaciones, Casa a Casa [\/vc_column_text][\/vc_column_inner][\/vc_row_inner][vc_empty_space height=&#8221;75px&#8221; el_class=&#8221;show-for-large&#8221;][vc_empty_space height=&#8221;45px&#8221; el_class=&#8221;hide-for-large&#8221;][\/vc_column][\/vc_row][\/vc_section][vc_section el_id=&#8221;about-section_1&#8243;][vc_row][vc_column][vc_empty_space height=&#8221;120px&#8221; el_class=&#8221;show-for-xlarge&#8221;][vc_empty_space height=&#8221;75px&#8221; el_class=&#8221;show-for-large-only&#8221;][vc_empty_space height=&#8221;45px&#8221; el_class=&#8221;hide-for-large&#8221;][vc_row_inner el_class=&#8221;row no-padding-vc&#8221;][vc_column_inner][vc_column_text] Creamos hogares extraordinarios para vidas extraordinarias En Liongate Builders, nunca construimos la misma casa dos veces. Esto se<a class=\"excerpt-read-more\" href=\"https:\/\/liongatebuilders.com\/es\/nosotros\/\" title=\"ReadNosotros\">&#8230; Read more &raquo;<\/a><\/p>\n","protected":false},"author":1,"featured_media":1156,"parent":0,"menu_order":0,"comment_status":"closed","ping_status":"closed","template":"template-visual-builder.php","meta":{"_acf_changed":false,"_seopress_robots_primary_cat":"","_seopress_titles_title":"Nosotros %%sep%% %%sitetitle%%","_seopress_titles_desc":"\u00bfQu\u00e9 puede esperar cuando utiliza Liongate Builders? Viviendas innovadoras, personalizadas, de alta calidad y magn\u00edficas que son el reflejo perfecto de usted.","_seopress_robots_index":"","footnotes":""},"class_list":["post-1299","page","type-page","status-publish","has-post-thumbnail","hentry"],"acf":[],"_links":{"self":[{"href":"https:\/\/liongatebuilders.com\/es\/wp-json\/wp\/v2\/pages\/1299","targetHints":{"allow":["GET"]}}],"collection":[{"href":"https:\/\/liongatebuilders.com\/es\/wp-json\/wp\/v2\/pages"}],"about":[{"href":"https:\/\/liongatebuilders.com\/es\/wp-json\/wp\/v2\/types\/page"}],"author":[{"embeddable":true,"href":"https:\/\/liongatebuilders.com\/es\/wp-json\/wp\/v2\/users\/1"}],"replies":[{"embeddable":true,"href":"https:\/\/liongatebuilders.com\/es\/wp-json\/wp\/v2\/comments?post=1299"}],"version-history":[{"count":11,"href":"https:\/\/liongatebuilders.com\/es\/wp-json\/wp\/v2\/pages\/1299\/revisions"}],"predecessor-version":[{"id":1400,"href":"https:\/\/liongatebuilders.com\/es\/wp-json\/wp\/v2\/pages\/1299\/revisions\/1400"}],"wp:featuredmedia":[{"embeddable":true,"href":"https:\/\/liongatebuilders.com\/es\/wp-json\/wp\/v2\/media\/1156"}],"wp:attachment":[{"href":"https:\/\/liongatebuilders.com\/es\/wp-json\/wp\/v2\/media?parent=1299"}],"curies":[{"name":"wp","href":"https:\/\/api.w.org\/{rel}","templated":true}]}}