{"id":1300,"date":"2022-08-25T16:58:49","date_gmt":"2022-08-25T16:58:49","guid":{"rendered":"https:\/\/liongatebuilders.com\/servicios-adicionales\/"},"modified":"2025-07-25T16:04:02","modified_gmt":"2025-07-25T16:04:02","slug":"comercial","status":"publish","type":"page","link":"https:\/\/liongatebuilders.com\/es\/comercial\/","title":{"rendered":"Comercial"},"content":{"rendered":"<div class=\"wpb-content-wrapper\"><p>[vc_section el_id=&#8221;page_header&#8221;][vc_row css=&#8221;.vc_custom_1583311737715{background: #161616 url(https:\/\/liongatebuilders.com\/wp-content\/uploads\/2020\/03\/page_header-bg.jpg?id=79) !important;background-position: center !important;background-repeat: no-repeat !important;background-size: cover !important;}&#8221;][vc_column][vc_empty_space height=&#8221;75px&#8221; el_class=&#8221;show-for-large&#8221;][vc_empty_space height=&#8221;45px&#8221; el_class=&#8221;hide-for-large&#8221;][vc_row_inner el_class=&#8221;row no-padding-vc&#8221;][vc_column_inner][vc_column_text]<\/p>\n<h1 class=\"page-heading alt-white\" style=\"text-align: center;\">Construcci\u00f3n Comercial<\/h1>\n<p>[\/vc_column_text][\/vc_column_inner][\/vc_row_inner][vc_empty_space height=&#8221;75px&#8221; el_class=&#8221;show-for-large&#8221;][vc_empty_space height=&#8221;45px&#8221; el_class=&#8221;hide-for-large&#8221;][\/vc_column][\/vc_row][vc_row][vc_column][vc_row_inner][vc_column_inner][\/vc_column_inner][\/vc_row_inner][\/vc_column][\/vc_row][\/vc_section][vc_section el_id=&#8221;additional-services-section_1&#8243;][vc_row css=&#8221;.vc_custom_1661448700575{border-top-width: 2px !important;border-bottom-width: 2px !important;border-top-color: #dd9712 !important;border-top-style: solid !important;border-bottom-color: #dd9712 !important;border-bottom-style: solid !important;}&#8221;][vc_column][vc_row_inner equal_height=&#8221;yes&#8221; content_placement=&#8221;middle&#8221; el_class=&#8221;row expanded no-padding-vc no-padding-foundation content-width-xlarge&#8221;][vc_column_inner el_class=&#8221;columns large-8 large-offset-2&#8243;][vc_empty_space height=&#8221;75px&#8221; el_class=&#8221;show-for-large clear-right&#8221;][vc_empty_space height=&#8221;45px&#8221; el_class=&#8221;hide-for-large&#8221;][vc_column_text css_animation=&#8221;none&#8221; el_class=&#8221;text-center&#8221;]<\/p>\n<h1 class=\"section-heading bottom-buffer-1point5rem\">Soluciones integrales de construcci\u00f3n<\/h1>\n<p class=\"big bottom-buffer-1point5rem\">Estamos orgullosos de ofrecer soluciones de construcci\u00f3n para cada necesidad de proyecto, desde el desmonte de terrenos hasta la personalizaci\u00f3n de espacios comerciales. Nuestra experiencia y compromiso con usted le garantizan la realizaci\u00f3n eficaz y profesional de todos los objetivos de su proyecto. Tanto si elige Liongate para un \u00fanico aspecto de su proyecto como si nos utiliza durante todo el proceso, unos servicios extraordinarios crean una experiencia extraordinaria para el cliente.<\/p>\n<p>[\/vc_column_text][vc_empty_space height=&#8221;75px&#8221; el_class=&#8221;show-for-large clear-right&#8221;][vc_empty_space height=&#8221;45px&#8221; el_class=&#8221;hide-for-large&#8221;][\/vc_column_inner][\/vc_row_inner][\/vc_column][\/vc_row][\/vc_section][vc_section el_id=&#8221;additional-services-section_2&#8243;][vc_row css=&#8221;.vc_custom_1661446877642{background-color: #161616 !important;}&#8221;][vc_column][vc_row_inner equal_height=&#8221;yes&#8221; content_placement=&#8221;middle&#8221; el_class=&#8221;row expanded no-padding-vc no-padding-foundation content-width-xlarge&#8221;][vc_column_inner el_class=&#8221;columns xlarge-6 column-right xlarge-push-6&#8243; width=&#8221;1\/2&#8243;][vc_column_text css_animation=&#8221;fadeInRight&#8221;]<\/p>\n<p class=\"\" style=\"text-align: center;\"><img decoding=\"async\" class=\"alignnone size-full wp-image-607 content-image lazyload\" data-src=\"http:\/\/liongatebuilders.com\/wp-content\/uploads\/2022\/08\/additional-services-section_2-img_1.jpg\" alt=\"\" width=\"962\" height=\"847\" data-srcset=\"https:\/\/liongatebuilders.com\/wp-content\/uploads\/2022\/08\/additional-services-section_2-img_1.jpg 962w, https:\/\/liongatebuilders.com\/wp-content\/uploads\/2022\/08\/additional-services-section_2-img_1-300x264.jpg 300w, https:\/\/liongatebuilders.com\/wp-content\/uploads\/2022\/08\/additional-services-section_2-img_1-768x676.jpg 768w, https:\/\/liongatebuilders.com\/wp-content\/uploads\/2022\/08\/additional-services-section_2-img_1-909x800.jpg 909w, https:\/\/liongatebuilders.com\/wp-content\/uploads\/2022\/08\/additional-services-section_2-img_1-500x440.jpg 500w\" data-sizes=\"(max-width: 962px) 100vw, 962px\" src=\"data:image\/svg+xml;base64,PHN2ZyB3aWR0aD0iMSIgaGVpZ2h0PSIxIiB4bWxucz0iaHR0cDovL3d3dy53My5vcmcvMjAwMC9zdmciPjwvc3ZnPg==\" style=\"--smush-placeholder-width: 962px; --smush-placeholder-aspect-ratio: 962\/847;\" \/><\/p>\n<p>[\/vc_column_text][\/vc_column_inner][vc_column_inner el_class=&#8221;columns xlarge-6 xlarge-pull-6 column-left&#8221; width=&#8221;1\/2&#8243;][vc_empty_space height=&#8221;75px&#8221; el_class=&#8221;show-for-large clear-right&#8221;][vc_empty_space height=&#8221;45px&#8221; el_class=&#8221;hide-for-large&#8221;][vc_column_text css_animation=&#8221;fadeInLeft&#8221; el_class=&#8221;column-left-content text-center xlarge-text-left extra-large-padding-right-for-xlarge float-right-for-large&#8221;]<\/p>\n<h1 class=\"section-heading alt-white bottom-buffer-1point5rem\">Acabados comerciales<\/h1>\n<p class=\"big bottom-buffer-1point5rem alt-white\">Elaboramos acabados bellos y de alta calidad para todo tipo de espacios comerciales y de alquiler. Centr\u00e1ndonos en adaptar el espacio a las necesidades de la empresa, creamos soluciones innovadoras y dise\u00f1os excepcionales que se ajustan al uso previsto del espacio y dan buena imagen de nuestro cliente.<\/p>\n<ul class=\"big bottom-buffer-1point5rem alt-white\">\n<li style=\"text-align: left;\">Remodelaci\u00f3n de oficinas<\/li>\n<li style=\"text-align: left;\">Personalizaci\u00f3n de restaurantes<\/li>\n<li style=\"text-align: left;\">Venta al por menor<\/li>\n<li style=\"text-align: left;\">Construcci\u00f3n interior<\/li>\n<li style=\"text-align: left;\">Accesorios<\/li>\n<li style=\"text-align: left;\">Pintura<\/li>\n<li style=\"text-align: left;\">Acabados<\/li>\n<li style=\"text-align: left;\">Y mucho m\u00e1s<\/li>\n<\/ul>\n<p class=\"big alt-white\">Elija Liongate para los proyectos de acabado que necesita para crear un espacio bello, personalizado y utilizable para sus necesidades comerciales.<\/p>\n<p><a class=\"button button-gradient uc no-margin-bottom\" href=\"https:\/\/liongatebuilders.com\/es\/comercial\/acabados-comerciales\/\">Servicio de acabados<\/a>[\/vc_column_text][vc_empty_space height=&#8221;75px&#8221; el_class=&#8221;show-for-large clear-right&#8221;][vc_empty_space height=&#8221;45px&#8221; el_class=&#8221;hide-for-large&#8221;][\/vc_column_inner][\/vc_row_inner][\/vc_column][\/vc_row][\/vc_section][vc_section el_id=&#8221;additional-services-section_3&#8243;][vc_row css=&#8221;.vc_custom_1583237034442{background-color: #161616 !important;}&#8221;][vc_column][vc_row_inner equal_height=&#8221;yes&#8221; content_placement=&#8221;middle&#8221; el_class=&#8221;row expanded no-padding-vc no-padding-foundation content-width-xlarge&#8221;][vc_column_inner el_class=&#8221;columns xlarge-6 column-left&#8221; width=&#8221;1\/2&#8243;][vc_column_text css_animation=&#8221;fadeInLeft&#8221;]<\/p>\n<p class=\"\" style=\"text-align: center;\"><img decoding=\"async\" class=\"content-image alignnone wp-image-2020 size-full lazyload\" data-src=\"http:\/\/liongatebuilders.com\/wp-content\/uploads\/2024\/03\/additional-services-section_3-img_1-min.jpg\" alt=\"Commercial\" width=\"962\" height=\"848\" data-srcset=\"https:\/\/liongatebuilders.com\/wp-content\/uploads\/2024\/03\/additional-services-section_3-img_1-min.jpg 962w, https:\/\/liongatebuilders.com\/wp-content\/uploads\/2024\/03\/additional-services-section_3-img_1-min-300x264.jpg 300w, https:\/\/liongatebuilders.com\/wp-content\/uploads\/2024\/03\/additional-services-section_3-img_1-min-768x677.jpg 768w, https:\/\/liongatebuilders.com\/wp-content\/uploads\/2024\/03\/additional-services-section_3-img_1-min-908x800.jpg 908w, https:\/\/liongatebuilders.com\/wp-content\/uploads\/2024\/03\/additional-services-section_3-img_1-min-500x441.jpg 500w\" data-sizes=\"(max-width: 962px) 100vw, 962px\" src=\"data:image\/svg+xml;base64,PHN2ZyB3aWR0aD0iMSIgaGVpZ2h0PSIxIiB4bWxucz0iaHR0cDovL3d3dy53My5vcmcvMjAwMC9zdmciPjwvc3ZnPg==\" style=\"--smush-placeholder-width: 962px; --smush-placeholder-aspect-ratio: 962\/848;\" \/><\/p>\n<p>[\/vc_column_text][\/vc_column_inner][vc_column_inner el_class=&#8221;columns xlarge-6 column-right&#8221; width=&#8221;1\/2&#8243;][vc_empty_space height=&#8221;75px&#8221; el_class=&#8221;show-for-large&#8221;][vc_empty_space height=&#8221;45px&#8221; el_class=&#8221;hide-for-large&#8221;][vc_column_text css_animation=&#8221;fadeInRight&#8221; el_class=&#8221;column-right-content text-center xlarge-text-left extra-large-padding-left-for-xlarge&#8221;]<\/p>\n<h1 class=\"section-heading alt-white bottom-buffer-1point5rem\">Desbroce de tierras<\/h1>\n<p class=\"big alt-white\">Cuando est\u00e9 listo para utilizar su terreno, estaremos dispuestos a ayudarle a desbrozarlo. Con el equipo adecuado y a\u00f1os de experiencia en cada paso del proceso de construcci\u00f3n, incluida la limpieza del terreno, creamos un proceso perfecto de eliminaci\u00f3n de \u00e1rboles, maleza, piedra y otros materiales de su terreno para prepararlo para el uso que desee. Tambi\u00e9n gestionaremos todos los permisos necesarios y garantizaremos el cumplimiento de todas las leyes y normativas pertinentes para que pueda centrarse en el siguiente paso de su proyecto de uso del suelo.<\/p>\n<p><a class=\"button button-gradient uc no-margin-bottom\" href=\"https:\/\/liongatebuilders.com\/es\/comercial\/desbroce-de-tierras\/\">Servicio de desbroce<\/a>[\/vc_column_text][vc_empty_space height=&#8221;75px&#8221; el_class=&#8221;show-for-large&#8221;][vc_empty_space height=&#8221;45px&#8221; el_class=&#8221;hide-for-large&#8221;][\/vc_column_inner][\/vc_row_inner][\/vc_column][\/vc_row][\/vc_section][vc_section el_id=&#8221;additional-services-section_4&#8243;][vc_row css=&#8221;.vc_custom_1661446894200{background-color: #161616 !important;}&#8221;][vc_column][vc_row_inner equal_height=&#8221;yes&#8221; content_placement=&#8221;middle&#8221; el_class=&#8221;row expanded no-padding-vc no-padding-foundation content-width-xlarge&#8221;][vc_column_inner el_class=&#8221;columns xlarge-6 column-right xlarge-push-6&#8243; width=&#8221;1\/2&#8243;][vc_column_text css_animation=&#8221;fadeInRight&#8221;]<\/p>\n<p class=\"\" style=\"text-align: center;\"><img decoding=\"async\" class=\"content-image alignnone wp-image-2022 size-full lazyload\" data-src=\"http:\/\/liongatebuilders.com\/wp-content\/uploads\/2024\/03\/additional-services-section_4-img_1-min.jpg\" alt=\"Commercial\" width=\"962\" height=\"847\" data-srcset=\"https:\/\/liongatebuilders.com\/wp-content\/uploads\/2024\/03\/additional-services-section_4-img_1-min.jpg 962w, https:\/\/liongatebuilders.com\/wp-content\/uploads\/2024\/03\/additional-services-section_4-img_1-min-300x264.jpg 300w, https:\/\/liongatebuilders.com\/wp-content\/uploads\/2024\/03\/additional-services-section_4-img_1-min-768x676.jpg 768w, https:\/\/liongatebuilders.com\/wp-content\/uploads\/2024\/03\/additional-services-section_4-img_1-min-909x800.jpg 909w, https:\/\/liongatebuilders.com\/wp-content\/uploads\/2024\/03\/additional-services-section_4-img_1-min-500x440.jpg 500w\" data-sizes=\"(max-width: 962px) 100vw, 962px\" src=\"data:image\/svg+xml;base64,PHN2ZyB3aWR0aD0iMSIgaGVpZ2h0PSIxIiB4bWxucz0iaHR0cDovL3d3dy53My5vcmcvMjAwMC9zdmciPjwvc3ZnPg==\" style=\"--smush-placeholder-width: 962px; --smush-placeholder-aspect-ratio: 962\/847;\" \/><\/p>\n<p>[\/vc_column_text][\/vc_column_inner][vc_column_inner el_class=&#8221;columns xlarge-6 xlarge-pull-6 column-left&#8221; width=&#8221;1\/2&#8243;][vc_empty_space height=&#8221;75px&#8221; el_class=&#8221;show-for-large clear-right&#8221;][vc_empty_space height=&#8221;45px&#8221; el_class=&#8221;hide-for-large&#8221;][vc_column_text css_animation=&#8221;fadeInLeft&#8221; el_class=&#8221;column-left-content text-center xlarge-text-left extra-large-padding-right-for-xlarge float-right-for-large&#8221;]<\/p>\n<h1 class=\"section-heading bottom-buffer-1point5rem alt-white\">Derribo<\/h1>\n<p class=\"big bottom-buffer-1point5rem alt-white\">A veces es necesario derribar y retirar edificios existentes, ya sea por seguridad o para preparar un nuevo proyecto de construcci\u00f3n. Proporcionamos el equipo y la experiencia necesarios para demoler de forma segura cualquier edificio existente en su propiedad, independientemente de su tama\u00f1o o estado. Tambi\u00e9n limpiaremos y retiraremos de forma segura los materiales resultantes.<\/p>\n<p class=\"big bottom-buffer-1point5rem alt-white\">Incluso podemos hacer frente a los retos que plantean los requisitos de permisos, la normativa sobre edificios hist\u00f3ricos, los problemas de zonificaci\u00f3n y las consideraciones de seguridad. Garantizamos el cumplimiento de todas las leyes pertinentes a la vez que le dejamos un terreno que puede utilizar para los fines que desee.<\/p>\n<p><a class=\"button button-gradient uc no-margin-bottom\" href=\"https:\/\/liongatebuilders.com\/es\/comercial\/derribo\/\">Servicio de desmontaje<\/a>[\/vc_column_text][vc_empty_space height=&#8221;75px&#8221; el_class=&#8221;show-for-large clear-right&#8221;][vc_empty_space height=&#8221;45px&#8221; el_class=&#8221;hide-for-large&#8221;][\/vc_column_inner][\/vc_row_inner][\/vc_column][\/vc_row][\/vc_section][vc_section el_id=&#8221;additional-services-section_5&#8243;][vc_row css=&#8221;.vc_custom_1661446907562{background-color: #161616 !important;}&#8221;][vc_column][vc_row_inner equal_height=&#8221;yes&#8221; content_placement=&#8221;middle&#8221; el_class=&#8221;row expanded no-padding-vc no-padding-foundation content-width-xlarge&#8221;][vc_column_inner el_class=&#8221;columns xlarge-6 column-left&#8221; width=&#8221;1\/2&#8243;][vc_column_text css_animation=&#8221;fadeInLeft&#8221;]<\/p>\n<p class=\"\" style=\"text-align: center;\"><img decoding=\"async\" class=\"alignnone size-full wp-image-610 content-image lazyload\" data-src=\"http:\/\/liongatebuilders.com\/wp-content\/uploads\/2022\/08\/additional-services-section_5-img_1.jpg\" alt=\"\" width=\"962\" height=\"848\" data-srcset=\"https:\/\/liongatebuilders.com\/wp-content\/uploads\/2022\/08\/additional-services-section_5-img_1.jpg 962w, https:\/\/liongatebuilders.com\/wp-content\/uploads\/2022\/08\/additional-services-section_5-img_1-300x264.jpg 300w, https:\/\/liongatebuilders.com\/wp-content\/uploads\/2022\/08\/additional-services-section_5-img_1-768x677.jpg 768w, https:\/\/liongatebuilders.com\/wp-content\/uploads\/2022\/08\/additional-services-section_5-img_1-908x800.jpg 908w, https:\/\/liongatebuilders.com\/wp-content\/uploads\/2022\/08\/additional-services-section_5-img_1-500x441.jpg 500w\" data-sizes=\"(max-width: 962px) 100vw, 962px\" src=\"data:image\/svg+xml;base64,PHN2ZyB3aWR0aD0iMSIgaGVpZ2h0PSIxIiB4bWxucz0iaHR0cDovL3d3dy53My5vcmcvMjAwMC9zdmciPjwvc3ZnPg==\" style=\"--smush-placeholder-width: 962px; --smush-placeholder-aspect-ratio: 962\/848;\" \/><\/p>\n<p>[\/vc_column_text][\/vc_column_inner][vc_column_inner el_class=&#8221;columns xlarge-6 column-right&#8221; width=&#8221;1\/2&#8243;][vc_empty_space height=&#8221;75px&#8221; el_class=&#8221;show-for-large&#8221;][vc_empty_space height=&#8221;45px&#8221; el_class=&#8221;hide-for-large&#8221;][vc_column_text css_animation=&#8221;fadeInRight&#8221; css=&#8221;&#8221; el_class=&#8221;column-right-content text-center xlarge-text-left extra-large-padding-left-for-xlarge&#8221;]<\/p>\n<h1 class=\"section-heading bottom-buffer-1point5rem alt-white\">Demolici\u00f3n<\/h1>\n<p class=\"big bottom-buffer-1point5rem alt-white\">Una vez que la planificaci\u00f3n y la financiaci\u00f3n est\u00e1n en su lugar, comenzamos la construcci\u00f3n de la casa de sus sue\u00f1os.<\/p>\n<p class=\"big bottom-buffer-1point5rem alt-white\">Muchos proyectos de construcci\u00f3n implican cierto grado de demolici\u00f3n. Desde peque\u00f1os proyectos de demolici\u00f3n, como retirar una pared o un tejado, hasta la demolici\u00f3n de todo un edificio, estamos preparados para satisfacer sus necesidades de demolici\u00f3n. Profesionales cualificados y un seguro a todo riesgo hacen que este proceso sea seguro y eficaz, incluso cuando el edificio en cuesti\u00f3n requiere conocimientos espec\u00edficos de ingenier\u00eda u otras consideraciones especializadas. Retiramos los residuos generados por la demolici\u00f3n y preparamos la zona para futuras construcciones seg\u00fan sus necesidades. Tambi\u00e9n le ofrecemos los servicios de dise\u00f1o y construcci\u00f3n que necesita para sustituir la demolici\u00f3n por un espacio bonito y personalizado.<\/p>\n<p><a class=\"button button-gradient uc no-margin-bottom\" href=\"https:\/\/liongatebuilders.com\/es\/comercial\/demolicion\/\">Servicio de demolici\u00f3n<\/a>[\/vc_column_text][vc_empty_space height=&#8221;75px&#8221; el_class=&#8221;show-for-large&#8221;][vc_empty_space height=&#8221;45px&#8221; el_class=&#8221;hide-for-large&#8221;][\/vc_column_inner][\/vc_row_inner][\/vc_column][\/vc_row][\/vc_section][vc_section el_id=&#8221;additional-services-section_6&#8243;][vc_row css=&#8221;.vc_custom_1661446915650{background-color: #161616 !important;}&#8221;][vc_column][vc_row_inner equal_height=&#8221;yes&#8221; content_placement=&#8221;middle&#8221; el_class=&#8221;row expanded no-padding-vc no-padding-foundation content-width-xlarge&#8221;][vc_column_inner el_class=&#8221;columns xlarge-6 column-right xlarge-push-6&#8243; width=&#8221;1\/2&#8243;][vc_column_text css_animation=&#8221;fadeInRight&#8221;]<\/p>\n<p class=\"\" style=\"text-align: center;\"><img decoding=\"async\" class=\"alignnone size-full wp-image-612 content-image lazyload\" data-src=\"http:\/\/liongatebuilders.com\/wp-content\/uploads\/2022\/08\/additional-services-section_6-img_1.jpg\" alt=\"\" width=\"962\" height=\"847\" data-srcset=\"https:\/\/liongatebuilders.com\/wp-content\/uploads\/2022\/08\/additional-services-section_6-img_1.jpg 962w, https:\/\/liongatebuilders.com\/wp-content\/uploads\/2022\/08\/additional-services-section_6-img_1-300x264.jpg 300w, https:\/\/liongatebuilders.com\/wp-content\/uploads\/2022\/08\/additional-services-section_6-img_1-768x676.jpg 768w, https:\/\/liongatebuilders.com\/wp-content\/uploads\/2022\/08\/additional-services-section_6-img_1-909x800.jpg 909w, https:\/\/liongatebuilders.com\/wp-content\/uploads\/2022\/08\/additional-services-section_6-img_1-500x440.jpg 500w\" data-sizes=\"(max-width: 962px) 100vw, 962px\" src=\"data:image\/svg+xml;base64,PHN2ZyB3aWR0aD0iMSIgaGVpZ2h0PSIxIiB4bWxucz0iaHR0cDovL3d3dy53My5vcmcvMjAwMC9zdmciPjwvc3ZnPg==\" style=\"--smush-placeholder-width: 962px; --smush-placeholder-aspect-ratio: 962\/847;\" \/><\/p>\n<p>[\/vc_column_text][\/vc_column_inner][vc_column_inner el_class=&#8221;columns xlarge-6 xlarge-pull-6 column-left&#8221; width=&#8221;1\/2&#8243;][vc_empty_space height=&#8221;75px&#8221; el_class=&#8221;show-for-large&#8221;][vc_empty_space height=&#8221;45px&#8221; el_class=&#8221;hide-for-large&#8221;][vc_column_text css_animation=&#8221;fadeInLeft&#8221; el_class=&#8221;column-left-content text-center xlarge-text-left extra-large-padding-right-for-xlarge float-right-for-large&#8221;]<\/p>\n<h1 class=\"section-heading bottom-buffer-1point5rem alt-white\">Excavaci\u00f3n<\/h1>\n<p class=\"big bottom-buffer-1point5rem alt-white\">Prepare su terreno para la construcci\u00f3n con los servicios profesionales de excavaci\u00f3n de Liongate. Tenemos experiencia en todas las formas de excavaci\u00f3n, incluyendo la excavaci\u00f3n residencial y comercial que es necesaria para<\/p>\n<ul class=\"big bottom-buffer-1point5rem alt-white\">\n<li style=\"text-align: left;\">Carreteras<\/li>\n<li style=\"text-align: left;\">Fundaciones<\/li>\n<li style=\"text-align: left;\">Nivelaci\u00f3n<\/li>\n<li style=\"text-align: left;\">Drenaje<\/li>\n<li style=\"text-align: left;\">Zanjeado<\/li>\n<li style=\"text-align: left;\">Y m\u00e1s<\/li>\n<\/ul>\n<p class=\"big bottom-buffer-1point5rem alt-white\">Nuestros servicios de excavaci\u00f3n incluyen no s\u00f3lo la excavaci\u00f3n en s\u00ed, sino tambi\u00e9n las tareas de permisos, ingenier\u00eda y topograf\u00eda necesarias para completar con \u00e9xito su proyecto de excavaci\u00f3n.<\/p>\n<p class=\"big alt-white\">Tanto si est\u00e1 creando los cimientos de una nueva casa, construyendo una carretera o excavando un pozo, nuestros servicios de excavaci\u00f3n pueden ayudarle a conseguir sus objetivos centr\u00e1ndose en preparar su propiedad para el uso que prefiera.<\/p>\n<p><a class=\"button button-gradient uc no-margin-bottom\" href=\"https:\/\/liongatebuilders.com\/es\/comercial\/excavacion\/\">Servicio de excavaci\u00f3n<\/a>[\/vc_column_text][vc_empty_space height=&#8221;45px&#8221; el_class=&#8221;hide-for-large&#8221;][vc_empty_space height=&#8221;75px&#8221; el_class=&#8221;show-for-large&#8221;][\/vc_column_inner][\/vc_row_inner][\/vc_column][\/vc_row][\/vc_section]<\/p>\n<\/div>","protected":false},"excerpt":{"rendered":"<p>[vc_section el_id=&#8221;page_header&#8221;][vc_row css=&#8221;.vc_custom_1583311737715{background: #161616 url(https:\/\/liongatebuilders.com\/wp-content\/uploads\/2020\/03\/page_header-bg.jpg?id=79) !important;background-position: center !important;background-repeat: no-repeat !important;background-size: cover !important;}&#8221;][vc_column][vc_empty_space height=&#8221;75px&#8221; el_class=&#8221;show-for-large&#8221;][vc_empty_space height=&#8221;45px&#8221; el_class=&#8221;hide-for-large&#8221;][vc_row_inner el_class=&#8221;row no-padding-vc&#8221;][vc_column_inner][vc_column_text] Construcci\u00f3n Comercial [\/vc_column_text][\/vc_column_inner][\/vc_row_inner][vc_empty_space height=&#8221;75px&#8221; el_class=&#8221;show-for-large&#8221;][vc_empty_space height=&#8221;45px&#8221; el_class=&#8221;hide-for-large&#8221;][\/vc_column][\/vc_row][vc_row][vc_column][vc_row_inner][vc_column_inner][\/vc_column_inner][\/vc_row_inner][\/vc_column][\/vc_row][\/vc_section][vc_section el_id=&#8221;additional-services-section_1&#8243;][vc_row css=&#8221;.vc_custom_1661448700575{border-top-width: 2px !important;border-bottom-width: 2px !important;border-top-color: #dd9712 !important;border-top-style: solid !important;border-bottom-color: #dd9712 !important;border-bottom-style: solid !important;}&#8221;][vc_column][vc_row_inner equal_height=&#8221;yes&#8221; content_placement=&#8221;middle&#8221; el_class=&#8221;row expanded no-padding-vc no-padding-foundation content-width-xlarge&#8221;][vc_column_inner el_class=&#8221;columns large-8 large-offset-2&#8243;][vc_empty_space height=&#8221;75px&#8221; el_class=&#8221;show-for-large clear-right&#8221;][vc_empty_space height=&#8221;45px&#8221; el_class=&#8221;hide-for-large&#8221;][vc_column_text css_animation=&#8221;none&#8221;<a class=\"excerpt-read-more\" href=\"https:\/\/liongatebuilders.com\/es\/comercial\/\" title=\"ReadComercial\">&#8230; Read more &raquo;<\/a><\/p>\n","protected":false},"author":1,"featured_media":2315,"parent":0,"menu_order":0,"comment_status":"closed","ping_status":"closed","template":"template-visual-builder.php","meta":{"_acf_changed":false,"_seopress_robots_primary_cat":"","_seopress_titles_title":"Construcci\u00f3n Comercial %%sep%% %%sitetitle%%","_seopress_titles_desc":"Estamos orgullosos de ofrecer soluciones de construcci\u00f3n para cada necesidad de proyecto, desde el desmonte de terrenos hasta la personalizaci\u00f3n de espacios comerciales.","_seopress_robots_index":"","footnotes":""},"class_list":["post-1300","page","type-page","status-publish","has-post-thumbnail","hentry"],"acf":[],"_links":{"self":[{"href":"https:\/\/liongatebuilders.com\/es\/wp-json\/wp\/v2\/pages\/1300","targetHints":{"allow":["GET"]}}],"collection":[{"href":"https:\/\/liongatebuilders.com\/es\/wp-json\/wp\/v2\/pages"}],"about":[{"href":"https:\/\/liongatebuilders.com\/es\/wp-json\/wp\/v2\/types\/page"}],"author":[{"embeddable":true,"href":"https:\/\/liongatebuilders.com\/es\/wp-json\/wp\/v2\/users\/1"}],"replies":[{"embeddable":true,"href":"https:\/\/liongatebuilders.com\/es\/wp-json\/wp\/v2\/comments?post=1300"}],"version-history":[{"count":23,"href":"https:\/\/liongatebuilders.com\/es\/wp-json\/wp\/v2\/pages\/1300\/revisions"}],"predecessor-version":[{"id":2921,"href":"https:\/\/liongatebuilders.com\/es\/wp-json\/wp\/v2\/pages\/1300\/revisions\/2921"}],"wp:featuredmedia":[{"embeddable":true,"href":"https:\/\/liongatebuilders.com\/es\/wp-json\/wp\/v2\/media\/2315"}],"wp:attachment":[{"href":"https:\/\/liongatebuilders.com\/es\/wp-json\/wp\/v2\/media?parent=1300"}],"curies":[{"name":"wp","href":"https:\/\/api.w.org\/{rel}","templated":true}]}}