{"id":1309,"date":"2022-09-20T14:25:09","date_gmt":"2022-09-20T14:25:09","guid":{"rendered":"https:\/\/liongatebuilders.com\/servicios-adicionales\/derribo\/"},"modified":"2025-04-11T20:29:31","modified_gmt":"2025-04-11T20:29:31","slug":"derribo","status":"publish","type":"page","link":"https:\/\/liongatebuilders.com\/es\/comercial\/derribo\/","title":{"rendered":"Tirar Edificio"},"content":{"rendered":"<div class=\"wpb-content-wrapper\"><p>[vc_section el_id=&#8221;page_header&#8221;][vc_row css=&#8221;.vc_custom_1583311737715{background: #161616 url(https:\/\/liongatebuilders.com\/wp-content\/uploads\/2020\/03\/page_header-bg.jpg?id=79) !important;background-position: center !important;background-repeat: no-repeat !important;background-size: cover !important;}&#8221;][vc_column][vc_empty_space height=&#8221;75px&#8221; el_class=&#8221;show-for-large&#8221;][vc_empty_space height=&#8221;45px&#8221; el_class=&#8221;hide-for-large&#8221;][vc_row_inner el_class=&#8221;row no-padding-vc&#8221;][vc_column_inner][vc_column_text]<\/p>\n<h1 class=\"page-heading alt-white\" style=\"text-align: center;\">Comercial<\/h1>\n<p>[\/vc_column_text][\/vc_column_inner][\/vc_row_inner][vc_empty_space height=&#8221;75px&#8221; el_class=&#8221;show-for-large&#8221;][vc_empty_space height=&#8221;45px&#8221; el_class=&#8221;hide-for-large&#8221;][\/vc_column][\/vc_row][\/vc_section][vc_section el_id=&#8221;tear-down-section_1&#8243;][vc_row][vc_column][vc_row_inner equal_height=&#8221;yes&#8221; content_placement=&#8221;middle&#8221; el_class=&#8221;row no-padding-vc content-width-xlarge&#8221;][vc_column_inner el_class=&#8221;columns xlarge-6 column-left&#8221; width=&#8221;1\/2&#8243;][vc_empty_space height=&#8221;75px&#8221; el_class=&#8221;show-for-large clear-right&#8221;][vc_empty_space height=&#8221;45px&#8221; el_class=&#8221;hide-for-large&#8221;][vc_column_text css_animation=&#8221;fadeInLeft&#8221; el_class=&#8221;column-left-content text-center xlarge-text-left extra-large-padding-right-for-xlarge float-right-for-large&#8221;]<\/p>\n<h1 class=\"section-heading bottom-buffer-1point5rem\">\u00bfPor qu\u00e9 elegir los servicios de demolici\u00f3n Liongate?<\/h1>\n<p class=\"big bottom-buffer-1point5rem\">Elimine sin problemas los edificios inseguros o innecesarios de su propiedad con los servicios de derribo profesionales y personalizados de Liongate. Nuestro equipo de expertos ha retirado cientos de edificios en preparaci\u00f3n de proyectos tanto residenciales como comerciales, y podemos ofrecerle las siguientes ventajas sobre otros proveedores de derribos:<\/p>\n<h2 class=\"bottom-buffer-1point5rem\">Maquinaria pesada<\/h2>\n<p class=\"big bottom-buffer-1point5rem\">Nuestra flota de equipos pesados cuenta con todas las herramientas que pueda necesitar para llevar a cabo el desmontaje. Manejada por nuestros experimentados operarios, esta maquinaria puede gestionar desde simples cobertizos hasta edificios enteros.<\/p>\n<h2 class=\"bottom-buffer-1point5rem\">Permisos<\/h2>\n<p class=\"big bottom-buffer-1point5rem\">Hacemos algo m\u00e1s que derribar los edificios que no quiere. Tambi\u00e9n gestionamos los permisos y requisitos de conformidad de su proyecto para garantizar que el trabajo se desarrolle sin contratiempos.<\/p>\n<h2 class=\"bottom-buffer-1point5rem\">Experiencia<\/h2>\n<p class=\"big bottom-buffer-1point5rem\">Con a\u00f1os de experiencia en derribos, nuestro equipo es capaz de derribar estructuras grandes y peque\u00f1as por igual. Nuestro compromiso con las soluciones innovadoras y la satisfacci\u00f3n del cliente tambi\u00e9n significa que resolveremos cualquier problema que surja, por inesperado que sea.<\/p>\n<p>[\/vc_column_text][vc_empty_space height=&#8221;75px&#8221; el_class=&#8221;show-for-large clear-right&#8221;][vc_empty_space height=&#8221;45px&#8221; el_class=&#8221;hide-for-large&#8221;][\/vc_column_inner][vc_column_inner el_class=&#8221;columns xlarge-6 column-left&#8221; width=&#8221;1\/2&#8243;][vc_empty_space height=&#8221;75px&#8221; el_class=&#8221;show-for-large clear-right&#8221;][vc_empty_space height=&#8221;45px&#8221; el_class=&#8221;hide-for-large&#8221;]\n<div class=\"wpcf7 no-js\" id=\"wpcf7-f1406-o1\" lang=\"es-ES\" dir=\"ltr\" data-wpcf7-id=\"1406\">\n<div class=\"screen-reader-response\"><p role=\"status\" aria-live=\"polite\" aria-atomic=\"true\"><\/p> <ul><\/ul><\/div>\n<form action=\"\/es\/wp-json\/wp\/v2\/pages\/1309#wpcf7-f1406-o1\" method=\"post\" class=\"wpcf7-form init\" aria-label=\"Contact form\" novalidate=\"novalidate\" data-status=\"init\">\n<fieldset class=\"hidden-fields-container\"><input type=\"hidden\" name=\"_wpcf7\" value=\"1406\" \/><input type=\"hidden\" name=\"_wpcf7_version\" value=\"6.1.5\" \/><input type=\"hidden\" name=\"_wpcf7_locale\" value=\"es_ES\" \/><input type=\"hidden\" name=\"_wpcf7_unit_tag\" value=\"wpcf7-f1406-o1\" \/><input type=\"hidden\" name=\"_wpcf7_container_post\" value=\"0\" \/><input type=\"hidden\" name=\"_wpcf7_posted_data_hash\" value=\"\" \/><input type=\"hidden\" name=\"_wpcf7cf_hidden_group_fields\" value=\"[]\" \/><input type=\"hidden\" name=\"_wpcf7cf_hidden_groups\" value=\"[]\" \/><input type=\"hidden\" name=\"_wpcf7cf_visible_groups\" value=\"[]\" \/><input type=\"hidden\" name=\"_wpcf7cf_repeaters\" value=\"[]\" \/><input type=\"hidden\" name=\"_wpcf7cf_steps\" value=\"{}\" \/><input type=\"hidden\" name=\"_wpcf7cf_options\" value=\"{&quot;form_id&quot;:1406,&quot;conditions&quot;:[],&quot;settings&quot;:{&quot;animation&quot;:&quot;yes&quot;,&quot;animation_intime&quot;:200,&quot;animation_outtime&quot;:200,&quot;conditions_ui&quot;:&quot;normal&quot;,&quot;notice_dismissed&quot;:false}}\" \/>\n<\/fieldset>\n<div class=\"row service-form\">\n\t<div class=\"columns large-12\">\n\t\t<div class=\"row\">\n\t\t\t<div class=\"columns large-12 text-center\">\n\t\t\t\t<h2 class=\"section-heading alt-white bottom-buffer-1point5rem\">\u00bfQuiere saber m\u00e1s?\n\t\t\t\t<\/h2>\n\t\t\t\t<p class=\"big alt-white bottom-buffer-2point5rem\">Nuestro equipo est\u00e1 siempre dispuesto a hablar contigo sobre tu proyecto.<br \/>\n\u00a1Ponte en contacto con nosotros hoy mismo para saber m\u00e1s!\n\t\t\t\t<\/p>\n\t\t\t<\/div>\n\t\t<\/div>\n\t\t<div class=\"row\">\n\t\t\t<div class=\"columns large-12\">\n\t\t\t\t<p><span class=\"wpcf7-form-control-wrap\" data-name=\"full-name\"><input size=\"40\" maxlength=\"400\" class=\"wpcf7-form-control wpcf7-text wpcf7-validates-as-required\" aria-required=\"true\" aria-invalid=\"false\" placeholder=\"Nombre y apellidos\" value=\"\" type=\"text\" name=\"full-name\" \/><\/span>\n\t\t\t\t<\/p>\n\t\t\t<\/div>\n\t\t<\/div>\n\t\t<div class=\"row\">\n\t\t\t<div class=\"columns large-12\">\n\t\t\t\t<p><span class=\"wpcf7-form-control-wrap\" data-name=\"mobile-phone\"><input size=\"40\" maxlength=\"400\" class=\"wpcf7-form-control wpcf7-text wpcf7-validates-as-required\" aria-required=\"true\" aria-invalid=\"false\" placeholder=\"Tel\u00e9fono\" value=\"\" type=\"text\" name=\"mobile-phone\" \/><\/span>\n\t\t\t\t<\/p>\n\t\t\t<\/div>\n\t\t<\/div>\n\t\t<div class=\"row\">\n\t\t\t<div class=\"columns large-12\">\n\t\t\t\t<p><span class=\"wpcf7-form-control-wrap\" data-name=\"email\"><input size=\"40\" maxlength=\"400\" class=\"wpcf7-form-control wpcf7-email wpcf7-validates-as-required wpcf7-text wpcf7-validates-as-email\" aria-required=\"true\" aria-invalid=\"false\" placeholder=\"Correo electr\u00f3nico\" value=\"\" type=\"email\" name=\"email\" \/><\/span>\n\t\t\t\t<\/p>\n\t\t\t<\/div>\n\t\t<\/div>\n\t\t<div class=\"row\">\n\t\t\t<div class=\"columns large-12 bottom-buffer-2point5rem\">\n\t\t\t\t<p><span class=\"wpcf7-form-control-wrap\" data-name=\"message\"><textarea cols=\"10\" rows=\"3\" maxlength=\"2000\" class=\"wpcf7-form-control wpcf7-textarea wpcf7-validates-as-required\" aria-required=\"true\" aria-invalid=\"false\" placeholder=\"Mensaje\" name=\"message\"><\/textarea><\/span>\n\t\t\t\t<\/p>\n\t\t\t<\/div>\n\t\t<\/div>\n\t\t<div class=\"row\">\n\t\t\t<div class=\"columns large-12 text-center\">\n\t\t\t\t<p><span id=\"wpcf7-69d298dc8b62e-wrapper\" class=\"wpcf7-form-control-wrap honeypot-274-wrap\" style=\"display:none !important; visibility:hidden !important;\"><label for=\"wpcf7-69d298dc8b62e-field\" class=\"hp-message\">Please leave this field empty.<\/label><input id=\"wpcf7-69d298dc8b62e-field\"  class=\"wpcf7-form-control wpcf7-text\" type=\"text\" name=\"honeypot-274\" value=\"\" size=\"40\" tabindex=\"-1\" autocomplete=\"new-password\" \/><\/span><button type=\"submit\" class=\"button button-gradient uc\">Obtenga un presupuesto gratuito<\/button>\n\t\t\t\t<\/p>\n\t\t\t<\/div>\n\t\t<\/div>\n\t<\/div>\n<\/div><div class=\"wpcf7-response-output\" aria-hidden=\"true\"><\/div>\n<\/form>\n<\/div>\n[vc_empty_space height=&#8221;75px&#8221; el_class=&#8221;show-for-large clear-right&#8221;][vc_empty_space height=&#8221;45px&#8221; el_class=&#8221;hide-for-large&#8221;][\/vc_column_inner][\/vc_row_inner][\/vc_column][\/vc_row][\/vc_section][vc_section el_id=&#8221;tear-down-section_2&#8243;][vc_row][vc_column][vc_row_inner equal_height=&#8221;yes&#8221; content_placement=&#8221;middle&#8221; el_class=&#8221;row expanded no-padding-vc no-padding-foundation content-width-xlarge&#8221;][vc_column_inner el_class=&#8221;columns xlarge-6 column-right xlarge-push-6&#8243; width=&#8221;1\/2&#8243;][vc_column_text css_animation=&#8221;fadeInRight&#8221;]<img decoding=\"async\" class=\"alignnone size-full wp-image-1923 lazyload\" data-src=\"http:\/\/liongatebuilders.com\/wp-content\/uploads\/2024\/03\/tear-down-section_2-img_1-min.webp\" alt=\"Teardown\" width=\"962\" height=\"1029\" data-srcset=\"https:\/\/liongatebuilders.com\/wp-content\/uploads\/2024\/03\/tear-down-section_2-img_1-min.webp 962w, https:\/\/liongatebuilders.com\/wp-content\/uploads\/2024\/03\/tear-down-section_2-img_1-min-280x300.webp 280w, https:\/\/liongatebuilders.com\/wp-content\/uploads\/2024\/03\/tear-down-section_2-img_1-min-957x1024.webp 957w, https:\/\/liongatebuilders.com\/wp-content\/uploads\/2024\/03\/tear-down-section_2-img_1-min-768x821.webp 768w, https:\/\/liongatebuilders.com\/wp-content\/uploads\/2024\/03\/tear-down-section_2-img_1-min-748x800.webp 748w, https:\/\/liongatebuilders.com\/wp-content\/uploads\/2024\/03\/tear-down-section_2-img_1-min-500x535.webp 500w\" data-sizes=\"(max-width: 962px) 100vw, 962px\" src=\"data:image\/svg+xml;base64,PHN2ZyB3aWR0aD0iMSIgaGVpZ2h0PSIxIiB4bWxucz0iaHR0cDovL3d3dy53My5vcmcvMjAwMC9zdmciPjwvc3ZnPg==\" style=\"--smush-placeholder-width: 962px; --smush-placeholder-aspect-ratio: 962\/1029;\" \/>[\/vc_column_text][\/vc_column_inner][vc_column_inner el_class=&#8221;columns xlarge-6 xlarge-pull-6 column-left&#8221; width=&#8221;1\/2&#8243; css=&#8221;.vc_custom_1663266047549{background-color: #f3f1ea !important;}&#8221;][vc_empty_space height=&#8221;75px&#8221; el_class=&#8221;show-for-large clear-right&#8221;][vc_empty_space height=&#8221;45px&#8221; el_class=&#8221;hide-for-large&#8221;][vc_column_text css_animation=&#8221;fadeInLeft&#8221; el_class=&#8221;column-left-content text-center xlarge-text-left extra-large-padding-right-for-xlarge float-right-for-large&#8221;]<\/p>\n<h1 class=\"section-heading bottom-buffer-1point5rem\">Servicio completo de desmontaje<\/h1>\n<p class=\"big bottom-buffer-1point5rem\">Nuestros servicios de derribo est\u00e1n disponibles para edificios y solares de cualquier tama\u00f1o. Ning\u00fan edificio es demasiado grande ni ninguna estructura demasiado compleja para nuestro experimentado equipo centrado en el cliente. Conf\u00edenos todos los proyectos siguientes:<\/p>\n<ul class=\"big bottom-buffer-1point5rem\">\n<li style=\"text-align: left;\">Viviendas<\/li>\n<li style=\"text-align: left;\">Edificios comerciales<\/li>\n<li style=\"text-align: left;\">Cobertizos<\/li>\n<li style=\"text-align: left;\">Estructuras exteriores<\/li>\n<li style=\"text-align: left;\">Y m\u00e1s<\/li>\n<\/ul>\n<p class=\"big bottom-buffer-1point5rem\">Adem\u00e1s de desmontar estructuras de todos los tama\u00f1os, nuestro equipo tambi\u00e9n est\u00e1 equipado para ocuparse de cada paso del proceso. Desde la obtenci\u00f3n de permisos hasta la inspecci\u00f3n del lugar en busca de materiales peligrosos, pasando por el derribo de la estructura y la limpieza del lugar, nos encargamos de todo el proyecto para que usted pueda centrarse en los siguientes pasos.<\/p>\n<p>[\/vc_column_text][vc_empty_space height=&#8221;75px&#8221; el_class=&#8221;show-for-large clear-right&#8221;][vc_empty_space height=&#8221;45px&#8221; el_class=&#8221;hide-for-large&#8221;][\/vc_column_inner][\/vc_row_inner][\/vc_column][\/vc_row][\/vc_section][vc_section el_id=&#8221;tear-down-section_3&#8243; el_class=&#8221;bg-primary bg-size-cover bg-no-repeat bg-center-bottom&#8221; css=&#8221;.vc_custom_1663685957710{background-image: url(http:\/\/liongatebuilders.com\/wp-content\/uploads\/2022\/09\/tear-down-section_1-img_1.jpg?id=712) !important;background-position: center !important;background-repeat: no-repeat !important;background-size: cover !important;}&#8221;][vc_row][vc_column][vc_empty_space height=&#8221;150px&#8221; el_class=&#8221;show-for-large clear-right&#8221;][vc_empty_space height=&#8221;45px&#8221; el_class=&#8221;hide-for-large&#8221;][vc_row_inner el_class=&#8221;row no-padding-vc&#8221;][vc_column_inner el_class=&#8221;columns small-12 large-10 large-offset-1 has-background-with-opacity has-padding&#8221;][vc_column_text el_class=&#8221;text-center&#8221;]<\/p>\n<h1 class=\"section-heading alt-white bottom-buffer-1point5rem\">Planificaci\u00f3n inteligente de proyectos<\/h1>\n<p class=\"big alt-white bottom-buffer-1point5rem\">El derribo de estructuras existentes requiere una evaluaci\u00f3n en profundidad de la propiedad, la estructura y las leyes y normativas vigentes. Nuestro equipo se encarga de todo el proceso de planificaci\u00f3n y ejecuci\u00f3n de su derribo. Entre los factores que tenemos en cuenta para garantizar un resultado satisfactorio figuran los siguientes:<\/p>\n<p>[\/vc_column_text][vc_empty_space height=&#8221;60px&#8221; el_class=&#8221;show-for-large clear-right&#8221;][vc_empty_space height=&#8221;45px&#8221; el_class=&#8221;hide-for-large&#8221;][vc_column_text el_class=&#8221;text-center large-text-left&#8221;]<\/p>\n<div class=\"row bottom-buffer-1point5rem\">\n<div class=\"large-6 columns\">\n<ul class=\"big bottom-buffer-1point5rem alt-white bottom-buffer-1point5rem\">\n<li style=\"text-align: left;\">Servicios<\/li>\n<li style=\"text-align: left;\">Permisos<\/li>\n<li style=\"text-align: left;\">Legislaci\u00f3n<\/li>\n<li style=\"text-align: left;\">Materiales peligrosos y descontaminaci\u00f3n<\/li>\n<li style=\"text-align: left;\">Peligros para la seguridad<\/li>\n<\/ul>\n<\/div>\n<div class=\"large-6 columns\">\n<ul class=\"big alt-white\">\n<li style=\"text-align: left;\">Resoluci\u00f3n de problemas<\/li>\n<li style=\"text-align: left;\">Selecci\u00f3n de equipos y m\u00e9todos<\/li>\n<li style=\"text-align: left;\">Protecci\u00f3n de las estructuras y viviendas cercanas<\/li>\n<li style=\"text-align: left;\">Y m\u00e1s<\/li>\n<\/ul>\n<\/div>\n<\/div>\n<p class=\"big alt-white bottom-buffer-1point5rem text-center\">Deje que nosotros nos encarguemos de planificar su derribo mientras usted sue\u00f1a con c\u00f3mo utilizar esa propiedad una vez eliminada la estructura existente.<\/p>\n<p>[\/vc_column_text][\/vc_column_inner][\/vc_row_inner][vc_empty_space height=&#8221;150px&#8221; el_class=&#8221;show-for-large clear-right&#8221;][vc_empty_space height=&#8221;45px&#8221; el_class=&#8221;hide-for-large&#8221;][\/vc_column][\/vc_row][\/vc_section][vc_section el_id=&#8221;tear-down-section_4&#8243;][vc_row][vc_column][vc_empty_space height=&#8221;45px&#8221; el_class=&#8221;hide-for-large&#8221;][vc_row_inner equal_height=&#8221;yes&#8221; content_placement=&#8221;middle&#8221; el_class=&#8221;row expanded no-padding-vc no-padding-foundation content-width-xlarge&#8221;][vc_column_inner el_class=&#8221;columns xlarge-6 column-right xlarge-push-6&#8243; width=&#8221;1\/2&#8243;][vc_column_text css_animation=&#8221;fadeInRight&#8221;]<img decoding=\"async\" class=\"alignnone wp-image-1942 size-full lazyload\" data-src=\"http:\/\/liongatebuilders.com\/wp-content\/uploads\/2024\/03\/tear-down-section_4-img_1-min.png\" alt=\"Teardown\" width=\"962\" height=\"1029\" data-srcset=\"https:\/\/liongatebuilders.com\/wp-content\/uploads\/2024\/03\/tear-down-section_4-img_1-min.png 962w, https:\/\/liongatebuilders.com\/wp-content\/uploads\/2024\/03\/tear-down-section_4-img_1-min-280x300.png 280w, https:\/\/liongatebuilders.com\/wp-content\/uploads\/2024\/03\/tear-down-section_4-img_1-min-957x1024.png 957w, https:\/\/liongatebuilders.com\/wp-content\/uploads\/2024\/03\/tear-down-section_4-img_1-min-768x821.png 768w, https:\/\/liongatebuilders.com\/wp-content\/uploads\/2024\/03\/tear-down-section_4-img_1-min-748x800.png 748w, https:\/\/liongatebuilders.com\/wp-content\/uploads\/2024\/03\/tear-down-section_4-img_1-min-500x535.png 500w\" data-sizes=\"(max-width: 962px) 100vw, 962px\" src=\"data:image\/svg+xml;base64,PHN2ZyB3aWR0aD0iMSIgaGVpZ2h0PSIxIiB4bWxucz0iaHR0cDovL3d3dy53My5vcmcvMjAwMC9zdmciPjwvc3ZnPg==\" style=\"--smush-placeholder-width: 962px; --smush-placeholder-aspect-ratio: 962\/1029;\" \/>[\/vc_column_text][\/vc_column_inner][vc_column_inner el_class=&#8221;columns xlarge-6 xlarge-pull-6 column-left&#8221; width=&#8221;1\/2&#8243;][vc_empty_space height=&#8221;75px&#8221; el_class=&#8221;show-for-large clear-right&#8221;][vc_empty_space height=&#8221;45px&#8221; el_class=&#8221;hide-for-large&#8221;][vc_column_text css_animation=&#8221;fadeInLeft&#8221; el_class=&#8221;column-left-content text-center xlarge-text-left extra-large-padding-right-for-xlarge float-right-for-large&#8221;]<\/p>\n<h1 class=\"section-heading bottom-buffer-1point5rem\">Limpieza de obras<\/h1>\n<p class=\"big bottom-buffer-1point5rem\">Una vez derribadas sus estructuras, nos encargamos de limpiar el lugar de los escombros. La retirada de residuos deja su propiedad lista para la siguiente fase de su proyecto de construcci\u00f3n y garantiza que no queden residuos peligrosos para los dem\u00e1s.<\/p>\n<p class=\"big bottom-buffer-1point5rem\">Adem\u00e1s de dejar el lugar limpio de cualquier escombro relacionado con la estructura derribada, podemos ayudarle a evaluar qu\u00e9 partes de la estructura existente son rescatables, si es que lo son. A continuaci\u00f3n, puede reciclar, vender o donar estos art\u00edculos. Los objetos recuperables pueden incluir cualquiera de los siguientes:<\/p>\n<ul class=\"big bottom-buffer-1point5rem\">\n<li style=\"text-align: left;\">Suelos<\/li>\n<li style=\"text-align: left;\">Luminarias<\/li>\n<li style=\"text-align: left;\">Ladrillo<\/li>\n<li style=\"text-align: left;\">Puertas<\/li>\n<li style=\"text-align: left;\">Windows<\/li>\n<li style=\"text-align: left;\">Puestos<\/li>\n<li style=\"text-align: left;\">Aseos<\/li>\n<li style=\"text-align: left;\">Y m\u00e1s<\/li>\n<\/ul>\n<p>[\/vc_column_text][vc_empty_space height=&#8221;75px&#8221; el_class=&#8221;show-for-large clear-right&#8221;][vc_empty_space height=&#8221;45px&#8221; el_class=&#8221;hide-for-large&#8221;][\/vc_column_inner][\/vc_row_inner][\/vc_column][\/vc_row][\/vc_section]<\/p>\n<\/div>","protected":false},"excerpt":{"rendered":"<p>[vc_section el_id=&#8221;page_header&#8221;][vc_row css=&#8221;.vc_custom_1583311737715{background: #161616 url(https:\/\/liongatebuilders.com\/wp-content\/uploads\/2020\/03\/page_header-bg.jpg?id=79) !important;background-position: center !important;background-repeat: no-repeat !important;background-size: cover !important;}&#8221;][vc_column][vc_empty_space height=&#8221;75px&#8221; el_class=&#8221;show-for-large&#8221;][vc_empty_space height=&#8221;45px&#8221; el_class=&#8221;hide-for-large&#8221;][vc_row_inner el_class=&#8221;row no-padding-vc&#8221;][vc_column_inner][vc_column_text] Comercial [\/vc_column_text][\/vc_column_inner][\/vc_row_inner][vc_empty_space height=&#8221;75px&#8221; el_class=&#8221;show-for-large&#8221;][vc_empty_space height=&#8221;45px&#8221; el_class=&#8221;hide-for-large&#8221;][\/vc_column][\/vc_row][\/vc_section][vc_section el_id=&#8221;tear-down-section_1&#8243;][vc_row][vc_column][vc_row_inner equal_height=&#8221;yes&#8221; content_placement=&#8221;middle&#8221; el_class=&#8221;row no-padding-vc content-width-xlarge&#8221;][vc_column_inner el_class=&#8221;columns xlarge-6 column-left&#8221; width=&#8221;1\/2&#8243;][vc_empty_space height=&#8221;75px&#8221; el_class=&#8221;show-for-large clear-right&#8221;][vc_empty_space height=&#8221;45px&#8221; el_class=&#8221;hide-for-large&#8221;][vc_column_text css_animation=&#8221;fadeInLeft&#8221; el_class=&#8221;column-left-content text-center xlarge-text-left extra-large-padding-right-for-xlarge float-right-for-large&#8221;] \u00bfPor qu\u00e9 elegir los servicios de demolici\u00f3n Liongate? Elimine sin<a class=\"excerpt-read-more\" href=\"https:\/\/liongatebuilders.com\/es\/comercial\/derribo\/\" title=\"ReadTirar Edificio\">&#8230; Read more &raquo;<\/a><\/p>\n","protected":false},"author":1,"featured_media":2022,"parent":1300,"menu_order":0,"comment_status":"closed","ping_status":"closed","template":"template-visual-builder.php","meta":{"_acf_changed":false,"_seopress_robots_primary_cat":"","_seopress_titles_title":"Servicios de Desmontaje McAllen - Liongate Constructores","_seopress_titles_desc":"Elimine sin problemas edificios inseguros o innecesarios de su propiedad con servicios de derribo profesionales y personalizados en RGV.","_seopress_robots_index":"","footnotes":""},"class_list":["post-1309","page","type-page","status-publish","has-post-thumbnail","hentry"],"acf":[],"_links":{"self":[{"href":"https:\/\/liongatebuilders.com\/es\/wp-json\/wp\/v2\/pages\/1309","targetHints":{"allow":["GET"]}}],"collection":[{"href":"https:\/\/liongatebuilders.com\/es\/wp-json\/wp\/v2\/pages"}],"about":[{"href":"https:\/\/liongatebuilders.com\/es\/wp-json\/wp\/v2\/types\/page"}],"author":[{"embeddable":true,"href":"https:\/\/liongatebuilders.com\/es\/wp-json\/wp\/v2\/users\/1"}],"replies":[{"embeddable":true,"href":"https:\/\/liongatebuilders.com\/es\/wp-json\/wp\/v2\/comments?post=1309"}],"version-history":[{"count":20,"href":"https:\/\/liongatebuilders.com\/es\/wp-json\/wp\/v2\/pages\/1309\/revisions"}],"predecessor-version":[{"id":2712,"href":"https:\/\/liongatebuilders.com\/es\/wp-json\/wp\/v2\/pages\/1309\/revisions\/2712"}],"up":[{"embeddable":true,"href":"https:\/\/liongatebuilders.com\/es\/wp-json\/wp\/v2\/pages\/1300"}],"wp:featuredmedia":[{"embeddable":true,"href":"https:\/\/liongatebuilders.com\/es\/wp-json\/wp\/v2\/media\/2022"}],"wp:attachment":[{"href":"https:\/\/liongatebuilders.com\/es\/wp-json\/wp\/v2\/media?parent=1309"}],"curies":[{"name":"wp","href":"https:\/\/api.w.org\/{rel}","templated":true}]}}