{"id":1321,"date":"2022-09-20T15:14:55","date_gmt":"2022-09-20T15:14:55","guid":{"rendered":"https:\/\/liongatebuilders.com\/servicios-adicionales\/excavacion\/"},"modified":"2024-03-29T02:19:48","modified_gmt":"2024-03-29T02:19:48","slug":"excavacion","status":"publish","type":"page","link":"https:\/\/liongatebuilders.com\/es\/comercial\/excavacion\/","title":{"rendered":"Excavaci\u00f3n"},"content":{"rendered":"<div class=\"wpb-content-wrapper\"><p>[vc_section el_id=&#8221;page_header&#8221;][vc_row css=&#8221;.vc_custom_1583311737715{background: #161616 url(https:\/\/liongatebuilders.com\/wp-content\/uploads\/2020\/03\/page_header-bg.jpg?id=79) !important;background-position: center !important;background-repeat: no-repeat !important;background-size: cover !important;}&#8221;][vc_column][vc_empty_space height=&#8221;75px&#8221; el_class=&#8221;show-for-large&#8221;][vc_empty_space height=&#8221;45px&#8221; el_class=&#8221;hide-for-large&#8221;][vc_row_inner el_class=&#8221;row no-padding-vc&#8221;][vc_column_inner][vc_column_text]<\/p>\n<h1 class=\"page-heading alt-white\" style=\"text-align: center;\">Comercial<\/h1>\n<p>[\/vc_column_text][\/vc_column_inner][\/vc_row_inner][vc_empty_space height=&#8221;75px&#8221; el_class=&#8221;show-for-large&#8221;][vc_empty_space height=&#8221;45px&#8221; el_class=&#8221;hide-for-large&#8221;][\/vc_column][\/vc_row][\/vc_section][vc_section el_id=&#8221;excavation-section_1&#8243;][vc_row][vc_column][vc_row_inner equal_height=&#8221;yes&#8221; content_placement=&#8221;middle&#8221; el_class=&#8221;row no-padding-vc content-width-xlarge&#8221;][vc_column_inner el_class=&#8221;columns xlarge-6 column-left&#8221; width=&#8221;1\/2&#8243;][vc_empty_space height=&#8221;75px&#8221; el_class=&#8221;show-for-large clear-right&#8221;][vc_empty_space height=&#8221;45px&#8221; el_class=&#8221;hide-for-large&#8221;][vc_column_text css_animation=&#8221;fadeInLeft&#8221; el_class=&#8221;column-left-content text-center xlarge-text-left extra-large-padding-right-for-xlarge float-right-for-large&#8221;]<\/p>\n<h1 class=\"section-heading bottom-buffer-1point5rem\">\u00bfPor qu\u00e9 elegir los servicios de excavaci\u00f3n Liongate?<\/h1>\n<p class=\"big bottom-buffer-1point5rem\">La mayor\u00eda de los terrenos no est\u00e1n listos para la colocaci\u00f3n de estructuras hasta que no se han preparado mediante servicios de excavaci\u00f3n. Nuestro equipo de expertos est\u00e1 preparado con servicios atentos que adaptan la preparaci\u00f3n del terreno a sus necesidades espec\u00edficas. Descubra estas ventajas de la excavaci\u00f3n profesional y experimentada de Liongate Builders:<\/p>\n<h2 class=\"bottom-buffer-1point5rem\">Servicio completo de excavaci\u00f3n<\/h2>\n<p class=\"big bottom-buffer-1point5rem\">Podemos manejar tanto la excavaci\u00f3n residencial y comercial que incluye los siguientes servicios:<\/p>\n<ul class=\"text-left big bottom-buffer-1point5rem\">\n<li>Carreteras<\/li>\n<li>Fundaciones<\/li>\n<li>Nivelaci\u00f3n<\/li>\n<li>Drenaje<\/li>\n<li>Zanjeado<\/li>\n<li>Y m\u00e1s<\/li>\n<\/ul>\n<h2 class=\"bottom-buffer-1point5rem\">Permisos e ingenier\u00eda incluidos<\/h2>\n<p class=\"big bottom-buffer-1point5rem\">Le quitamos la presi\u00f3n de encima realizando las tareas de permisos, ingenier\u00eda y topograf\u00eda necesarias para completar su proyecto de excavaci\u00f3n.<\/p>\n<h2 class=\"bottom-buffer-1point5rem\">Servicios a medida<\/h2>\n<p class=\"big bottom-buffer-1point5rem\">Nuestro enfoque basado en las relaciones nos permite adaptar los servicios de excavaci\u00f3n a sus necesidades. Tanto si est\u00e1 nivelando un terreno para un edificio comercial como si est\u00e1 construyendo los cimientos de una casa, nos aseguramos de que su proyecto satisfaga sus necesidades.<\/p>\n<p>[\/vc_column_text][vc_empty_space height=&#8221;75px&#8221; el_class=&#8221;show-for-large clear-right&#8221;][vc_empty_space height=&#8221;45px&#8221; el_class=&#8221;hide-for-large&#8221;][\/vc_column_inner][vc_column_inner el_class=&#8221;columns xlarge-6 column-left&#8221; width=&#8221;1\/2&#8243;][vc_empty_space height=&#8221;75px&#8221; el_class=&#8221;show-for-large clear-right&#8221;][vc_empty_space height=&#8221;45px&#8221; el_class=&#8221;hide-for-large&#8221;]\n<div class=\"wpcf7 no-js\" id=\"wpcf7-f1406-o1\" lang=\"es-ES\" dir=\"ltr\" data-wpcf7-id=\"1406\">\n<div class=\"screen-reader-response\"><p role=\"status\" aria-live=\"polite\" aria-atomic=\"true\"><\/p> <ul><\/ul><\/div>\n<form action=\"\/es\/wp-json\/wp\/v2\/pages\/1321#wpcf7-f1406-o1\" method=\"post\" class=\"wpcf7-form init\" aria-label=\"Contact form\" novalidate=\"novalidate\" data-status=\"init\">\n<fieldset class=\"hidden-fields-container\"><input type=\"hidden\" name=\"_wpcf7\" value=\"1406\" \/><input type=\"hidden\" name=\"_wpcf7_version\" value=\"6.1.5\" \/><input type=\"hidden\" name=\"_wpcf7_locale\" value=\"es_ES\" \/><input type=\"hidden\" name=\"_wpcf7_unit_tag\" value=\"wpcf7-f1406-o1\" \/><input type=\"hidden\" name=\"_wpcf7_container_post\" value=\"0\" \/><input type=\"hidden\" name=\"_wpcf7_posted_data_hash\" value=\"\" \/><input type=\"hidden\" name=\"_wpcf7cf_hidden_group_fields\" value=\"[]\" \/><input type=\"hidden\" name=\"_wpcf7cf_hidden_groups\" value=\"[]\" \/><input type=\"hidden\" name=\"_wpcf7cf_visible_groups\" value=\"[]\" \/><input type=\"hidden\" name=\"_wpcf7cf_repeaters\" value=\"[]\" \/><input type=\"hidden\" name=\"_wpcf7cf_steps\" value=\"{}\" \/><input type=\"hidden\" name=\"_wpcf7cf_options\" value=\"{&quot;form_id&quot;:1406,&quot;conditions&quot;:[],&quot;settings&quot;:{&quot;animation&quot;:&quot;yes&quot;,&quot;animation_intime&quot;:200,&quot;animation_outtime&quot;:200,&quot;conditions_ui&quot;:&quot;normal&quot;,&quot;notice_dismissed&quot;:false}}\" \/>\n<\/fieldset>\n<div class=\"row service-form\">\n\t<div class=\"columns large-12\">\n\t\t<div class=\"row\">\n\t\t\t<div class=\"columns large-12 text-center\">\n\t\t\t\t<h2 class=\"section-heading alt-white bottom-buffer-1point5rem\">\u00bfQuiere saber m\u00e1s?\n\t\t\t\t<\/h2>\n\t\t\t\t<p class=\"big alt-white bottom-buffer-2point5rem\">Nuestro equipo est\u00e1 siempre dispuesto a hablar contigo sobre tu proyecto.<br \/>\n\u00a1Ponte en contacto con nosotros hoy mismo para saber m\u00e1s!\n\t\t\t\t<\/p>\n\t\t\t<\/div>\n\t\t<\/div>\n\t\t<div class=\"row\">\n\t\t\t<div class=\"columns large-12\">\n\t\t\t\t<p><span class=\"wpcf7-form-control-wrap\" data-name=\"full-name\"><input size=\"40\" maxlength=\"400\" class=\"wpcf7-form-control wpcf7-text wpcf7-validates-as-required\" aria-required=\"true\" aria-invalid=\"false\" placeholder=\"Nombre y apellidos\" value=\"\" type=\"text\" name=\"full-name\" \/><\/span>\n\t\t\t\t<\/p>\n\t\t\t<\/div>\n\t\t<\/div>\n\t\t<div class=\"row\">\n\t\t\t<div class=\"columns large-12\">\n\t\t\t\t<p><span class=\"wpcf7-form-control-wrap\" data-name=\"mobile-phone\"><input size=\"40\" maxlength=\"400\" class=\"wpcf7-form-control wpcf7-text wpcf7-validates-as-required\" aria-required=\"true\" aria-invalid=\"false\" placeholder=\"Tel\u00e9fono\" value=\"\" type=\"text\" name=\"mobile-phone\" \/><\/span>\n\t\t\t\t<\/p>\n\t\t\t<\/div>\n\t\t<\/div>\n\t\t<div class=\"row\">\n\t\t\t<div class=\"columns large-12\">\n\t\t\t\t<p><span class=\"wpcf7-form-control-wrap\" data-name=\"email\"><input size=\"40\" maxlength=\"400\" class=\"wpcf7-form-control wpcf7-email wpcf7-validates-as-required wpcf7-text wpcf7-validates-as-email\" aria-required=\"true\" aria-invalid=\"false\" placeholder=\"Correo electr\u00f3nico\" value=\"\" type=\"email\" name=\"email\" \/><\/span>\n\t\t\t\t<\/p>\n\t\t\t<\/div>\n\t\t<\/div>\n\t\t<div class=\"row\">\n\t\t\t<div class=\"columns large-12 bottom-buffer-2point5rem\">\n\t\t\t\t<p><span class=\"wpcf7-form-control-wrap\" data-name=\"message\"><textarea cols=\"10\" rows=\"3\" maxlength=\"2000\" class=\"wpcf7-form-control wpcf7-textarea wpcf7-validates-as-required\" aria-required=\"true\" aria-invalid=\"false\" placeholder=\"Mensaje\" name=\"message\"><\/textarea><\/span>\n\t\t\t\t<\/p>\n\t\t\t<\/div>\n\t\t<\/div>\n\t\t<div class=\"row\">\n\t\t\t<div class=\"columns large-12 text-center\">\n\t\t\t\t<p><span id=\"wpcf7-69f23a934eae1-wrapper\" class=\"wpcf7-form-control-wrap honeypot-274-wrap\" style=\"display:none !important; visibility:hidden !important;\"><label for=\"wpcf7-69f23a934eae1-field\" class=\"hp-message\">Please leave this field empty.<\/label><input id=\"wpcf7-69f23a934eae1-field\"  class=\"wpcf7-form-control wpcf7-text\" type=\"text\" name=\"honeypot-274\" value=\"\" size=\"40\" tabindex=\"-1\" autocomplete=\"new-password\" \/><\/span><button type=\"submit\" class=\"button button-gradient uc\">Obtenga un presupuesto gratuito<\/button>\n\t\t\t\t<\/p>\n\t\t\t<\/div>\n\t\t<\/div>\n\t<\/div>\n<\/div><div class=\"wpcf7-response-output\" aria-hidden=\"true\"><\/div>\n<\/form>\n<\/div>\n[vc_empty_space height=&#8221;75px&#8221; el_class=&#8221;show-for-large clear-right&#8221;][vc_empty_space height=&#8221;45px&#8221; el_class=&#8221;hide-for-large&#8221;][\/vc_column_inner][\/vc_row_inner][\/vc_column][\/vc_row][\/vc_section][vc_section el_id=&#8221;excavation-section_2&#8243;][vc_row][vc_column][vc_row_inner equal_height=&#8221;yes&#8221; content_placement=&#8221;middle&#8221; el_class=&#8221;row expanded no-padding-vc no-padding-foundation content-width-xlarge&#8221;][vc_column_inner el_class=&#8221;columns xlarge-6 column-right xlarge-push-6&#8243; width=&#8221;1\/2&#8243;][vc_column_text css_animation=&#8221;fadeInRight&#8221;]<img decoding=\"async\" class=\"alignnone wp-image-1927 size-full lazyload\" data-src=\"http:\/\/liongatebuilders.com\/wp-content\/uploads\/2024\/03\/excavation-section_2-img_1.webp\" alt=\"Excavation\" width=\"962\" height=\"1029\" data-srcset=\"https:\/\/liongatebuilders.com\/wp-content\/uploads\/2024\/03\/excavation-section_2-img_1.webp 962w, https:\/\/liongatebuilders.com\/wp-content\/uploads\/2024\/03\/excavation-section_2-img_1-280x300.webp 280w, https:\/\/liongatebuilders.com\/wp-content\/uploads\/2024\/03\/excavation-section_2-img_1-957x1024.webp 957w, https:\/\/liongatebuilders.com\/wp-content\/uploads\/2024\/03\/excavation-section_2-img_1-768x821.webp 768w, https:\/\/liongatebuilders.com\/wp-content\/uploads\/2024\/03\/excavation-section_2-img_1-748x800.webp 748w, https:\/\/liongatebuilders.com\/wp-content\/uploads\/2024\/03\/excavation-section_2-img_1-500x535.webp 500w\" data-sizes=\"(max-width: 962px) 100vw, 962px\" src=\"data:image\/svg+xml;base64,PHN2ZyB3aWR0aD0iMSIgaGVpZ2h0PSIxIiB4bWxucz0iaHR0cDovL3d3dy53My5vcmcvMjAwMC9zdmciPjwvc3ZnPg==\" style=\"--smush-placeholder-width: 962px; --smush-placeholder-aspect-ratio: 962\/1029;\" \/>[\/vc_column_text][\/vc_column_inner][vc_column_inner el_class=&#8221;columns xlarge-6 xlarge-pull-6 column-left&#8221; width=&#8221;1\/2&#8243; css=&#8221;.vc_custom_1663266047549{background-color: #f3f1ea !important;}&#8221;][vc_empty_space height=&#8221;75px&#8221; el_class=&#8221;show-for-large clear-right&#8221;][vc_empty_space height=&#8221;45px&#8221; el_class=&#8221;hide-for-large&#8221;][vc_column_text css_animation=&#8221;fadeInLeft&#8221; el_class=&#8221;column-left-content text-center xlarge-text-left extra-large-padding-right-for-xlarge float-right-for-large&#8221;]<\/p>\n<h1 class=\"section-heading bottom-buffer-1point5rem\">Excavaci\u00f3n de cimientos<\/h1>\n<p class=\"big bottom-buffer-1point5rem\">Construya su casa, edificio comercial o urbanizaci\u00f3n sobre cimientos firmes con la excavaci\u00f3n de cimientos de Liongate. En primer lugar, nuestros experimentados ingenieros y expertos en excavaciones eval\u00faan detenidamente su terreno y sus planos de construcci\u00f3n para determinar sus necesidades de cimentaci\u00f3n y, a continuaci\u00f3n, desarrollan un plan para establecer un espacio estable sobre el que pueda construir.<\/p>\n<p class=\"big bottom-buffer-1point5rem\">Con a\u00f1os de experiencia, una flota de equipos y la capacidad de salvar a mano cualquier obst\u00e1culo que surja, podemos excavar peque\u00f1as parcelas o hect\u00e1reas destinadas a urbanizaciones enteras. Y lo hacemos todo con el objetivo de crear un lugar que sostenga su edificio durante toda la vida.<\/p>\n<p>[\/vc_column_text][vc_empty_space height=&#8221;75px&#8221; el_class=&#8221;show-for-large clear-right&#8221;][vc_empty_space height=&#8221;45px&#8221; el_class=&#8221;hide-for-large&#8221;][\/vc_column_inner][\/vc_row_inner][\/vc_column][\/vc_row][\/vc_section][vc_section el_id=&#8221;excavation-section_3&#8243; el_class=&#8221;bg-primary bg-size-cover bg-no-repeat bg-center-bottom&#8221; css=&#8221;.vc_custom_1663688841797{background-image: url(http:\/\/liongatebuilders.com\/wp-content\/uploads\/2022\/09\/excavation-section_3-bg-img_1.jpg?id=731) !important;background-position: center !important;background-repeat: no-repeat !important;background-size: cover !important;}&#8221;][vc_row][vc_column][vc_empty_space height=&#8221;150px&#8221; el_class=&#8221;show-for-large clear-right&#8221;][vc_empty_space height=&#8221;45px&#8221; el_class=&#8221;hide-for-large&#8221;][vc_row_inner el_class=&#8221;row no-padding-vc&#8221;][vc_column_inner el_class=&#8221;columns small-12 large-10 large-offset-1 has-background-with-opacity has-padding&#8221;][vc_column_text el_class=&#8221;text-center&#8221;]<\/p>\n<h1 class=\"section-heading alt-white bottom-buffer-1point5rem\">Servicios subterr\u00e1neos<\/h1>\n<p class=\"big alt-white bottom-buffer-1point5rem\">Una excavaci\u00f3n descuidada puede interferir a menudo con las l\u00edneas subterr\u00e1neas de servicios p\u00fablicos como fontaner\u00eda, tuber\u00edas de agua y gas. Por ello, nuestro equipo presta una atenci\u00f3n inigualable a los detalles y planifica minuciosamente un proyecto de excavaci\u00f3n que tenga en cuenta todos los servicios subterr\u00e1neos.<\/p>\n<p class=\"big alt-white bottom-buffer-1point5rem\">Conf\u00ede en nuestro equipo para identificar las tuber\u00edas y l\u00edneas que pasan por debajo de su propiedad y crear un plan de excavaci\u00f3n que evite estas zonas. A continuaci\u00f3n, conf\u00ede en nuestro equipo de expertos para completar con \u00e9xito su proyecto sin alterar los servicios p\u00fablicos que, en caso de resultar da\u00f1ados, podr\u00edan retrasar el calendario y el presupuesto de su proyecto. Nuestra prioridad es terminar su proyecto de excavaci\u00f3n a tiempo y de forma segura.<\/p>\n<p>[\/vc_column_text][vc_empty_space height=&#8221;60px&#8221; el_class=&#8221;show-for-large clear-right&#8221;][vc_empty_space height=&#8221;45px&#8221; el_class=&#8221;hide-for-large&#8221;][vc_column_text el_class=&#8221;text-center large-text-left hide&#8221;]<\/p>\n<div class=\"row\">\n<div class=\"large-6 columns bottom-buffer-1point5rem\">\n<ul class=\"big bottom-buffer-1point5rem alt-white bottom-buffer-1point5rem\">\n<li style=\"text-align: left;\">Servicios<\/li>\n<li style=\"text-align: left;\">Permisos<\/li>\n<li style=\"text-align: left;\">Legislaci\u00f3n<\/li>\n<li style=\"text-align: left;\">Materiales peligrosos y descontaminaci\u00f3n<\/li>\n<li style=\"text-align: left;\">Peligros para la seguridad<\/li>\n<\/ul>\n<\/div>\n<div class=\"large-6 columns bottom-buffer-1point5rem\">\n<ul class=\"big alt-white\">\n<li style=\"text-align: left;\">Resoluci\u00f3n de problemas<\/li>\n<li style=\"text-align: left;\">Selecci\u00f3n de equipos y m\u00e9todos<\/li>\n<li style=\"text-align: left;\">Protecci\u00f3n de las estructuras y viviendas cercanas<\/li>\n<li style=\"text-align: left;\">Y m\u00e1s<\/li>\n<\/ul>\n<\/div>\n<\/div>\n<p class=\"big alt-white bottom-buffer-1point5rem\">Deje que nosotros nos encarguemos de planificar su derribo mientras usted sue\u00f1a con c\u00f3mo utilizar esa propiedad una vez eliminada la estructura existente.<\/p>\n<p>[\/vc_column_text][\/vc_column_inner][\/vc_row_inner][vc_empty_space height=&#8221;150px&#8221; el_class=&#8221;show-for-large clear-right&#8221;][vc_empty_space height=&#8221;45px&#8221; el_class=&#8221;hide-for-large&#8221;][\/vc_column][\/vc_row][\/vc_section][vc_section el_id=&#8221;excavation-section_4&#8243;][vc_row][vc_column][vc_empty_space height=&#8221;45px&#8221; el_class=&#8221;hide-for-large&#8221;][vc_row_inner equal_height=&#8221;yes&#8221; content_placement=&#8221;middle&#8221; el_class=&#8221;row expanded no-padding-vc no-padding-foundation content-width-xlarge&#8221;][vc_column_inner el_class=&#8221;columns xlarge-6 column-right xlarge-push-6&#8243; width=&#8221;1\/2&#8243;][vc_column_text css_animation=&#8221;fadeInRight&#8221;]<img decoding=\"async\" class=\"alignnone wp-image-1904 size-full lazyload\" data-src=\"http:\/\/liongatebuilders.com\/wp-content\/uploads\/2024\/03\/excavation-section_4-img_1.webp\" alt=\"\" width=\"962\" height=\"1029\" data-srcset=\"https:\/\/liongatebuilders.com\/wp-content\/uploads\/2024\/03\/excavation-section_4-img_1.webp 962w, https:\/\/liongatebuilders.com\/wp-content\/uploads\/2024\/03\/excavation-section_4-img_1-280x300.webp 280w, https:\/\/liongatebuilders.com\/wp-content\/uploads\/2024\/03\/excavation-section_4-img_1-957x1024.webp 957w, https:\/\/liongatebuilders.com\/wp-content\/uploads\/2024\/03\/excavation-section_4-img_1-768x821.webp 768w, https:\/\/liongatebuilders.com\/wp-content\/uploads\/2024\/03\/excavation-section_4-img_1-748x800.webp 748w, https:\/\/liongatebuilders.com\/wp-content\/uploads\/2024\/03\/excavation-section_4-img_1-500x535.webp 500w\" data-sizes=\"(max-width: 962px) 100vw, 962px\" src=\"data:image\/svg+xml;base64,PHN2ZyB3aWR0aD0iMSIgaGVpZ2h0PSIxIiB4bWxucz0iaHR0cDovL3d3dy53My5vcmcvMjAwMC9zdmciPjwvc3ZnPg==\" style=\"--smush-placeholder-width: 962px; --smush-placeholder-aspect-ratio: 962\/1029;\" \/>[\/vc_column_text][\/vc_column_inner][vc_column_inner el_class=&#8221;columns xlarge-6 xlarge-pull-6 column-left&#8221; width=&#8221;1\/2&#8243;][vc_empty_space height=&#8221;75px&#8221; el_class=&#8221;show-for-large clear-right&#8221;][vc_empty_space height=&#8221;45px&#8221; el_class=&#8221;hide-for-large&#8221;][vc_column_text css_animation=&#8221;fadeInLeft&#8221; el_class=&#8221;column-left-content text-center xlarge-text-left extra-large-padding-right-for-xlarge float-right-for-large&#8221;]<\/p>\n<h1 class=\"section-heading bottom-buffer-1point5rem\">Nivelaci\u00f3n del terreno<\/h1>\n<p class=\"big bottom-buffer-1point5rem\">Tanto si desea ajardinar su patio trasero como preparar su propiedad para a\u00f1adir sistemas s\u00e9pticos, piscinas u otros proyectos, es probable que necesite una nivelaci\u00f3n del terreno. Este proceso, una vez completado por Liongate, tiene en cuenta sus planes para el terreno con el fin de hacer posible que siga adelante con la propiedad de sus sue\u00f1os. \u00c9stos son s\u00f3lo algunos de los proyectos que nuestra clasificaci\u00f3n puede ayudarle a completar:<\/p>\n<ul class=\"big bottom-buffer-1point5rem\">\n<li style=\"text-align: left;\">Mitigaci\u00f3n del drenaje del agua<\/li>\n<li style=\"text-align: left;\">Instalaci\u00f3n de piscinas<\/li>\n<li style=\"text-align: left;\">Instalaci\u00f3n de sistemas s\u00e9pticos<\/li>\n<li style=\"text-align: left;\">Paisajismo<\/li>\n<li style=\"text-align: left;\">Instalaci\u00f3n de pozos secos<\/li>\n<li style=\"text-align: left;\">Instalaci\u00f3n de aceras<\/li>\n<li style=\"text-align: left;\">Y m\u00e1s<\/li>\n<\/ul>\n<p class=\"big bottom-buffer-1point5rem\">Hacemos algo m\u00e1s que clasificar el terreno. Nuestro enfoque de servicio completo incluye la tramitaci\u00f3n de todos los permisos y la gesti\u00f3n del proyecto para que usted s\u00f3lo tenga que disfrutar del producto acabado.<\/p>\n<p>[\/vc_column_text][vc_empty_space height=&#8221;75px&#8221; el_class=&#8221;show-for-large clear-right&#8221;][vc_empty_space height=&#8221;45px&#8221; el_class=&#8221;hide-for-large&#8221;][\/vc_column_inner][\/vc_row_inner][\/vc_column][\/vc_row][\/vc_section]<\/p>\n<\/div>","protected":false},"excerpt":{"rendered":"<p>[vc_section el_id=&#8221;page_header&#8221;][vc_row css=&#8221;.vc_custom_1583311737715{background: #161616 url(https:\/\/liongatebuilders.com\/wp-content\/uploads\/2020\/03\/page_header-bg.jpg?id=79) !important;background-position: center !important;background-repeat: no-repeat !important;background-size: cover !important;}&#8221;][vc_column][vc_empty_space height=&#8221;75px&#8221; el_class=&#8221;show-for-large&#8221;][vc_empty_space height=&#8221;45px&#8221; el_class=&#8221;hide-for-large&#8221;][vc_row_inner el_class=&#8221;row no-padding-vc&#8221;][vc_column_inner][vc_column_text] Comercial [\/vc_column_text][\/vc_column_inner][\/vc_row_inner][vc_empty_space height=&#8221;75px&#8221; el_class=&#8221;show-for-large&#8221;][vc_empty_space height=&#8221;45px&#8221; el_class=&#8221;hide-for-large&#8221;][\/vc_column][\/vc_row][\/vc_section][vc_section el_id=&#8221;excavation-section_1&#8243;][vc_row][vc_column][vc_row_inner equal_height=&#8221;yes&#8221; content_placement=&#8221;middle&#8221; el_class=&#8221;row no-padding-vc content-width-xlarge&#8221;][vc_column_inner el_class=&#8221;columns xlarge-6 column-left&#8221; width=&#8221;1\/2&#8243;][vc_empty_space height=&#8221;75px&#8221; el_class=&#8221;show-for-large clear-right&#8221;][vc_empty_space height=&#8221;45px&#8221; el_class=&#8221;hide-for-large&#8221;][vc_column_text css_animation=&#8221;fadeInLeft&#8221; el_class=&#8221;column-left-content text-center xlarge-text-left extra-large-padding-right-for-xlarge float-right-for-large&#8221;] \u00bfPor qu\u00e9 elegir los servicios de excavaci\u00f3n Liongate? La mayor\u00eda<a class=\"excerpt-read-more\" href=\"https:\/\/liongatebuilders.com\/es\/comercial\/excavacion\/\" title=\"ReadExcavaci\u00f3n\">&#8230; Read more &raquo;<\/a><\/p>\n","protected":false},"author":1,"featured_media":2028,"parent":1300,"menu_order":0,"comment_status":"closed","ping_status":"closed","template":"template-visual-builder.php","meta":{"_acf_changed":false,"_seopress_robots_primary_cat":"","_seopress_titles_title":"Servicios de Excavaci\u00f3n McAllen TX - Liongate Builders","_seopress_titles_desc":"Nuestro equipo de expertos est\u00e1 preparado con atentos servicios de excavaci\u00f3n que adaptan la preparaci\u00f3n del terreno a sus necesidades espec\u00edficas.","_seopress_robots_index":"","footnotes":""},"class_list":["post-1321","page","type-page","status-publish","has-post-thumbnail","hentry"],"acf":[],"_links":{"self":[{"href":"https:\/\/liongatebuilders.com\/es\/wp-json\/wp\/v2\/pages\/1321","targetHints":{"allow":["GET"]}}],"collection":[{"href":"https:\/\/liongatebuilders.com\/es\/wp-json\/wp\/v2\/pages"}],"about":[{"href":"https:\/\/liongatebuilders.com\/es\/wp-json\/wp\/v2\/types\/page"}],"author":[{"embeddable":true,"href":"https:\/\/liongatebuilders.com\/es\/wp-json\/wp\/v2\/users\/1"}],"replies":[{"embeddable":true,"href":"https:\/\/liongatebuilders.com\/es\/wp-json\/wp\/v2\/comments?post=1321"}],"version-history":[{"count":7,"href":"https:\/\/liongatebuilders.com\/es\/wp-json\/wp\/v2\/pages\/1321\/revisions"}],"predecessor-version":[{"id":1930,"href":"https:\/\/liongatebuilders.com\/es\/wp-json\/wp\/v2\/pages\/1321\/revisions\/1930"}],"up":[{"embeddable":true,"href":"https:\/\/liongatebuilders.com\/es\/wp-json\/wp\/v2\/pages\/1300"}],"wp:featuredmedia":[{"embeddable":true,"href":"https:\/\/liongatebuilders.com\/es\/wp-json\/wp\/v2\/media\/2028"}],"wp:attachment":[{"href":"https:\/\/liongatebuilders.com\/es\/wp-json\/wp\/v2\/media?parent=1321"}],"curies":[{"name":"wp","href":"https:\/\/api.w.org\/{rel}","templated":true}]}}