{"id":1325,"date":"2022-09-20T15:06:38","date_gmt":"2022-09-20T15:06:38","guid":{"rendered":"https:\/\/liongatebuilders.com\/servicios-adicionales\/demolicion\/"},"modified":"2024-03-29T02:46:44","modified_gmt":"2024-03-29T02:46:44","slug":"demolicion","status":"publish","type":"page","link":"https:\/\/liongatebuilders.com\/es\/servicios-residenciales\/demolicion\/","title":{"rendered":"Demolici\u00f3n"},"content":{"rendered":"<div class=\"wpb-content-wrapper\"><p>[vc_section el_id=&#8221;page_header&#8221;][vc_row css=&#8221;.vc_custom_1583311737715{background: #161616 url(https:\/\/liongatebuilders.com\/wp-content\/uploads\/2020\/03\/page_header-bg.jpg?id=79) !important;background-position: center !important;background-repeat: no-repeat !important;background-size: cover !important;}&#8221;][vc_column][vc_empty_space height=&#8221;75px&#8221; el_class=&#8221;show-for-large&#8221;][vc_empty_space height=&#8221;45px&#8221; el_class=&#8221;hide-for-large&#8221;][vc_row_inner el_class=&#8221;row no-padding-vc&#8221;][vc_column_inner][vc_column_text]<\/p>\n<h1 class=\"page-heading alt-white\" style=\"text-align: center;\">Comercial<\/h1>\n<p>[\/vc_column_text][\/vc_column_inner][\/vc_row_inner][vc_empty_space height=&#8221;75px&#8221; el_class=&#8221;show-for-large&#8221;][vc_empty_space height=&#8221;45px&#8221; el_class=&#8221;hide-for-large&#8221;][\/vc_column][\/vc_row][\/vc_section][vc_section el_id=&#8221;demolition-section_1&#8243;][vc_row][vc_column][vc_row_inner equal_height=&#8221;yes&#8221; content_placement=&#8221;middle&#8221; el_class=&#8221;row no-padding-vc content-width-xlarge&#8221;][vc_column_inner el_class=&#8221;columns xlarge-6 column-left&#8221; width=&#8221;1\/2&#8243;][vc_empty_space height=&#8221;75px&#8221; el_class=&#8221;show-for-large clear-right&#8221;][vc_empty_space height=&#8221;45px&#8221; el_class=&#8221;hide-for-large&#8221;][vc_column_text css_animation=&#8221;fadeInLeft&#8221; el_class=&#8221;column-left-content text-center xlarge-text-left extra-large-padding-right-for-xlarge float-right-for-large&#8221;]<\/p>\n<h1 class=\"section-heading bottom-buffer-1point5rem\">\u00bfPor qu\u00e9 elegir los servicios de demolici\u00f3n Liongate?<\/h1>\n<p class=\"big bottom-buffer-1point5rem\">Nuestro equipo de expertos en demoliciones est\u00e1 a su disposici\u00f3n para llevar a cabo desmontajes eficientes y minuciosos como preparaci\u00f3n para su proyecto de construcci\u00f3n. Seguros y cuidadosamente dise\u00f1ados, nuestros servicios de demolici\u00f3n le ofrecen las siguientes ventajas:<\/p>\n<h2 class=\"bottom-buffer-1point5rem\">Demostraci\u00f3n de servicio completo<\/h2>\n<p class=\"big bottom-buffer-1point5rem\">Realizamos demoliciones para cualquier proyecto, desde la eliminaci\u00f3n de todo un edificio hasta la simple destrucci\u00f3n de paredes o tejados.<\/p>\n<h2 class=\"bottom-buffer-1point5rem\">Competencia y seguros<\/h2>\n<p class=\"big bottom-buffer-1point5rem\">Nuestro equipo tiene a\u00f1os de experiencia en proyectos de demolici\u00f3n de todos los tama\u00f1os, y viene completamente asegurado para su m\u00e1xima protecci\u00f3n y su tranquilidad.<\/p>\n<h2 class=\"bottom-buffer-1point5rem\">Experiencia en ingenier\u00eda<\/h2>\n<p class=\"big bottom-buffer-1point5rem\">Podemos llevar a cabo proyectos de demolici\u00f3n exigentes con conocimientos de ingenier\u00eda y otras consideraciones especiales que conducen a la finalizaci\u00f3n segura y eficaz del proyecto.<\/p>\n<h2 class=\"bottom-buffer-1point5rem\">Preparaci\u00f3n de la construcci\u00f3n<\/h2>\n<p class=\"big bottom-buffer-1point5rem\">Hacemos algo m\u00e1s que demoler estructuras existentes no deseadas. Tambi\u00e9n retiramos los residuos y preparamos la zona para la construcci\u00f3n de un nuevo y hermoso espacio.<\/p>\n<p>[\/vc_column_text][vc_empty_space height=&#8221;75px&#8221; el_class=&#8221;show-for-large clear-right&#8221;][vc_empty_space height=&#8221;45px&#8221; el_class=&#8221;hide-for-large&#8221;][\/vc_column_inner][vc_column_inner el_class=&#8221;columns xlarge-6 column-left&#8221; width=&#8221;1\/2&#8243;][vc_empty_space height=&#8221;75px&#8221; el_class=&#8221;show-for-large clear-right&#8221;][vc_empty_space height=&#8221;45px&#8221; el_class=&#8221;hide-for-large&#8221;]\n<div class=\"wpcf7 no-js\" id=\"wpcf7-f1406-o1\" lang=\"es-ES\" dir=\"ltr\" data-wpcf7-id=\"1406\">\n<div class=\"screen-reader-response\"><p role=\"status\" aria-live=\"polite\" aria-atomic=\"true\"><\/p> <ul><\/ul><\/div>\n<form action=\"\/es\/wp-json\/wp\/v2\/pages\/1325#wpcf7-f1406-o1\" method=\"post\" class=\"wpcf7-form init\" aria-label=\"Contact form\" novalidate=\"novalidate\" data-status=\"init\">\n<fieldset class=\"hidden-fields-container\"><input type=\"hidden\" name=\"_wpcf7\" value=\"1406\" \/><input type=\"hidden\" name=\"_wpcf7_version\" value=\"6.1.5\" \/><input type=\"hidden\" name=\"_wpcf7_locale\" value=\"es_ES\" \/><input type=\"hidden\" name=\"_wpcf7_unit_tag\" value=\"wpcf7-f1406-o1\" \/><input type=\"hidden\" name=\"_wpcf7_container_post\" value=\"0\" \/><input type=\"hidden\" name=\"_wpcf7_posted_data_hash\" value=\"\" \/><input type=\"hidden\" name=\"_wpcf7cf_hidden_group_fields\" value=\"[]\" \/><input type=\"hidden\" name=\"_wpcf7cf_hidden_groups\" value=\"[]\" \/><input type=\"hidden\" name=\"_wpcf7cf_visible_groups\" value=\"[]\" \/><input type=\"hidden\" name=\"_wpcf7cf_repeaters\" value=\"[]\" \/><input type=\"hidden\" name=\"_wpcf7cf_steps\" value=\"{}\" \/><input type=\"hidden\" name=\"_wpcf7cf_options\" value=\"{&quot;form_id&quot;:1406,&quot;conditions&quot;:[],&quot;settings&quot;:{&quot;animation&quot;:&quot;yes&quot;,&quot;animation_intime&quot;:200,&quot;animation_outtime&quot;:200,&quot;conditions_ui&quot;:&quot;normal&quot;,&quot;notice_dismissed&quot;:false}}\" \/>\n<\/fieldset>\n<div class=\"row service-form\">\n\t<div class=\"columns large-12\">\n\t\t<div class=\"row\">\n\t\t\t<div class=\"columns large-12 text-center\">\n\t\t\t\t<h2 class=\"section-heading alt-white bottom-buffer-1point5rem\">\u00bfQuiere saber m\u00e1s?\n\t\t\t\t<\/h2>\n\t\t\t\t<p class=\"big alt-white bottom-buffer-2point5rem\">Nuestro equipo est\u00e1 siempre dispuesto a hablar contigo sobre tu proyecto.<br \/>\n\u00a1Ponte en contacto con nosotros hoy mismo para saber m\u00e1s!\n\t\t\t\t<\/p>\n\t\t\t<\/div>\n\t\t<\/div>\n\t\t<div class=\"row\">\n\t\t\t<div class=\"columns large-12\">\n\t\t\t\t<p><span class=\"wpcf7-form-control-wrap\" data-name=\"full-name\"><input size=\"40\" maxlength=\"400\" class=\"wpcf7-form-control wpcf7-text wpcf7-validates-as-required\" aria-required=\"true\" aria-invalid=\"false\" placeholder=\"Nombre y apellidos\" value=\"\" type=\"text\" name=\"full-name\" \/><\/span>\n\t\t\t\t<\/p>\n\t\t\t<\/div>\n\t\t<\/div>\n\t\t<div class=\"row\">\n\t\t\t<div class=\"columns large-12\">\n\t\t\t\t<p><span class=\"wpcf7-form-control-wrap\" data-name=\"mobile-phone\"><input size=\"40\" maxlength=\"400\" class=\"wpcf7-form-control wpcf7-text wpcf7-validates-as-required\" aria-required=\"true\" aria-invalid=\"false\" placeholder=\"Tel\u00e9fono\" value=\"\" type=\"text\" name=\"mobile-phone\" \/><\/span>\n\t\t\t\t<\/p>\n\t\t\t<\/div>\n\t\t<\/div>\n\t\t<div class=\"row\">\n\t\t\t<div class=\"columns large-12\">\n\t\t\t\t<p><span class=\"wpcf7-form-control-wrap\" data-name=\"email\"><input size=\"40\" maxlength=\"400\" class=\"wpcf7-form-control wpcf7-email wpcf7-validates-as-required wpcf7-text wpcf7-validates-as-email\" aria-required=\"true\" aria-invalid=\"false\" placeholder=\"Correo electr\u00f3nico\" value=\"\" type=\"email\" name=\"email\" \/><\/span>\n\t\t\t\t<\/p>\n\t\t\t<\/div>\n\t\t<\/div>\n\t\t<div class=\"row\">\n\t\t\t<div class=\"columns large-12 bottom-buffer-2point5rem\">\n\t\t\t\t<p><span class=\"wpcf7-form-control-wrap\" data-name=\"message\"><textarea cols=\"10\" rows=\"3\" maxlength=\"2000\" class=\"wpcf7-form-control wpcf7-textarea wpcf7-validates-as-required\" aria-required=\"true\" aria-invalid=\"false\" placeholder=\"Mensaje\" name=\"message\"><\/textarea><\/span>\n\t\t\t\t<\/p>\n\t\t\t<\/div>\n\t\t<\/div>\n\t\t<div class=\"row\">\n\t\t\t<div class=\"columns large-12 text-center\">\n\t\t\t\t<p><span id=\"wpcf7-69d9270546133-wrapper\" class=\"wpcf7-form-control-wrap honeypot-274-wrap\" style=\"display:none !important; visibility:hidden !important;\"><label for=\"wpcf7-69d9270546133-field\" class=\"hp-message\">Please leave this field empty.<\/label><input id=\"wpcf7-69d9270546133-field\"  class=\"wpcf7-form-control wpcf7-text\" type=\"text\" name=\"honeypot-274\" value=\"\" size=\"40\" tabindex=\"-1\" autocomplete=\"new-password\" \/><\/span><button type=\"submit\" class=\"button button-gradient uc\">Obtenga un presupuesto gratuito<\/button>\n\t\t\t\t<\/p>\n\t\t\t<\/div>\n\t\t<\/div>\n\t<\/div>\n<\/div><div class=\"wpcf7-response-output\" aria-hidden=\"true\"><\/div>\n<\/form>\n<\/div>\n[vc_empty_space height=&#8221;75px&#8221; el_class=&#8221;show-for-large clear-right&#8221;][vc_empty_space height=&#8221;45px&#8221; el_class=&#8221;hide-for-large&#8221;][\/vc_column_inner][\/vc_row_inner][\/vc_column][\/vc_row][\/vc_section][vc_section el_id=&#8221;demolition-section_2&#8243;][vc_row][vc_column][vc_row_inner equal_height=&#8221;yes&#8221; content_placement=&#8221;middle&#8221; el_class=&#8221;row expanded no-padding-vc no-padding-foundation content-width-xlarge&#8221;][vc_column_inner el_class=&#8221;columns xlarge-6 column-right xlarge-push-6&#8243; width=&#8221;1\/2&#8243;][vc_column_text css_animation=&#8221;fadeInRight&#8221;]<img decoding=\"async\" class=\"alignnone wp-image-1938 size-full lazyload\" data-src=\"http:\/\/liongatebuilders.com\/wp-content\/uploads\/2024\/03\/demolition-section_2-img_1-min.png\" alt=\"Demolition\" width=\"962\" height=\"1029\" data-srcset=\"https:\/\/liongatebuilders.com\/wp-content\/uploads\/2024\/03\/demolition-section_2-img_1-min.png 962w, https:\/\/liongatebuilders.com\/wp-content\/uploads\/2024\/03\/demolition-section_2-img_1-min-280x300.png 280w, https:\/\/liongatebuilders.com\/wp-content\/uploads\/2024\/03\/demolition-section_2-img_1-min-957x1024.png 957w, https:\/\/liongatebuilders.com\/wp-content\/uploads\/2024\/03\/demolition-section_2-img_1-min-768x821.png 768w, https:\/\/liongatebuilders.com\/wp-content\/uploads\/2024\/03\/demolition-section_2-img_1-min-748x800.png 748w, https:\/\/liongatebuilders.com\/wp-content\/uploads\/2024\/03\/demolition-section_2-img_1-min-500x535.png 500w\" data-sizes=\"(max-width: 962px) 100vw, 962px\" src=\"data:image\/svg+xml;base64,PHN2ZyB3aWR0aD0iMSIgaGVpZ2h0PSIxIiB4bWxucz0iaHR0cDovL3d3dy53My5vcmcvMjAwMC9zdmciPjwvc3ZnPg==\" style=\"--smush-placeholder-width: 962px; --smush-placeholder-aspect-ratio: 962\/1029;\" \/>[\/vc_column_text][\/vc_column_inner][vc_column_inner el_class=&#8221;columns xlarge-6 xlarge-pull-6 column-left&#8221; width=&#8221;1\/2&#8243; css=&#8221;.vc_custom_1663266047549{background-color: #f3f1ea !important;}&#8221;][vc_empty_space height=&#8221;75px&#8221; el_class=&#8221;show-for-large clear-right&#8221;][vc_empty_space height=&#8221;45px&#8221; el_class=&#8221;hide-for-large&#8221;][vc_column_text css_animation=&#8221;fadeInLeft&#8221; el_class=&#8221;column-left-content text-center xlarge-text-left extra-large-padding-right-for-xlarge float-right-for-large&#8221;]<\/p>\n<h1 class=\"section-heading bottom-buffer-1point5rem\">Demolici\u00f3n estructural<\/h1>\n<p class=\"big bottom-buffer-1point5rem\">Cuando necesite eliminar toda una estructura para dar paso a un proyecto de ensue\u00f1o personalizado, los expertos en demolici\u00f3n de Liongate pueden ayudarle. Llevamos con nosotros el equipo pesado y la planificaci\u00f3n inteligente necesarios para retirar con seguridad estructuras de todos los tama\u00f1os de su propiedad.<\/p>\n<p class=\"big bottom-buffer-1point5rem\">Deje que nuestro equipo considere todos los aspectos de su gran proyecto de demolici\u00f3n. Podemos encargarnos de demoliciones sencillas, as\u00ed como de proyectos que impliquen consideraciones especiales, como el amianto. Planifiquemos y ejecutemos proyectos con<br \/>\nlas siguientes complejidades:<\/p>\n<ul class=\"big bottom-buffer-1point5rem\">\n<li style=\"text-align: left;\">Equipos especializados<\/li>\n<li style=\"text-align: left;\">Amianto u otros materiales peligrosos<\/li>\n<li style=\"text-align: left;\">Muros de carga<\/li>\n<li style=\"text-align: left;\">Y m\u00e1s<\/li>\n<\/ul>\n<p>[\/vc_column_text][vc_empty_space height=&#8221;75px&#8221; el_class=&#8221;show-for-large clear-right&#8221;][vc_empty_space height=&#8221;45px&#8221; el_class=&#8221;hide-for-large&#8221;][\/vc_column_inner][\/vc_row_inner][\/vc_column][\/vc_row][\/vc_section][vc_section el_id=&#8221;demolition-section_3&#8243; el_class=&#8221;bg-primary bg-size-cover bg-no-repeat bg-center-bottom&#8221; css=&#8221;.vc_custom_1663686343664{background-image: url(http:\/\/liongatebuilders.com\/wp-content\/uploads\/2022\/09\/demolition-section_2-bg-img_1.jpg?id=715) !important;background-position: center !important;background-repeat: no-repeat !important;background-size: cover !important;}&#8221;][vc_row][vc_column][vc_empty_space height=&#8221;150px&#8221; el_class=&#8221;show-for-large clear-right&#8221;][vc_empty_space height=&#8221;45px&#8221; el_class=&#8221;hide-for-large&#8221;][vc_row_inner el_class=&#8221;row no-padding-vc&#8221;][vc_column_inner el_class=&#8221;columns small-12 large-10 large-offset-1 has-background-with-opacity has-padding&#8221;][vc_column_text el_class=&#8221;text-center&#8221;]<\/p>\n<h1 class=\"section-heading alt-white bottom-buffer-1point5rem\">Demolici\u00f3n selectiva<\/h1>\n<p class=\"big alt-white bottom-buffer-1point5rem\">Para proyectos que no requieren la retirada de estructuras enteras, ofrecemos demolici\u00f3n selectiva. Desde la retirada de un tejado hasta la demolici\u00f3n de un muro, este servicio aplica nuestros a\u00f1os de experiencia y nuestra gama de herramientas para llevar a cabo proyectos de demolici\u00f3n precisos y espec\u00edficos. Para estos proyectos, nos dedicamos a una planificaci\u00f3n exhaustiva y a una eliminaci\u00f3n meditada de las zonas deseadas de su edificio con el fin de garantizar la seguridad y la integridad de la estructura restante. Perm\u00edtanos retirar s\u00f3lo una parte de una habitaci\u00f3n o una secci\u00f3n de un edificio, dejando el resto intacto y listo para su proyecto de reconstrucci\u00f3n a medida.<\/p>\n<p>[\/vc_column_text][vc_empty_space height=&#8221;60px&#8221; el_class=&#8221;show-for-large clear-right&#8221;][vc_empty_space height=&#8221;45px&#8221; el_class=&#8221;hide-for-large&#8221;][vc_column_text el_class=&#8221;text-center large-text-left hide&#8221;]<\/p>\n<div class=\"row\">\n<div class=\"large-6 columns bottom-buffer-1point5rem\">\n<ul class=\"big bottom-buffer-1point5rem alt-white bottom-buffer-1point5rem\">\n<li style=\"text-align: left;\">Servicios<\/li>\n<li style=\"text-align: left;\">Permisos<\/li>\n<li style=\"text-align: left;\">Legislaci\u00f3n<\/li>\n<li style=\"text-align: left;\">Materiales peligrosos y descontaminaci\u00f3n<\/li>\n<li style=\"text-align: left;\">Peligros para la seguridad<\/li>\n<\/ul>\n<\/div>\n<div class=\"large-6 columns bottom-buffer-1point5rem\">\n<ul class=\"big alt-white\">\n<li style=\"text-align: left;\">Resoluci\u00f3n de problemas<\/li>\n<li style=\"text-align: left;\">Selecci\u00f3n de equipos y m\u00e9todos<\/li>\n<li style=\"text-align: left;\">Protecci\u00f3n de las estructuras y viviendas cercanas<\/li>\n<li style=\"text-align: left;\">Y m\u00e1s<\/li>\n<\/ul>\n<\/div>\n<\/div>\n<p class=\"big alt-white bottom-buffer-1point5rem\">Deje que nosotros nos encarguemos de planificar su derribo mientras usted sue\u00f1a con c\u00f3mo utilizar esa propiedad una vez eliminada la estructura existente.<\/p>\n<p>[\/vc_column_text][\/vc_column_inner][\/vc_row_inner][vc_empty_space height=&#8221;150px&#8221; el_class=&#8221;show-for-large clear-right&#8221;][vc_empty_space height=&#8221;45px&#8221; el_class=&#8221;hide-for-large&#8221;][\/vc_column][\/vc_row][\/vc_section][vc_section el_id=&#8221;demolition-section_4&#8243;][vc_row][vc_column][vc_empty_space height=&#8221;45px&#8221; el_class=&#8221;hide-for-large&#8221;][vc_row_inner equal_height=&#8221;yes&#8221; content_placement=&#8221;middle&#8221; el_class=&#8221;row expanded no-padding-vc no-padding-foundation content-width-xlarge&#8221;][vc_column_inner el_class=&#8221;columns xlarge-6 column-right xlarge-push-6&#8243; width=&#8221;1\/2&#8243;][vc_column_text css_animation=&#8221;fadeInRight&#8221;]<img decoding=\"async\" class=\"alignnone wp-image-1908 size-full lazyload\" data-src=\"http:\/\/liongatebuilders.com\/wp-content\/uploads\/2024\/03\/demolition-section_3-img_1.webp\" alt=\"demolici\u00f3n\" width=\"962\" height=\"1029\" data-srcset=\"https:\/\/liongatebuilders.com\/wp-content\/uploads\/2024\/03\/demolition-section_3-img_1.webp 962w, https:\/\/liongatebuilders.com\/wp-content\/uploads\/2024\/03\/demolition-section_3-img_1-280x300.webp 280w, https:\/\/liongatebuilders.com\/wp-content\/uploads\/2024\/03\/demolition-section_3-img_1-957x1024.webp 957w, https:\/\/liongatebuilders.com\/wp-content\/uploads\/2024\/03\/demolition-section_3-img_1-768x821.webp 768w, https:\/\/liongatebuilders.com\/wp-content\/uploads\/2024\/03\/demolition-section_3-img_1-748x800.webp 748w, https:\/\/liongatebuilders.com\/wp-content\/uploads\/2024\/03\/demolition-section_3-img_1-500x535.webp 500w\" data-sizes=\"(max-width: 962px) 100vw, 962px\" src=\"data:image\/svg+xml;base64,PHN2ZyB3aWR0aD0iMSIgaGVpZ2h0PSIxIiB4bWxucz0iaHR0cDovL3d3dy53My5vcmcvMjAwMC9zdmciPjwvc3ZnPg==\" style=\"--smush-placeholder-width: 962px; --smush-placeholder-aspect-ratio: 962\/1029;\" \/>[\/vc_column_text][\/vc_column_inner][vc_column_inner el_class=&#8221;columns xlarge-6 xlarge-pull-6 column-left&#8221; width=&#8221;1\/2&#8243;][vc_empty_space height=&#8221;75px&#8221; el_class=&#8221;show-for-large clear-right&#8221;][vc_empty_space height=&#8221;45px&#8221; el_class=&#8221;hide-for-large&#8221;][vc_column_text css_animation=&#8221;fadeInLeft&#8221; el_class=&#8221;column-left-content text-center xlarge-text-left extra-large-padding-right-for-xlarge float-right-for-large&#8221;]<\/p>\n<h1 class=\"section-heading bottom-buffer-1point5rem\">Demolici\u00f3n interior y exterior<\/h1>\n<p class=\"big bottom-buffer-1point5rem\">La demolici\u00f3n puede producirse tanto en el interior como en el exterior de un edificio, y Liongate cuenta con el seguro, la fianza, la formaci\u00f3n y la experiencia necesarios para gestionar ambos procesos. Conf\u00ede en nosotros para llevar a cabo con \u00e9xito la eliminaci\u00f3n de cualquier estructura o parte de una estructura, incluyendo las siguientes:<\/p>\n<ul class=\"big bottom-buffer-1point5rem\">\n<li style=\"text-align: left;\">Retirada de muros<\/li>\n<li style=\"text-align: left;\">Retirada del techo<\/li>\n<li style=\"text-align: left;\">Destripamiento interior<\/li>\n<li style=\"text-align: left;\">Desmontaje parcial de edificios<\/li>\n<li style=\"text-align: left;\">Desmantelamiento de todo el edificio<\/li>\n<li style=\"text-align: left;\">Y m\u00e1s<\/li>\n<\/ul>\n<p class=\"big bottom-buffer-1point5rem\">Poniendo la seguridad junto con sus necesidades en primer lugar, aseguramos la demolici\u00f3n exitosa de \u00e1reas interiores y exteriores, dej\u00e1ndole con un \u00e1rea lista para la implementaci\u00f3n de una nueva e impresionante construcci\u00f3n.<\/p>\n<p>[\/vc_column_text][vc_empty_space height=&#8221;75px&#8221; el_class=&#8221;show-for-large clear-right&#8221;][vc_empty_space height=&#8221;45px&#8221; el_class=&#8221;hide-for-large&#8221;][\/vc_column_inner][\/vc_row_inner][\/vc_column][\/vc_row][\/vc_section]<\/p>\n<\/div>","protected":false},"excerpt":{"rendered":"<p>[vc_section el_id=&#8221;page_header&#8221;][vc_row css=&#8221;.vc_custom_1583311737715{background: #161616 url(https:\/\/liongatebuilders.com\/wp-content\/uploads\/2020\/03\/page_header-bg.jpg?id=79) !important;background-position: center !important;background-repeat: no-repeat !important;background-size: cover !important;}&#8221;][vc_column][vc_empty_space height=&#8221;75px&#8221; el_class=&#8221;show-for-large&#8221;][vc_empty_space height=&#8221;45px&#8221; el_class=&#8221;hide-for-large&#8221;][vc_row_inner el_class=&#8221;row no-padding-vc&#8221;][vc_column_inner][vc_column_text] Comercial [\/vc_column_text][\/vc_column_inner][\/vc_row_inner][vc_empty_space height=&#8221;75px&#8221; el_class=&#8221;show-for-large&#8221;][vc_empty_space height=&#8221;45px&#8221; el_class=&#8221;hide-for-large&#8221;][\/vc_column][\/vc_row][\/vc_section][vc_section el_id=&#8221;demolition-section_1&#8243;][vc_row][vc_column][vc_row_inner equal_height=&#8221;yes&#8221; content_placement=&#8221;middle&#8221; el_class=&#8221;row no-padding-vc content-width-xlarge&#8221;][vc_column_inner el_class=&#8221;columns xlarge-6 column-left&#8221; width=&#8221;1\/2&#8243;][vc_empty_space height=&#8221;75px&#8221; el_class=&#8221;show-for-large clear-right&#8221;][vc_empty_space height=&#8221;45px&#8221; el_class=&#8221;hide-for-large&#8221;][vc_column_text css_animation=&#8221;fadeInLeft&#8221; el_class=&#8221;column-left-content text-center xlarge-text-left extra-large-padding-right-for-xlarge float-right-for-large&#8221;] \u00bfPor qu\u00e9 elegir los servicios de demolici\u00f3n Liongate? Nuestro equipo<a class=\"excerpt-read-more\" href=\"https:\/\/liongatebuilders.com\/es\/servicios-residenciales\/demolicion\/\" title=\"ReadDemolici\u00f3n\">&#8230; Read more &raquo;<\/a><\/p>\n","protected":false},"author":1,"featured_media":1909,"parent":1418,"menu_order":0,"comment_status":"closed","ping_status":"closed","template":"template-visual-builder.php","meta":{"_acf_changed":false,"_seopress_robots_primary_cat":"","_seopress_titles_title":"Servicios de Demolici\u00f3n McAllen TX - Liongate Builders","_seopress_titles_desc":"Nuestro equipo de expertos en demoliciones est\u00e1 a su disposici\u00f3n para llevar a cabo desmontajes eficientes y minuciosos como preparaci\u00f3n para su proyecto de construcci\u00f3n.","_seopress_robots_index":"","footnotes":""},"class_list":["post-1325","page","type-page","status-publish","has-post-thumbnail","hentry"],"acf":[],"_links":{"self":[{"href":"https:\/\/liongatebuilders.com\/es\/wp-json\/wp\/v2\/pages\/1325","targetHints":{"allow":["GET"]}}],"collection":[{"href":"https:\/\/liongatebuilders.com\/es\/wp-json\/wp\/v2\/pages"}],"about":[{"href":"https:\/\/liongatebuilders.com\/es\/wp-json\/wp\/v2\/types\/page"}],"author":[{"embeddable":true,"href":"https:\/\/liongatebuilders.com\/es\/wp-json\/wp\/v2\/users\/1"}],"replies":[{"embeddable":true,"href":"https:\/\/liongatebuilders.com\/es\/wp-json\/wp\/v2\/comments?post=1325"}],"version-history":[{"count":11,"href":"https:\/\/liongatebuilders.com\/es\/wp-json\/wp\/v2\/pages\/1325\/revisions"}],"predecessor-version":[{"id":1940,"href":"https:\/\/liongatebuilders.com\/es\/wp-json\/wp\/v2\/pages\/1325\/revisions\/1940"}],"up":[{"embeddable":true,"href":"https:\/\/liongatebuilders.com\/es\/wp-json\/wp\/v2\/pages\/1418"}],"wp:featuredmedia":[{"embeddable":true,"href":"https:\/\/liongatebuilders.com\/es\/wp-json\/wp\/v2\/media\/1909"}],"wp:attachment":[{"href":"https:\/\/liongatebuilders.com\/es\/wp-json\/wp\/v2\/media?parent=1325"}],"curies":[{"name":"wp","href":"https:\/\/api.w.org\/{rel}","templated":true}]}}