{"id":1333,"date":"2022-09-20T16:44:32","date_gmt":"2022-09-20T16:44:32","guid":{"rendered":"https:\/\/liongatebuilders.com\/servicios-adicionales\/desbroce-de-tierras\/"},"modified":"2025-04-11T20:24:58","modified_gmt":"2025-04-11T20:24:58","slug":"desbroce-de-tierras","status":"publish","type":"page","link":"https:\/\/liongatebuilders.com\/es\/comercial\/desbroce-de-tierras\/","title":{"rendered":"Limpieza"},"content":{"rendered":"<div class=\"wpb-content-wrapper\"><p>[vc_section el_id=&#8221;page_header&#8221;][vc_row css=&#8221;.vc_custom_1583311737715{background: #161616 url(https:\/\/liongatebuilders.com\/wp-content\/uploads\/2020\/03\/page_header-bg.jpg?id=79) !important;background-position: center !important;background-repeat: no-repeat !important;background-size: cover !important;}&#8221;][vc_column][vc_empty_space height=&#8221;75px&#8221; el_class=&#8221;show-for-large&#8221;][vc_empty_space height=&#8221;45px&#8221; el_class=&#8221;hide-for-large&#8221;][vc_row_inner el_class=&#8221;row no-padding-vc&#8221;][vc_column_inner][vc_column_text]<\/p>\n<h1 class=\"page-heading alt-white\" style=\"text-align: center;\">Comercial<\/h1>\n<p>[\/vc_column_text][\/vc_column_inner][\/vc_row_inner][vc_empty_space height=&#8221;75px&#8221; el_class=&#8221;show-for-large&#8221;][vc_empty_space height=&#8221;45px&#8221; el_class=&#8221;hide-for-large&#8221;][\/vc_column][\/vc_row][\/vc_section][vc_section el_id=&#8221;land-clearing-section_1&#8243;][vc_row][vc_column][vc_row_inner equal_height=&#8221;yes&#8221; content_placement=&#8221;middle&#8221; el_class=&#8221;row no-padding-vc content-width-xlarge&#8221;][vc_column_inner el_class=&#8221;columns xlarge-6 column-left&#8221; width=&#8221;1\/2&#8243;][vc_empty_space height=&#8221;75px&#8221; el_class=&#8221;show-for-large clear-right&#8221;][vc_empty_space height=&#8221;45px&#8221; el_class=&#8221;hide-for-large&#8221;][vc_column_text css_animation=&#8221;fadeInLeft&#8221; el_class=&#8221;column-left-content text-center xlarge-text-left extra-large-padding-right-for-xlarge float-right-for-large&#8221;]<\/p>\n<h1 class=\"section-heading bottom-buffer-1point5rem\">\u00bfPor qu\u00e9 elegir los servicios de Limpieza de Tierras de Liongate?<\/h1>\n<p class=\"big bottom-buffer-1point5rem\">Retirar los materiales y obst\u00e1culos no deseados de su terreno es un primer paso importante en cualquier proyecto de construcci\u00f3n residencial o comercial. El equipo de expertos de Liongate est\u00e1 listo para aplicar sus a\u00f1os de conocimientos, soluciones innovadoras y equipos pesados para preparar su terreno para el uso previsto. \u00bfEn qu\u00e9 podemos beneficiarle?<\/p>\n<h2 class=\"bottom-buffer-1point5rem\">Equipo adecuado<\/h2>\n<p class=\"big bottom-buffer-1point5rem\">Nuestra flota de equipos, que incluye bulldozers, tractores, destoconadoras y excavadoras, est\u00e1 preparada para proporcionarle la mano de obra y la potencia que necesita para eliminar de su propiedad desde matorrales hasta \u00e1rboles gigantescos.<\/p>\n<h2 class=\"bottom-buffer-1point5rem\">Permisos<\/h2>\n<p class=\"big bottom-buffer-1point5rem\">Cuando emprendemos un proyecto de desbroce, tambi\u00e9n nos encargamos de los permisos y garantizamos el cumplimiento de todas las leyes y normativas pertinentes. Eso significa tranquilidad total para usted.<\/p>\n<h2 class=\"bottom-buffer-1point5rem\">Experiencia<\/h2>\n<p class=\"big bottom-buffer-1point5rem\">Hemos desbrozado con \u00e9xito terrenos para todo tipo de proyectos, desde residenciales hasta grandes desarrollos comerciales. Estamos preparados y dispuestos a manejar cualquier obst\u00e1culo o complejidad para usted.<\/p>\n<p>[\/vc_column_text][vc_empty_space height=&#8221;75px&#8221; el_class=&#8221;show-for-large clear-right&#8221;][vc_empty_space height=&#8221;45px&#8221; el_class=&#8221;hide-for-large&#8221;][\/vc_column_inner][vc_column_inner el_class=&#8221;columns xlarge-6 column-left&#8221; width=&#8221;1\/2&#8243;][vc_empty_space height=&#8221;75px&#8221; el_class=&#8221;show-for-large clear-right&#8221;][vc_empty_space height=&#8221;45px&#8221; el_class=&#8221;hide-for-large&#8221;]\n<div class=\"wpcf7 no-js\" id=\"wpcf7-f1406-o1\" lang=\"es-ES\" dir=\"ltr\" data-wpcf7-id=\"1406\">\n<div class=\"screen-reader-response\"><p role=\"status\" aria-live=\"polite\" aria-atomic=\"true\"><\/p> <ul><\/ul><\/div>\n<form action=\"\/es\/wp-json\/wp\/v2\/pages\/1333#wpcf7-f1406-o1\" method=\"post\" class=\"wpcf7-form init\" aria-label=\"Contact form\" novalidate=\"novalidate\" data-status=\"init\">\n<fieldset class=\"hidden-fields-container\"><input type=\"hidden\" name=\"_wpcf7\" value=\"1406\" \/><input type=\"hidden\" name=\"_wpcf7_version\" value=\"6.1.5\" \/><input type=\"hidden\" name=\"_wpcf7_locale\" value=\"es_ES\" \/><input type=\"hidden\" name=\"_wpcf7_unit_tag\" value=\"wpcf7-f1406-o1\" \/><input type=\"hidden\" name=\"_wpcf7_container_post\" value=\"0\" \/><input type=\"hidden\" name=\"_wpcf7_posted_data_hash\" value=\"\" \/><input type=\"hidden\" name=\"_wpcf7cf_hidden_group_fields\" value=\"[]\" \/><input type=\"hidden\" name=\"_wpcf7cf_hidden_groups\" value=\"[]\" \/><input type=\"hidden\" name=\"_wpcf7cf_visible_groups\" value=\"[]\" \/><input type=\"hidden\" name=\"_wpcf7cf_repeaters\" value=\"[]\" \/><input type=\"hidden\" name=\"_wpcf7cf_steps\" value=\"{}\" \/><input type=\"hidden\" name=\"_wpcf7cf_options\" value=\"{&quot;form_id&quot;:1406,&quot;conditions&quot;:[],&quot;settings&quot;:{&quot;animation&quot;:&quot;yes&quot;,&quot;animation_intime&quot;:200,&quot;animation_outtime&quot;:200,&quot;conditions_ui&quot;:&quot;normal&quot;,&quot;notice_dismissed&quot;:false}}\" \/>\n<\/fieldset>\n<div class=\"row service-form\">\n\t<div class=\"columns large-12\">\n\t\t<div class=\"row\">\n\t\t\t<div class=\"columns large-12 text-center\">\n\t\t\t\t<h2 class=\"section-heading alt-white bottom-buffer-1point5rem\">\u00bfQuiere saber m\u00e1s?\n\t\t\t\t<\/h2>\n\t\t\t\t<p class=\"big alt-white bottom-buffer-2point5rem\">Nuestro equipo est\u00e1 siempre dispuesto a hablar contigo sobre tu proyecto.<br \/>\n\u00a1Ponte en contacto con nosotros hoy mismo para saber m\u00e1s!\n\t\t\t\t<\/p>\n\t\t\t<\/div>\n\t\t<\/div>\n\t\t<div class=\"row\">\n\t\t\t<div class=\"columns large-12\">\n\t\t\t\t<p><span class=\"wpcf7-form-control-wrap\" data-name=\"full-name\"><input size=\"40\" maxlength=\"400\" class=\"wpcf7-form-control wpcf7-text wpcf7-validates-as-required\" aria-required=\"true\" aria-invalid=\"false\" placeholder=\"Nombre y apellidos\" value=\"\" type=\"text\" name=\"full-name\" \/><\/span>\n\t\t\t\t<\/p>\n\t\t\t<\/div>\n\t\t<\/div>\n\t\t<div class=\"row\">\n\t\t\t<div class=\"columns large-12\">\n\t\t\t\t<p><span class=\"wpcf7-form-control-wrap\" data-name=\"mobile-phone\"><input size=\"40\" maxlength=\"400\" class=\"wpcf7-form-control wpcf7-text wpcf7-validates-as-required\" aria-required=\"true\" aria-invalid=\"false\" placeholder=\"Tel\u00e9fono\" value=\"\" type=\"text\" name=\"mobile-phone\" \/><\/span>\n\t\t\t\t<\/p>\n\t\t\t<\/div>\n\t\t<\/div>\n\t\t<div class=\"row\">\n\t\t\t<div class=\"columns large-12\">\n\t\t\t\t<p><span class=\"wpcf7-form-control-wrap\" data-name=\"email\"><input size=\"40\" maxlength=\"400\" class=\"wpcf7-form-control wpcf7-email wpcf7-validates-as-required wpcf7-text wpcf7-validates-as-email\" aria-required=\"true\" aria-invalid=\"false\" placeholder=\"Correo electr\u00f3nico\" value=\"\" type=\"email\" name=\"email\" \/><\/span>\n\t\t\t\t<\/p>\n\t\t\t<\/div>\n\t\t<\/div>\n\t\t<div class=\"row\">\n\t\t\t<div class=\"columns large-12 bottom-buffer-2point5rem\">\n\t\t\t\t<p><span class=\"wpcf7-form-control-wrap\" data-name=\"message\"><textarea cols=\"10\" rows=\"3\" maxlength=\"2000\" class=\"wpcf7-form-control wpcf7-textarea wpcf7-validates-as-required\" aria-required=\"true\" aria-invalid=\"false\" placeholder=\"Mensaje\" name=\"message\"><\/textarea><\/span>\n\t\t\t\t<\/p>\n\t\t\t<\/div>\n\t\t<\/div>\n\t\t<div class=\"row\">\n\t\t\t<div class=\"columns large-12 text-center\">\n\t\t\t\t<p><span id=\"wpcf7-69dff2c483086-wrapper\" class=\"wpcf7-form-control-wrap honeypot-274-wrap\" style=\"display:none !important; visibility:hidden !important;\"><label for=\"wpcf7-69dff2c483086-field\" class=\"hp-message\">Please leave this field empty.<\/label><input id=\"wpcf7-69dff2c483086-field\"  class=\"wpcf7-form-control wpcf7-text\" type=\"text\" name=\"honeypot-274\" value=\"\" size=\"40\" tabindex=\"-1\" autocomplete=\"new-password\" \/><\/span><button type=\"submit\" class=\"button button-gradient uc\">Obtenga un presupuesto gratuito<\/button>\n\t\t\t\t<\/p>\n\t\t\t<\/div>\n\t\t<\/div>\n\t<\/div>\n<\/div><div class=\"wpcf7-response-output\" aria-hidden=\"true\"><\/div>\n<\/form>\n<\/div>\n[vc_empty_space height=&#8221;75px&#8221; el_class=&#8221;show-for-large clear-right&#8221;][vc_empty_space height=&#8221;45px&#8221; el_class=&#8221;hide-for-large&#8221;][\/vc_column_inner][\/vc_row_inner][\/vc_column][\/vc_row][\/vc_section][vc_section el_id=&#8221;land-clearing-section_2&#8243;][vc_row][vc_column][vc_row_inner equal_height=&#8221;yes&#8221; content_placement=&#8221;middle&#8221; el_class=&#8221;row expanded no-padding-vc no-padding-foundation content-width-xlarge&#8221;][vc_column_inner el_class=&#8221;columns xlarge-6 column-right xlarge-push-6&#8243; width=&#8221;1\/2&#8243;][vc_column_text css_animation=&#8221;fadeInRight&#8221;]<img decoding=\"async\" class=\"alignnone wp-image-1932 size-full lazyload\" data-src=\"http:\/\/liongatebuilders.com\/wp-content\/uploads\/2024\/03\/land-clearing-section_2-img_1.webp\" alt=\"Land clearing.\" width=\"962\" height=\"1029\" data-srcset=\"https:\/\/liongatebuilders.com\/wp-content\/uploads\/2024\/03\/land-clearing-section_2-img_1.webp 962w, https:\/\/liongatebuilders.com\/wp-content\/uploads\/2024\/03\/land-clearing-section_2-img_1-280x300.webp 280w, https:\/\/liongatebuilders.com\/wp-content\/uploads\/2024\/03\/land-clearing-section_2-img_1-957x1024.webp 957w, https:\/\/liongatebuilders.com\/wp-content\/uploads\/2024\/03\/land-clearing-section_2-img_1-768x821.webp 768w, https:\/\/liongatebuilders.com\/wp-content\/uploads\/2024\/03\/land-clearing-section_2-img_1-748x800.webp 748w, https:\/\/liongatebuilders.com\/wp-content\/uploads\/2024\/03\/land-clearing-section_2-img_1-500x535.webp 500w\" data-sizes=\"(max-width: 962px) 100vw, 962px\" src=\"data:image\/svg+xml;base64,PHN2ZyB3aWR0aD0iMSIgaGVpZ2h0PSIxIiB4bWxucz0iaHR0cDovL3d3dy53My5vcmcvMjAwMC9zdmciPjwvc3ZnPg==\" style=\"--smush-placeholder-width: 962px; --smush-placeholder-aspect-ratio: 962\/1029;\" \/>[\/vc_column_text][\/vc_column_inner][vc_column_inner el_class=&#8221;columns xlarge-6 xlarge-pull-6 column-left&#8221; width=&#8221;1\/2&#8243; css=&#8221;.vc_custom_1663266047549{background-color: #f3f1ea !important;}&#8221;][vc_empty_space height=&#8221;75px&#8221; el_class=&#8221;show-for-large clear-right&#8221;][vc_empty_space height=&#8221;45px&#8221; el_class=&#8221;hide-for-large&#8221;][vc_column_text css_animation=&#8221;fadeInLeft&#8221; el_class=&#8221;column-left-content text-center xlarge-text-left extra-large-padding-right-for-xlarge float-right-for-large&#8221;]<\/p>\n<h1 class=\"section-heading bottom-buffer-1point5rem\">Servicio completo de Desmonte<\/h1>\n<p class=\"big bottom-buffer-1point5rem\">Nuestro equipo de expertos est\u00e1 preparado para asumir proyectos de cualquier envergadura. Conf\u00ede en nosotros para aplicar nuestra experiencia, equipos, innovaci\u00f3n y enfoque centrado en el cliente a cualquiera de los siguientes proyectos, independientemente de su complejidad:<\/p>\n<ul class=\"big bottom-buffer-1point5rem\">\n<li style=\"text-align: left;\">Preparaci\u00f3n del derecho de paso<\/li>\n<li style=\"text-align: left;\">Desbroce de terrenos comerciales<\/li>\n<li style=\"text-align: left;\">Parcelas residenciales<\/li>\n<li style=\"text-align: left;\">Promociones residenciales<\/li>\n<li style=\"text-align: left;\">Instalaci\u00f3n de telecomunicaciones<\/li>\n<li style=\"text-align: left;\">Limpieza medioambiental<\/li>\n<li style=\"text-align: left;\">Preparaci\u00f3n agr\u00edcola<\/li>\n<li style=\"text-align: left;\">Y m\u00e1s<\/li>\n<\/ul>\n<p class=\"big bottom-buffer-1point5rem\">Antes de iniciar un proyecto de desbroce, escuchamos atentamente el uso que usted pretende dar al terreno y tenemos en cuenta las leyes y normativas aplicables. A continuaci\u00f3n, desarrollamos un plan que adapte su proyecto a sus necesidades sin dejar de cumplir la normativa y dej\u00e1ndole el terreno listo para el siguiente paso de su proyecto.<\/p>\n<p>[\/vc_column_text][vc_empty_space height=&#8221;75px&#8221; el_class=&#8221;show-for-large clear-right&#8221;][vc_empty_space height=&#8221;45px&#8221; el_class=&#8221;hide-for-large&#8221;][\/vc_column_inner][\/vc_row_inner][\/vc_column][\/vc_row][\/vc_section][vc_section el_id=&#8221;land-clearing-section_3&#8243; el_class=&#8221;bg-primary bg-size-cover bg-no-repeat bg-center-bottom&#8221; css=&#8221;.vc_custom_1663692243421{background-image: url(http:\/\/liongatebuilders.com\/wp-content\/uploads\/2022\/09\/land-clearing-section_3-bg-img_1.jpg?id=743) !important;background-position: center !important;background-repeat: no-repeat !important;background-size: cover !important;}&#8221;][vc_row][vc_column][vc_empty_space height=&#8221;150px&#8221; el_class=&#8221;show-for-large clear-right&#8221;][vc_empty_space height=&#8221;45px&#8221; el_class=&#8221;hide-for-large&#8221;][vc_row_inner el_class=&#8221;row no-padding-vc&#8221;][vc_column_inner el_class=&#8221;columns small-12 large-10 large-offset-1 has-background-with-opacity has-padding&#8221;][vc_column_text el_class=&#8221;text-center&#8221;]<\/p>\n<h1 class=\"section-heading alt-white bottom-buffer-1point5rem\">Planificaci\u00f3n inteligente de proyectos<\/h1>\n<p class=\"big alt-white bottom-buffer-1point5rem\">Aunque el desbroce pueda parecer la simple retirada de \u00e1rboles, maleza y otros materiales del terreno, este tipo de proyecto requiere una planificaci\u00f3n en profundidad. Nuestros equipos de expertos se toman el tiempo necesario para pensar detenidamente y preparar su proyecto de desbroce. Entre los elementos que podemos tener en cuenta y con los que podemos trabajar figuran los siguientes:<\/p>\n<p>[\/vc_column_text][vc_empty_space height=&#8221;60px&#8221; el_class=&#8221;show-for-large clear-right&#8221;][vc_empty_space height=&#8221;45px&#8221; el_class=&#8221;hide-for-large&#8221;][vc_column_text el_class=&#8221;text-center large-text-left&#8221;]<\/p>\n<div class=\"row bottom-buffer-1point5rem\">\n<div class=\"large-6 columns\">\n<ul class=\"big bottom-buffer-1point5rem alt-white bottom-buffer-1point5rem\">\n<li style=\"text-align: left;\">Servicios subterr\u00e1neos<\/li>\n<li style=\"text-align: left;\">Permisos<\/li>\n<li style=\"text-align: left;\">Legislaci\u00f3n<\/li>\n<li style=\"text-align: left;\">Preocupaci\u00f3n por el medio ambiente y los humedales<\/li>\n<li style=\"text-align: left;\">Uso previsto del terreno<\/li>\n<\/ul>\n<\/div>\n<div class=\"large-6 columns\">\n<ul class=\"big alt-white\">\n<li style=\"text-align: left;\">Topograf\u00eda<\/li>\n<li style=\"text-align: left;\">Resoluci\u00f3n de problemas<\/li>\n<li style=\"text-align: left;\">Selecci\u00f3n de equipos y m\u00e9todos<\/li>\n<li style=\"text-align: left;\">Y m\u00e1s<\/li>\n<\/ul>\n<\/div>\n<\/div>\n<p class=\"big alt-white bottom-buffer-1point5rem text-center\">Conf\u00ede en nuestro equipo para planificar su proyecto de principio a fin y ejecutarlo de forma que resulte una preparaci\u00f3n segura, eficaz y personalizada de su terreno para el uso previsto.<\/p>\n<p>[\/vc_column_text][\/vc_column_inner][\/vc_row_inner][vc_empty_space height=&#8221;150px&#8221; el_class=&#8221;show-for-large clear-right&#8221;][vc_empty_space height=&#8221;45px&#8221; el_class=&#8221;hide-for-large&#8221;][\/vc_column][\/vc_row][\/vc_section][vc_section el_id=&#8221;land-clearing-section_4&#8243;][vc_row][vc_column][vc_empty_space height=&#8221;45px&#8221; el_class=&#8221;hide-for-large&#8221;][vc_row_inner equal_height=&#8221;yes&#8221; content_placement=&#8221;middle&#8221; el_class=&#8221;row expanded no-padding-vc no-padding-foundation content-width-xlarge&#8221;][vc_column_inner el_class=&#8221;columns xlarge-6 column-right xlarge-push-6&#8243; width=&#8221;1\/2&#8243;][vc_column_text css_animation=&#8221;fadeInRight&#8221;]<img decoding=\"async\" class=\"alignnone wp-image-2028 size-full lazyload\" data-src=\"http:\/\/liongatebuilders.com\/wp-content\/uploads\/2024\/03\/land-clearing-section_4-img_1-min.png\" alt=\"Land clearing\" width=\"962\" height=\"1029\" data-srcset=\"https:\/\/liongatebuilders.com\/wp-content\/uploads\/2024\/03\/land-clearing-section_4-img_1-min.png 962w, https:\/\/liongatebuilders.com\/wp-content\/uploads\/2024\/03\/land-clearing-section_4-img_1-min-280x300.png 280w, https:\/\/liongatebuilders.com\/wp-content\/uploads\/2024\/03\/land-clearing-section_4-img_1-min-957x1024.png 957w, https:\/\/liongatebuilders.com\/wp-content\/uploads\/2024\/03\/land-clearing-section_4-img_1-min-768x821.png 768w, https:\/\/liongatebuilders.com\/wp-content\/uploads\/2024\/03\/land-clearing-section_4-img_1-min-748x800.png 748w, https:\/\/liongatebuilders.com\/wp-content\/uploads\/2024\/03\/land-clearing-section_4-img_1-min-500x535.png 500w\" data-sizes=\"(max-width: 962px) 100vw, 962px\" src=\"data:image\/svg+xml;base64,PHN2ZyB3aWR0aD0iMSIgaGVpZ2h0PSIxIiB4bWxucz0iaHR0cDovL3d3dy53My5vcmcvMjAwMC9zdmciPjwvc3ZnPg==\" style=\"--smush-placeholder-width: 962px; --smush-placeholder-aspect-ratio: 962\/1029;\" \/>[\/vc_column_text][\/vc_column_inner][vc_column_inner el_class=&#8221;columns xlarge-6 xlarge-pull-6 column-left&#8221; width=&#8221;1\/2&#8243;][vc_empty_space height=&#8221;75px&#8221; el_class=&#8221;show-for-large clear-right&#8221;][vc_empty_space height=&#8221;45px&#8221; el_class=&#8221;hide-for-large&#8221;][vc_column_text css_animation=&#8221;fadeInLeft&#8221; el_class=&#8221;column-left-content text-center xlarge-text-left extra-large-padding-right-for-xlarge float-right-for-large&#8221;]<\/p>\n<h1 class=\"section-heading bottom-buffer-1point5rem\">Limpieza de obras<\/h1>\n<p class=\"big bottom-buffer-1point5rem\">El desbroce no se limita a eliminar \u00e1rboles y maleza del terreno. Tambi\u00e9n implica la retirada de residuos del terreno y la posible reparaci\u00f3n de problemas, como la contaminaci\u00f3n, que le impedir\u00edan completar su proyecto.<\/p>\n<p class=\"big bottom-buffer-1point5rem\">Cuando elige Liongate para su proyecto de desmonte, elige expertos que gestionar\u00e1n su proyecto de principio a fin prestando atenci\u00f3n a los detalles y preocup\u00e1ndose por todos los posibles problemas a los que se enfrente. Conf\u00edenos cualquiera de los siguientes aspectos de la limpieza de su propiedad:<\/p>\n<ul class=\"big bottom-buffer-1point5rem\">\n<li style=\"text-align: left;\">Retirada de \u00e1rboles, arbustos y restos org\u00e1nicos<\/li>\n<li style=\"text-align: left;\">Descontaminaci\u00f3n<\/li>\n<li style=\"text-align: left;\">Eliminaci\u00f3n de residuos<\/li>\n<li style=\"text-align: left;\">Y m\u00e1s<\/li>\n<\/ul>\n<p class=\"big bottom-buffer-1point5rem\">Al final del proceso, tendr\u00e1 un terreno despejado listo para el siguiente paso de su proyecto.<\/p>\n<p>[\/vc_column_text][vc_empty_space height=&#8221;75px&#8221; el_class=&#8221;show-for-large clear-right&#8221;][vc_empty_space height=&#8221;45px&#8221; el_class=&#8221;hide-for-large&#8221;][\/vc_column_inner][\/vc_row_inner][\/vc_column][\/vc_row][\/vc_section]<\/p>\n<\/div>","protected":false},"excerpt":{"rendered":"<p>[vc_section el_id=&#8221;page_header&#8221;][vc_row css=&#8221;.vc_custom_1583311737715{background: #161616 url(https:\/\/liongatebuilders.com\/wp-content\/uploads\/2020\/03\/page_header-bg.jpg?id=79) !important;background-position: center !important;background-repeat: no-repeat !important;background-size: cover !important;}&#8221;][vc_column][vc_empty_space height=&#8221;75px&#8221; el_class=&#8221;show-for-large&#8221;][vc_empty_space height=&#8221;45px&#8221; el_class=&#8221;hide-for-large&#8221;][vc_row_inner el_class=&#8221;row no-padding-vc&#8221;][vc_column_inner][vc_column_text] Comercial [\/vc_column_text][\/vc_column_inner][\/vc_row_inner][vc_empty_space height=&#8221;75px&#8221; el_class=&#8221;show-for-large&#8221;][vc_empty_space height=&#8221;45px&#8221; el_class=&#8221;hide-for-large&#8221;][\/vc_column][\/vc_row][\/vc_section][vc_section el_id=&#8221;land-clearing-section_1&#8243;][vc_row][vc_column][vc_row_inner equal_height=&#8221;yes&#8221; content_placement=&#8221;middle&#8221; el_class=&#8221;row no-padding-vc content-width-xlarge&#8221;][vc_column_inner el_class=&#8221;columns xlarge-6 column-left&#8221; width=&#8221;1\/2&#8243;][vc_empty_space height=&#8221;75px&#8221; el_class=&#8221;show-for-large clear-right&#8221;][vc_empty_space height=&#8221;45px&#8221; el_class=&#8221;hide-for-large&#8221;][vc_column_text css_animation=&#8221;fadeInLeft&#8221; el_class=&#8221;column-left-content text-center xlarge-text-left extra-large-padding-right-for-xlarge float-right-for-large&#8221;] \u00bfPor qu\u00e9 elegir los servicios de Limpieza de Tierras de<a class=\"excerpt-read-more\" href=\"https:\/\/liongatebuilders.com\/es\/comercial\/desbroce-de-tierras\/\" title=\"ReadLimpieza\">&#8230; Read more &raquo;<\/a><\/p>\n","protected":false},"author":1,"featured_media":2307,"parent":1300,"menu_order":0,"comment_status":"closed","ping_status":"closed","template":"template-visual-builder.php","meta":{"_acf_changed":false,"_seopress_robots_primary_cat":"","_seopress_titles_title":"Servicios de desmonte McAllen TX - Liongate Builders","_seopress_titles_desc":"La eliminaci\u00f3n de materiales y obst\u00e1culos no deseados de su terreno es un primer paso importante, Liongate puede gestionar desde un servicio completo de desbroce hasta la planificaci\u00f3n de proyectos innovadores.","_seopress_robots_index":"","footnotes":""},"class_list":["post-1333","page","type-page","status-publish","has-post-thumbnail","hentry"],"acf":[],"_links":{"self":[{"href":"https:\/\/liongatebuilders.com\/es\/wp-json\/wp\/v2\/pages\/1333","targetHints":{"allow":["GET"]}}],"collection":[{"href":"https:\/\/liongatebuilders.com\/es\/wp-json\/wp\/v2\/pages"}],"about":[{"href":"https:\/\/liongatebuilders.com\/es\/wp-json\/wp\/v2\/types\/page"}],"author":[{"embeddable":true,"href":"https:\/\/liongatebuilders.com\/es\/wp-json\/wp\/v2\/users\/1"}],"replies":[{"embeddable":true,"href":"https:\/\/liongatebuilders.com\/es\/wp-json\/wp\/v2\/comments?post=1333"}],"version-history":[{"count":10,"href":"https:\/\/liongatebuilders.com\/es\/wp-json\/wp\/v2\/pages\/1333\/revisions"}],"predecessor-version":[{"id":2707,"href":"https:\/\/liongatebuilders.com\/es\/wp-json\/wp\/v2\/pages\/1333\/revisions\/2707"}],"up":[{"embeddable":true,"href":"https:\/\/liongatebuilders.com\/es\/wp-json\/wp\/v2\/pages\/1300"}],"wp:featuredmedia":[{"embeddable":true,"href":"https:\/\/liongatebuilders.com\/es\/wp-json\/wp\/v2\/media\/2307"}],"wp:attachment":[{"href":"https:\/\/liongatebuilders.com\/es\/wp-json\/wp\/v2\/media?parent=1333"}],"curies":[{"name":"wp","href":"https:\/\/api.w.org\/{rel}","templated":true}]}}