{"id":1418,"date":"2024-01-04T06:41:37","date_gmt":"2024-01-04T06:41:37","guid":{"rendered":"https:\/\/liongatebuilders.com\/servicios-residenciales\/"},"modified":"2025-04-11T20:19:36","modified_gmt":"2025-04-11T20:19:36","slug":"servicios-residenciales","status":"publish","type":"page","link":"https:\/\/liongatebuilders.com\/es\/servicios-residenciales\/","title":{"rendered":"Residencial"},"content":{"rendered":"<div class=\"wpb-content-wrapper\"><p>[vc_section el_id=&#8221;page_header&#8221;][vc_row css=&#8221;.vc_custom_1583311737715{background: #161616 url(https:\/\/liongatebuilders.com\/wp-content\/uploads\/2020\/03\/page_header-bg.jpg?id=79) !important;background-position: center !important;background-repeat: no-repeat !important;background-size: cover !important;}&#8221;][vc_column][vc_empty_space height=&#8221;75px&#8221; el_class=&#8221;show-for-large&#8221;][vc_empty_space height=&#8221;45px&#8221; el_class=&#8221;hide-for-large&#8221;][vc_row_inner el_class=&#8221;row no-padding-vc&#8221;][vc_column_inner][vc_column_text]<\/p>\n<h1 class=\"page-heading alt-white\" style=\"text-align: center;\">Servicios residenciales<\/h1>\n<p>[\/vc_column_text][\/vc_column_inner][\/vc_row_inner][vc_empty_space height=&#8221;75px&#8221; el_class=&#8221;show-for-large&#8221;][vc_empty_space height=&#8221;45px&#8221; el_class=&#8221;hide-for-large&#8221;][\/vc_column][\/vc_row][vc_row][vc_column][vc_row_inner][vc_column_inner][\/vc_column_inner][\/vc_row_inner][\/vc_column][\/vc_row][\/vc_section][vc_section el_id=&#8221;residentials-services-section_1&#8243;][vc_row css=&#8221;.vc_custom_1661448700575{border-top-width: 2px !important;border-bottom-width: 2px !important;border-top-color: #dd9712 !important;border-top-style: solid !important;border-bottom-color: #dd9712 !important;border-bottom-style: solid !important;}&#8221;][vc_column][vc_row_inner equal_height=&#8221;yes&#8221; content_placement=&#8221;middle&#8221; el_class=&#8221;row expanded no-padding-vc no-padding-foundation content-width-xlarge&#8221;][vc_column_inner el_class=&#8221;columns large-8 large-offset-2&#8243;][vc_empty_space height=&#8221;75px&#8221; el_class=&#8221;show-for-large clear-right&#8221;][vc_empty_space height=&#8221;45px&#8221; el_class=&#8221;hide-for-large&#8221;][vc_column_text css_animation=&#8221;none&#8221; el_class=&#8221;text-center&#8221;]<\/p>\n<h1 class=\"section-heading bottom-buffer-1point5rem\">Soluciones residenciales de servicio completo<\/h1>\n<p class=\"big bottom-buffer-1point5rem\">No divida los pasos de la construcci\u00f3n de su casa entre varias empresas. No intente gestionar la calidad y los plazos con varios contratistas. En Liongate Builders, no s\u00f3lo construimos casas personalizadas excepcionales. Le proporcionamos tranquilidad estableciendo una s\u00f3lida relaci\u00f3n con usted en cada una de las fases del proceso. Desde la financiaci\u00f3n hasta el dise\u00f1o, pasando por la construcci\u00f3n y la mudanza, nuestro equipo cuenta con las herramientas y la experiencia necesarias para hacer realidad su sue\u00f1o.<\/p>\n<p>[\/vc_column_text][vc_empty_space height=&#8221;75px&#8221; el_class=&#8221;show-for-large clear-right&#8221;][vc_empty_space height=&#8221;45px&#8221; el_class=&#8221;hide-for-large&#8221;][\/vc_column_inner][\/vc_row_inner][\/vc_column][\/vc_row][\/vc_section][vc_section el_id=&#8221;residentials-services-section_2&#8243;][vc_row css=&#8221;.vc_custom_1661446877642{background-color: #161616 !important;}&#8221;][vc_column][vc_row_inner equal_height=&#8221;yes&#8221; content_placement=&#8221;middle&#8221; el_class=&#8221;row expanded no-padding-vc no-padding-foundation content-width-xlarge&#8221;][vc_column_inner el_class=&#8221;columns xlarge-6 column-right xlarge-push-6&#8243; width=&#8221;1\/2&#8243;][vc_column_text css_animation=&#8221;fadeInRight&#8221; el_class=&#8221;text-center&#8221;]<img decoding=\"async\" class=\"alignnone wp-image-1980 size-full lazyload\" data-src=\"http:\/\/liongatebuilders.com\/wp-content\/uploads\/2024\/03\/residentials-services-section_2-img_1-min.png\" alt=\"Residential services\" width=\"962\" height=\"848\" data-srcset=\"https:\/\/liongatebuilders.com\/wp-content\/uploads\/2024\/03\/residentials-services-section_2-img_1-min.png 962w, https:\/\/liongatebuilders.com\/wp-content\/uploads\/2024\/03\/residentials-services-section_2-img_1-min-300x264.png 300w, https:\/\/liongatebuilders.com\/wp-content\/uploads\/2024\/03\/residentials-services-section_2-img_1-min-768x677.png 768w, https:\/\/liongatebuilders.com\/wp-content\/uploads\/2024\/03\/residentials-services-section_2-img_1-min-908x800.png 908w, https:\/\/liongatebuilders.com\/wp-content\/uploads\/2024\/03\/residentials-services-section_2-img_1-min-500x441.png 500w\" data-sizes=\"(max-width: 962px) 100vw, 962px\" src=\"data:image\/svg+xml;base64,PHN2ZyB3aWR0aD0iMSIgaGVpZ2h0PSIxIiB4bWxucz0iaHR0cDovL3d3dy53My5vcmcvMjAwMC9zdmciPjwvc3ZnPg==\" style=\"--smush-placeholder-width: 962px; --smush-placeholder-aspect-ratio: 962\/848;\" \/>[\/vc_column_text][\/vc_column_inner][vc_column_inner el_class=&#8221;columns xlarge-6 xlarge-pull-6 column-left&#8221; width=&#8221;1\/2&#8243;][vc_empty_space height=&#8221;75px&#8221; el_class=&#8221;show-for-large clear-right&#8221;][vc_empty_space height=&#8221;45px&#8221; el_class=&#8221;hide-for-large&#8221;][vc_column_text css_animation=&#8221;fadeInLeft&#8221; el_class=&#8221;column-left-content text-center xlarge-text-left extra-large-padding-right-for-xlarge float-right-for-large&#8221;]<\/p>\n<h1 class=\"section-heading alt-white bottom-buffer-1point5rem\">Casas a medida<\/h1>\n<p class=\"big bottom-buffer-1point5rem alt-white\">Convierta la casa de sus sue\u00f1os en una hermosa realidad, cuando y donde usted quiera, con nuestro experimentado y talentoso equipo. Nuestro incomparable nivel de atenci\u00f3n personal se combina con nuestro meticuloso compromiso con su visi\u00f3n y nuestra profunda comprensi\u00f3n de la artesan\u00eda excepcional para ofrecer las caracter\u00edsticas espec\u00edficas y dise\u00f1os que desea en su casa perfecta. Hay una raz\u00f3n por la que nunca hemos construido la misma casa dos veces: porque los sue\u00f1os de nuestros clientes son todos diferentes. \u00bfLo \u00fanico que tienen en com\u00fan? Una calidad y una belleza que resistir\u00e1n el paso del tiempo.<\/p>\n<div style=\"height: 45px;\"><\/div>\n<p><a class=\"button button-gradient uc no-margin-bottom\" href=\"https:\/\/liongatebuilders.com\/es\/servicios-residenciales\/casas-a-medida\/\">Casas a medida<\/a>[\/vc_column_text][vc_empty_space height=&#8221;75px&#8221; el_class=&#8221;show-for-large clear-right&#8221;][vc_empty_space height=&#8221;45px&#8221; el_class=&#8221;hide-for-large&#8221;][\/vc_column_inner][\/vc_row_inner][\/vc_column][\/vc_row][\/vc_section][vc_section el_id=&#8221;residentials-services-section_3&#8243;][vc_row css=&#8221;.vc_custom_1583237034442{background-color: #161616 !important;}&#8221;][vc_column][vc_row_inner equal_height=&#8221;yes&#8221; content_placement=&#8221;middle&#8221; el_class=&#8221;row expanded no-padding-vc no-padding-foundation content-width-xlarge&#8221;][vc_column_inner el_class=&#8221;columns xlarge-6 column-left&#8221; width=&#8221;1\/2&#8243;][vc_column_text css_animation=&#8221;fadeInLeft&#8221; el_class=&#8221;text-center&#8221;]<img decoding=\"async\" class=\"alignnone wp-image-1986 size-full lazyload\" data-src=\"http:\/\/liongatebuilders.com\/wp-content\/uploads\/2024\/03\/residentials-services-section_3-img_1-min.png\" alt=\"Residential services\" width=\"962\" height=\"848\" data-srcset=\"https:\/\/liongatebuilders.com\/wp-content\/uploads\/2024\/03\/residentials-services-section_3-img_1-min.png 962w, https:\/\/liongatebuilders.com\/wp-content\/uploads\/2024\/03\/residentials-services-section_3-img_1-min-300x264.png 300w, https:\/\/liongatebuilders.com\/wp-content\/uploads\/2024\/03\/residentials-services-section_3-img_1-min-768x677.png 768w, https:\/\/liongatebuilders.com\/wp-content\/uploads\/2024\/03\/residentials-services-section_3-img_1-min-908x800.png 908w, https:\/\/liongatebuilders.com\/wp-content\/uploads\/2024\/03\/residentials-services-section_3-img_1-min-500x441.png 500w\" data-sizes=\"(max-width: 962px) 100vw, 962px\" src=\"data:image\/svg+xml;base64,PHN2ZyB3aWR0aD0iMSIgaGVpZ2h0PSIxIiB4bWxucz0iaHR0cDovL3d3dy53My5vcmcvMjAwMC9zdmciPjwvc3ZnPg==\" style=\"--smush-placeholder-width: 962px; --smush-placeholder-aspect-ratio: 962\/848;\" \/>[\/vc_column_text][\/vc_column_inner][vc_column_inner el_class=&#8221;columns xlarge-6 column-right&#8221; width=&#8221;1\/2&#8243;][vc_empty_space height=&#8221;75px&#8221; el_class=&#8221;show-for-large&#8221;][vc_empty_space height=&#8221;45px&#8221; el_class=&#8221;hide-for-large&#8221;][vc_column_text css_animation=&#8221;fadeInRight&#8221; el_class=&#8221;column-right-content text-center xlarge-text-left extra-large-padding-left-for-xlarge&#8221;]<\/p>\n<h1 class=\"section-heading alt-white bottom-buffer-1point5rem\">Dise\u00f1o arquitect\u00f3nico<\/h1>\n<p class=\"big alt-white\">No subcontrate el dise\u00f1o de su casa a un arquitecto que puede o no dar prioridad a su visi\u00f3n y a las necesidades de su familia. Los arquitectos de Liongate Builders aportan d\u00e9cadas de experiencia y un profundo conocimiento de las mejores pr\u00e1cticas y normativas locales a la construcci\u00f3n de su casa a medida. Deje que utilicen este conocimiento mientras trabajan desde nuestro compromiso compartido de construir una casa que sea a partes iguales impresionante y funcional para todas sus necesidades. Y, una vez finalizado el dise\u00f1o, podr\u00e1 disfrutar de la tranquilidad de saber que la comunicaci\u00f3n entre el equipo de dise\u00f1o y el de construcci\u00f3n es perfecta, porque trabajamos como un solo equipo para que su casa personalizada sea exactamente como se plane\u00f3.<\/p>\n<div style=\"height: 45px;\"><\/div>\n<p><a class=\"button button-gradient uc no-margin-bottom\" href=\"https:\/\/liongatebuilders.com\/es\/servicios-residenciales\/diseno-arquitectonico\/\">Dise\u00f1os arquitect\u00f3nicos<\/a>[\/vc_column_text][vc_empty_space height=&#8221;75px&#8221; el_class=&#8221;show-for-large&#8221;][vc_empty_space height=&#8221;45px&#8221; el_class=&#8221;hide-for-large&#8221;][\/vc_column_inner][\/vc_row_inner][\/vc_column][\/vc_row][\/vc_section][vc_section el_id=&#8221;residentials-services-section_4&#8243;][vc_row css=&#8221;.vc_custom_1661446894200{background-color: #161616 !important;}&#8221;][vc_column][vc_row_inner equal_height=&#8221;yes&#8221; content_placement=&#8221;middle&#8221; el_class=&#8221;row expanded no-padding-vc no-padding-foundation content-width-xlarge&#8221;][vc_column_inner el_class=&#8221;columns xlarge-6 column-right xlarge-push-6&#8243; width=&#8221;1\/2&#8243;][vc_column_text css_animation=&#8221;fadeInRight&#8221; el_class=&#8221;text-center&#8221;]<img decoding=\"async\" class=\"alignnone wp-image-1976 size-full lazyload\" data-src=\"http:\/\/liongatebuilders.com\/wp-content\/uploads\/2024\/03\/residentials-services-section_4-img_1-1-min.png\" alt=\"Residential services\" width=\"962\" height=\"848\" data-srcset=\"https:\/\/liongatebuilders.com\/wp-content\/uploads\/2024\/03\/residentials-services-section_4-img_1-1-min.png 962w, https:\/\/liongatebuilders.com\/wp-content\/uploads\/2024\/03\/residentials-services-section_4-img_1-1-min-300x264.png 300w, https:\/\/liongatebuilders.com\/wp-content\/uploads\/2024\/03\/residentials-services-section_4-img_1-1-min-768x677.png 768w, https:\/\/liongatebuilders.com\/wp-content\/uploads\/2024\/03\/residentials-services-section_4-img_1-1-min-908x800.png 908w, https:\/\/liongatebuilders.com\/wp-content\/uploads\/2024\/03\/residentials-services-section_4-img_1-1-min-500x441.png 500w\" data-sizes=\"(max-width: 962px) 100vw, 962px\" src=\"data:image\/svg+xml;base64,PHN2ZyB3aWR0aD0iMSIgaGVpZ2h0PSIxIiB4bWxucz0iaHR0cDovL3d3dy53My5vcmcvMjAwMC9zdmciPjwvc3ZnPg==\" style=\"--smush-placeholder-width: 962px; --smush-placeholder-aspect-ratio: 962\/848;\" \/>[\/vc_column_text][\/vc_column_inner][vc_column_inner el_class=&#8221;columns xlarge-6 xlarge-pull-6 column-left&#8221; width=&#8221;1\/2&#8243;][vc_empty_space height=&#8221;75px&#8221; el_class=&#8221;show-for-large clear-right&#8221;][vc_empty_space height=&#8221;45px&#8221; el_class=&#8221;hide-for-large&#8221;][vc_column_text css_animation=&#8221;fadeInLeft&#8221; el_class=&#8221;column-left-content text-center xlarge-text-left extra-large-padding-right-for-xlarge float-right-for-large&#8221;]<\/p>\n<h1 class=\"section-heading bottom-buffer-1point5rem alt-white\">Construcci\u00f3n de viviendas<\/h1>\n<p class=\"big bottom-buffer-1point5rem alt-white\">Usted no es un experto en construcci\u00f3n, as\u00ed que \u00bfpor qu\u00e9 va a tener que supervisar cada detalle de la construcci\u00f3n de su casa a medida? Nuestras soluciones residenciales de servicio completo incluyen un apoyo integral a la construcci\u00f3n. Saquemos los permisos. Deje que nos encarguemos de las inspecciones. Y deje que nuestros equipos de expertos ejecuten a la perfecci\u00f3n cada metro cuadrado de su casa totalmente \u00fanica. Todo ello mientras recibe comunicaci\u00f3n constante de su punto de contacto para que siempre sepa exactamente lo que est\u00e1 ocurriendo. Es hora de dejar de perseguir a tu constructor para que te ponga al d\u00eda. En su lugar, elija al constructor de casas personalizadas de alta calidad que se centra en las relaciones y se compromete con usted.<\/p>\n<div style=\"height: 45px;\"><\/div>\n<p><a class=\"button button-gradient uc no-margin-bottom\" href=\"https:\/\/liongatebuilders.com\/es\/servicios-residenciales\/construccion-de-viviendas\/\">Construcci\u00f3n de viviendas<\/a>[\/vc_column_text][vc_empty_space height=&#8221;75px&#8221; el_class=&#8221;show-for-large clear-right&#8221;][vc_empty_space height=&#8221;45px&#8221; el_class=&#8221;hide-for-large&#8221;][\/vc_column_inner][\/vc_row_inner][\/vc_column][\/vc_row][\/vc_section][vc_section el_id=&#8221;residentials-services-section_5&#8243;][vc_row css=&#8221;.vc_custom_1661446907562{background-color: #161616 !important;}&#8221;][vc_column][vc_row_inner equal_height=&#8221;yes&#8221; content_placement=&#8221;middle&#8221; el_class=&#8221;row expanded no-padding-vc no-padding-foundation content-width-xlarge&#8221;][vc_column_inner el_class=&#8221;columns xlarge-6 column-left&#8221; width=&#8221;1\/2&#8243;][vc_column_text css_animation=&#8221;fadeInLeft&#8221; el_class=&#8221;text-center&#8221;]<img decoding=\"async\" class=\"alignnone wp-image-1968 size-full lazyload\" data-src=\"http:\/\/liongatebuilders.com\/wp-content\/uploads\/2024\/03\/residentials-services-section_5-img_1-1-min.png\" alt=\"Residential services\" width=\"962\" height=\"848\" data-srcset=\"https:\/\/liongatebuilders.com\/wp-content\/uploads\/2024\/03\/residentials-services-section_5-img_1-1-min.png 962w, https:\/\/liongatebuilders.com\/wp-content\/uploads\/2024\/03\/residentials-services-section_5-img_1-1-min-300x264.png 300w, https:\/\/liongatebuilders.com\/wp-content\/uploads\/2024\/03\/residentials-services-section_5-img_1-1-min-768x677.png 768w, https:\/\/liongatebuilders.com\/wp-content\/uploads\/2024\/03\/residentials-services-section_5-img_1-1-min-908x800.png 908w, https:\/\/liongatebuilders.com\/wp-content\/uploads\/2024\/03\/residentials-services-section_5-img_1-1-min-500x441.png 500w\" data-sizes=\"(max-width: 962px) 100vw, 962px\" src=\"data:image\/svg+xml;base64,PHN2ZyB3aWR0aD0iMSIgaGVpZ2h0PSIxIiB4bWxucz0iaHR0cDovL3d3dy53My5vcmcvMjAwMC9zdmciPjwvc3ZnPg==\" style=\"--smush-placeholder-width: 962px; --smush-placeholder-aspect-ratio: 962\/848;\" \/>[\/vc_column_text][\/vc_column_inner][vc_column_inner el_class=&#8221;columns xlarge-6 column-right&#8221; width=&#8221;1\/2&#8243;][vc_empty_space height=&#8221;75px&#8221; el_class=&#8221;show-for-large&#8221;][vc_empty_space height=&#8221;45px&#8221; el_class=&#8221;hide-for-large&#8221;][vc_column_text css_animation=&#8221;fadeInRight&#8221; el_class=&#8221;column-right-content text-center xlarge-text-left extra-large-padding-left-for-xlarge&#8221;]<\/p>\n<h1 class=\"section-heading bottom-buffer-1point5rem alt-white\">Renovaci\u00f3n del hogar<\/h1>\n<p class=\"big bottom-buffer-1point5rem alt-white\">A veces no hace falta una casa completamente nueva para conseguir la residencia perfecta. Cuando s\u00f3lo necesite algunas reformas, nuestras soluciones residenciales de servicio completo est\u00e1n aqu\u00ed para ayudarle. Podemos encargarnos de mejorar la cocina o a\u00f1adir habitaciones, reformar el s\u00f3tano o ampliar el dormitorio principal. En proyectos de cualquier envergadura, aportamos una meticulosa dedicaci\u00f3n a su satisfacci\u00f3n y una artesan\u00eda excepcional. Perm\u00edtanos ayudarle con todo, incluido<\/p>\n<ul class=\"text-left big theme-ul secondary alt-white\">\n<li>Dise\u00f1os de renovaci\u00f3n<\/li>\n<li>Permisos<\/li>\n<li>Demolici\u00f3n<\/li>\n<li>Construcci\u00f3n<\/li>\n<li>Acabados<\/li>\n<li>Y m\u00e1s<\/li>\n<\/ul>\n<div style=\"height: 45px;\"><\/div>\n<p><a class=\"button button-gradient uc no-margin-bottom\" href=\"https:\/\/liongatebuilders.com\/es\/servicios-residenciales\/renovacion-del-hogar\/\">Reformas del hogar<\/a>[\/vc_column_text][vc_empty_space height=&#8221;75px&#8221; el_class=&#8221;show-for-large&#8221;][vc_empty_space height=&#8221;45px&#8221; el_class=&#8221;hide-for-large&#8221;][\/vc_column_inner][\/vc_row_inner][\/vc_column][\/vc_row][\/vc_section][vc_section el_id=&#8221;residentials-services-section_6&#8243;][vc_row css=&#8221;.vc_custom_1661446915650{background-color: #161616 !important;}&#8221;][vc_column][vc_row_inner equal_height=&#8221;yes&#8221; content_placement=&#8221;middle&#8221; el_class=&#8221;row expanded no-padding-vc no-padding-foundation content-width-xlarge&#8221;][vc_column_inner el_class=&#8221;columns xlarge-6 column-right xlarge-push-6&#8243; width=&#8221;1\/2&#8243;][vc_column_text css_animation=&#8221;fadeInRight&#8221; el_class=&#8221;text-center&#8221;]<img decoding=\"async\" class=\"alignnone size-full wp-image-1575 lazyload\" data-src=\"\/wp-content\/uploads\/2024\/01\/residentials-services-section_6-img_1.png\" alt=\"\" width=\"962\" height=\"848\" data-srcset=\"https:\/\/liongatebuilders.com\/wp-content\/uploads\/2024\/01\/residentials-services-section_6-img_1.png 962w, https:\/\/liongatebuilders.com\/wp-content\/uploads\/2024\/01\/residentials-services-section_6-img_1-300x264.png 300w, https:\/\/liongatebuilders.com\/wp-content\/uploads\/2024\/01\/residentials-services-section_6-img_1-768x677.png 768w, https:\/\/liongatebuilders.com\/wp-content\/uploads\/2024\/01\/residentials-services-section_6-img_1-908x800.png 908w, https:\/\/liongatebuilders.com\/wp-content\/uploads\/2024\/01\/residentials-services-section_6-img_1-500x441.png 500w\" data-sizes=\"(max-width: 962px) 100vw, 962px\" src=\"data:image\/svg+xml;base64,PHN2ZyB3aWR0aD0iMSIgaGVpZ2h0PSIxIiB4bWxucz0iaHR0cDovL3d3dy53My5vcmcvMjAwMC9zdmciPjwvc3ZnPg==\" style=\"--smush-placeholder-width: 962px; --smush-placeholder-aspect-ratio: 962\/848;\" \/>[\/vc_column_text][\/vc_column_inner][vc_column_inner el_class=&#8221;columns xlarge-6 xlarge-pull-6 column-left&#8221; width=&#8221;1\/2&#8243;][vc_empty_space height=&#8221;75px&#8221; el_class=&#8221;show-for-large&#8221;][vc_empty_space height=&#8221;45px&#8221; el_class=&#8221;hide-for-large&#8221;][vc_column_text css_animation=&#8221;fadeInLeft&#8221; el_class=&#8221;column-left-content text-center xlarge-text-left extra-large-padding-right-for-xlarge float-right-for-large&#8221;]<\/p>\n<h1 class=\"section-heading bottom-buffer-1point5rem alt-white\">Consulta sobre financiaci\u00f3n<\/h1>\n<p class=\"big bottom-buffer-1point5rem alt-white\">El primer paso para que un proyecto residencial tenga \u00e9xito es saber c\u00f3mo pagarlo. Elimine costosas sorpresas y largos retrasos en su proyecto y elija la consultor\u00eda de financiaci\u00f3n a trav\u00e9s de Liongate. Le ponemos en contacto con nuestros prestamistas de confianza, que pueden ayudarle a encontrar la soluci\u00f3n que mejor se adapte a sus necesidades. Incluso podemos conseguirle una preaprobaci\u00f3n en cuesti\u00f3n de minutos con nuestra herramienta en l\u00ednea.<\/p>\n<ul class=\"text-left big theme-ul secondary alt-white\">\n<li style=\"text-align: left;\">Acceda a prestamistas de confianza.<\/li>\n<li style=\"text-align: left;\">Obtenga una preaprobaci\u00f3n instant\u00e1nea.<\/li>\n<li style=\"text-align: left;\">Sepa cu\u00e1nto puede gastar.<\/li>\n<li style=\"text-align: left;\">Planifique su proyecto dentro de su presupuesto.<\/li>\n<\/ul>\n<div style=\"height: 45px;\"><\/div>\n<p><a class=\"button button-gradient uc no-margin-bottom\" href=\"https:\/\/liongatebuilders.com\/es\/servicios-residenciales\/consulta-sobre-financiacion\/\">Consulta sobre financiaci\u00f3n<\/a>[\/vc_column_text][vc_empty_space height=&#8221;45px&#8221; el_class=&#8221;hide-for-large&#8221;][vc_empty_space height=&#8221;75px&#8221; el_class=&#8221;show-for-large&#8221;][\/vc_column_inner][\/vc_row_inner][\/vc_column][\/vc_row][\/vc_section]<\/p>\n<\/div>","protected":false},"excerpt":{"rendered":"<p>[vc_section el_id=&#8221;page_header&#8221;][vc_row css=&#8221;.vc_custom_1583311737715{background: #161616 url(https:\/\/liongatebuilders.com\/wp-content\/uploads\/2020\/03\/page_header-bg.jpg?id=79) !important;background-position: center !important;background-repeat: no-repeat !important;background-size: cover !important;}&#8221;][vc_column][vc_empty_space height=&#8221;75px&#8221; el_class=&#8221;show-for-large&#8221;][vc_empty_space height=&#8221;45px&#8221; el_class=&#8221;hide-for-large&#8221;][vc_row_inner el_class=&#8221;row no-padding-vc&#8221;][vc_column_inner][vc_column_text] Servicios residenciales [\/vc_column_text][\/vc_column_inner][\/vc_row_inner][vc_empty_space height=&#8221;75px&#8221; el_class=&#8221;show-for-large&#8221;][vc_empty_space height=&#8221;45px&#8221; el_class=&#8221;hide-for-large&#8221;][\/vc_column][\/vc_row][vc_row][vc_column][vc_row_inner][vc_column_inner][\/vc_column_inner][\/vc_row_inner][\/vc_column][\/vc_row][\/vc_section][vc_section el_id=&#8221;residentials-services-section_1&#8243;][vc_row css=&#8221;.vc_custom_1661448700575{border-top-width: 2px !important;border-bottom-width: 2px !important;border-top-color: #dd9712 !important;border-top-style: solid !important;border-bottom-color: #dd9712 !important;border-bottom-style: solid !important;}&#8221;][vc_column][vc_row_inner equal_height=&#8221;yes&#8221; content_placement=&#8221;middle&#8221; el_class=&#8221;row expanded no-padding-vc no-padding-foundation content-width-xlarge&#8221;][vc_column_inner el_class=&#8221;columns large-8 large-offset-2&#8243;][vc_empty_space height=&#8221;75px&#8221; el_class=&#8221;show-for-large clear-right&#8221;][vc_empty_space height=&#8221;45px&#8221; el_class=&#8221;hide-for-large&#8221;][vc_column_text css_animation=&#8221;none&#8221;<a class=\"excerpt-read-more\" href=\"https:\/\/liongatebuilders.com\/es\/servicios-residenciales\/\" title=\"ReadResidencial\">&#8230; Read more &raquo;<\/a><\/p>\n","protected":false},"author":1,"featured_media":2926,"parent":0,"menu_order":0,"comment_status":"closed","ping_status":"closed","template":"template-visual-builder.php","meta":{"_acf_changed":false,"_seopress_robots_primary_cat":"","_seopress_titles_title":"","_seopress_titles_desc":"En Liongate, crear casas a medida excepcionales es m\u00e1s que un servicio. Disfrute de un viaje fluido desde la financiaci\u00f3n hasta el dise\u00f1o, la construcci\u00f3n y la mudanza.","_seopress_robots_index":"","footnotes":""},"class_list":["post-1418","page","type-page","status-publish","has-post-thumbnail","hentry"],"acf":[],"_links":{"self":[{"href":"https:\/\/liongatebuilders.com\/es\/wp-json\/wp\/v2\/pages\/1418","targetHints":{"allow":["GET"]}}],"collection":[{"href":"https:\/\/liongatebuilders.com\/es\/wp-json\/wp\/v2\/pages"}],"about":[{"href":"https:\/\/liongatebuilders.com\/es\/wp-json\/wp\/v2\/types\/page"}],"author":[{"embeddable":true,"href":"https:\/\/liongatebuilders.com\/es\/wp-json\/wp\/v2\/users\/1"}],"replies":[{"embeddable":true,"href":"https:\/\/liongatebuilders.com\/es\/wp-json\/wp\/v2\/comments?post=1418"}],"version-history":[{"count":56,"href":"https:\/\/liongatebuilders.com\/es\/wp-json\/wp\/v2\/pages\/1418\/revisions"}],"predecessor-version":[{"id":2703,"href":"https:\/\/liongatebuilders.com\/es\/wp-json\/wp\/v2\/pages\/1418\/revisions\/2703"}],"wp:featuredmedia":[{"embeddable":true,"href":"https:\/\/liongatebuilders.com\/es\/wp-json\/wp\/v2\/media\/2926"}],"wp:attachment":[{"href":"https:\/\/liongatebuilders.com\/es\/wp-json\/wp\/v2\/media?parent=1418"}],"curies":[{"name":"wp","href":"https:\/\/api.w.org\/{rel}","templated":true}]}}