{"id":1434,"date":"2024-01-04T07:35:22","date_gmt":"2024-01-04T07:35:22","guid":{"rendered":"https:\/\/liongatebuilders.com\/casas-a-medida\/"},"modified":"2024-03-29T02:57:16","modified_gmt":"2024-03-29T02:57:16","slug":"casas-a-medida","status":"publish","type":"page","link":"https:\/\/liongatebuilders.com\/es\/servicios-residenciales\/casas-a-medida\/","title":{"rendered":"Casas a medida"},"content":{"rendered":"<div class=\"wpb-content-wrapper\"><p>[vc_section el_id=&#8221;page_header&#8221;][vc_row css=&#8221;.vc_custom_1583311737715{background: #161616 url(https:\/\/liongatebuilders.com\/wp-content\/uploads\/2020\/03\/page_header-bg.jpg?id=79) !important;background-position: center !important;background-repeat: no-repeat !important;background-size: cover !important;}&#8221;][vc_column][vc_empty_space height=&#8221;75px&#8221; el_class=&#8221;show-for-large&#8221;][vc_empty_space height=&#8221;45px&#8221; el_class=&#8221;hide-for-large&#8221;][vc_row_inner el_class=&#8221;row no-padding-vc&#8221;][vc_column_inner][vc_column_text]<\/p>\n<h1 class=\"page-heading alt-white\" style=\"text-align: center;\">Servicios residenciales<\/h1>\n<p>[\/vc_column_text][\/vc_column_inner][\/vc_row_inner][vc_empty_space height=&#8221;75px&#8221; el_class=&#8221;show-for-large&#8221;][vc_empty_space height=&#8221;45px&#8221; el_class=&#8221;hide-for-large&#8221;][\/vc_column][\/vc_row][\/vc_section][vc_section el_id=&#8221;custom-homes-section_1&#8243;][vc_row][vc_column][vc_row_inner equal_height=&#8221;yes&#8221; content_placement=&#8221;middle&#8221; el_class=&#8221;row no-padding-vc content-width-xlarge&#8221;][vc_column_inner el_class=&#8221;columns xlarge-6 column-left&#8221; width=&#8221;1\/2&#8243;][vc_empty_space height=&#8221;75px&#8221; el_class=&#8221;show-for-large clear-right&#8221;][vc_empty_space height=&#8221;45px&#8221; el_class=&#8221;hide-for-large&#8221;][vc_column_text css_animation=&#8221;fadeInLeft&#8221; el_class=&#8221;column-left-content text-center xlarge-text-left extra-large-padding-right-for-xlarge float-right-for-large&#8221;]<\/p>\n<h1 class=\"section-heading bottom-buffer-1point5rem\">\u00bfPor qu\u00e9 elegir Liongate RGV Custom Homes?<\/h1>\n<p class=\"big bottom-buffer-1point5rem\">Para una remodelaci\u00f3n hermosa y personalizada de espacios comerciales y alquilados, no busque m\u00e1s all\u00e1 de Liongate. Nuestro enfoque centrado en las relaciones y nuestro equipo de expertos en construcci\u00f3n se combinan para ofrecer construcciones de alta calidad adaptadas a sus necesidades. \u00bfQu\u00e9 podemos ofrecerle para su proyecto de acabado?<\/p>\n<h2 class=\"bottom-buffer-1point5rem\">Soluciones innovadoras<\/h2>\n<p class=\"big bottom-buffer-1point5rem\">Belleza y funcionalidad se dan la mano en dise\u00f1os creados pensando en su negocio, sus necesidades de acabado y su estilo.<\/p>\n<h2 class=\"bottom-buffer-1point5rem\">Dise\u00f1os excepcionales<\/h2>\n<p class=\"big bottom-buffer-1point5rem\">Belleza y funcionalidad se dan la mano en dise\u00f1os creados pensando en su negocio, sus necesidades de acabado y su estilo.<\/p>\n<h2 class=\"bottom-buffer-1point5rem\">Acabados personalizados<\/h2>\n<p class=\"big bottom-buffer-1point5rem\">Adaptamos nuestros acabados a las necesidades individuales de cada cliente, porque su espacio comercial o alquilado debe ayudarle a alcanzar sus objetivos empresariales.<\/p>\n<h2 class=\"bottom-buffer-1point5rem\">Atenci\u00f3n personal inigualable<\/h2>\n<p class=\"big bottom-buffer-1point5rem\">Un servicio, una calidad y un dise\u00f1o superiores son el resultado de una atenci\u00f3n meticulosa a cada detalle en cada paso de su proyecto.<\/p>\n<p>[\/vc_column_text][vc_empty_space height=&#8221;75px&#8221; el_class=&#8221;show-for-large clear-right&#8221;][vc_empty_space height=&#8221;45px&#8221; el_class=&#8221;hide-for-large&#8221;][\/vc_column_inner][vc_column_inner el_class=&#8221;columns xlarge-6 column-left&#8221; width=&#8221;1\/2&#8243;][vc_empty_space height=&#8221;75px&#8221; el_class=&#8221;show-for-large clear-right&#8221;][vc_empty_space height=&#8221;45px&#8221; el_class=&#8221;hide-for-large&#8221;]\n<div class=\"wpcf7 no-js\" id=\"wpcf7-f1406-o1\" lang=\"es-ES\" dir=\"ltr\" data-wpcf7-id=\"1406\">\n<div class=\"screen-reader-response\"><p role=\"status\" aria-live=\"polite\" aria-atomic=\"true\"><\/p> <ul><\/ul><\/div>\n<form action=\"\/es\/wp-json\/wp\/v2\/pages\/1434#wpcf7-f1406-o1\" method=\"post\" class=\"wpcf7-form init\" aria-label=\"Contact form\" novalidate=\"novalidate\" data-status=\"init\">\n<fieldset class=\"hidden-fields-container\"><input type=\"hidden\" name=\"_wpcf7\" value=\"1406\" \/><input type=\"hidden\" name=\"_wpcf7_version\" value=\"6.1.5\" \/><input type=\"hidden\" name=\"_wpcf7_locale\" value=\"es_ES\" \/><input type=\"hidden\" name=\"_wpcf7_unit_tag\" value=\"wpcf7-f1406-o1\" \/><input type=\"hidden\" name=\"_wpcf7_container_post\" value=\"0\" \/><input type=\"hidden\" name=\"_wpcf7_posted_data_hash\" value=\"\" \/><input type=\"hidden\" name=\"_wpcf7cf_hidden_group_fields\" value=\"[]\" \/><input type=\"hidden\" name=\"_wpcf7cf_hidden_groups\" value=\"[]\" \/><input type=\"hidden\" name=\"_wpcf7cf_visible_groups\" value=\"[]\" \/><input type=\"hidden\" name=\"_wpcf7cf_repeaters\" value=\"[]\" \/><input type=\"hidden\" name=\"_wpcf7cf_steps\" value=\"{}\" \/><input type=\"hidden\" name=\"_wpcf7cf_options\" value=\"{&quot;form_id&quot;:1406,&quot;conditions&quot;:[],&quot;settings&quot;:{&quot;animation&quot;:&quot;yes&quot;,&quot;animation_intime&quot;:200,&quot;animation_outtime&quot;:200,&quot;conditions_ui&quot;:&quot;normal&quot;,&quot;notice_dismissed&quot;:false}}\" \/>\n<\/fieldset>\n<div class=\"row service-form\">\n\t<div class=\"columns large-12\">\n\t\t<div class=\"row\">\n\t\t\t<div class=\"columns large-12 text-center\">\n\t\t\t\t<h2 class=\"section-heading alt-white bottom-buffer-1point5rem\">\u00bfQuiere saber m\u00e1s?\n\t\t\t\t<\/h2>\n\t\t\t\t<p class=\"big alt-white bottom-buffer-2point5rem\">Nuestro equipo est\u00e1 siempre dispuesto a hablar contigo sobre tu proyecto.<br \/>\n\u00a1Ponte en contacto con nosotros hoy mismo para saber m\u00e1s!\n\t\t\t\t<\/p>\n\t\t\t<\/div>\n\t\t<\/div>\n\t\t<div class=\"row\">\n\t\t\t<div class=\"columns large-12\">\n\t\t\t\t<p><span class=\"wpcf7-form-control-wrap\" data-name=\"full-name\"><input size=\"40\" maxlength=\"400\" class=\"wpcf7-form-control wpcf7-text wpcf7-validates-as-required\" aria-required=\"true\" aria-invalid=\"false\" placeholder=\"Nombre y apellidos\" value=\"\" type=\"text\" name=\"full-name\" \/><\/span>\n\t\t\t\t<\/p>\n\t\t\t<\/div>\n\t\t<\/div>\n\t\t<div class=\"row\">\n\t\t\t<div class=\"columns large-12\">\n\t\t\t\t<p><span class=\"wpcf7-form-control-wrap\" data-name=\"mobile-phone\"><input size=\"40\" maxlength=\"400\" class=\"wpcf7-form-control wpcf7-text wpcf7-validates-as-required\" aria-required=\"true\" aria-invalid=\"false\" placeholder=\"Tel\u00e9fono\" value=\"\" type=\"text\" name=\"mobile-phone\" \/><\/span>\n\t\t\t\t<\/p>\n\t\t\t<\/div>\n\t\t<\/div>\n\t\t<div class=\"row\">\n\t\t\t<div class=\"columns large-12\">\n\t\t\t\t<p><span class=\"wpcf7-form-control-wrap\" data-name=\"email\"><input size=\"40\" maxlength=\"400\" class=\"wpcf7-form-control wpcf7-email wpcf7-validates-as-required wpcf7-text wpcf7-validates-as-email\" aria-required=\"true\" aria-invalid=\"false\" placeholder=\"Correo electr\u00f3nico\" value=\"\" type=\"email\" name=\"email\" \/><\/span>\n\t\t\t\t<\/p>\n\t\t\t<\/div>\n\t\t<\/div>\n\t\t<div class=\"row\">\n\t\t\t<div class=\"columns large-12 bottom-buffer-2point5rem\">\n\t\t\t\t<p><span class=\"wpcf7-form-control-wrap\" data-name=\"message\"><textarea cols=\"10\" rows=\"3\" maxlength=\"2000\" class=\"wpcf7-form-control wpcf7-textarea wpcf7-validates-as-required\" aria-required=\"true\" aria-invalid=\"false\" placeholder=\"Mensaje\" name=\"message\"><\/textarea><\/span>\n\t\t\t\t<\/p>\n\t\t\t<\/div>\n\t\t<\/div>\n\t\t<div class=\"row\">\n\t\t\t<div class=\"columns large-12 text-center\">\n\t\t\t\t<p><span id=\"wpcf7-69e0e7a7cd6f0-wrapper\" class=\"wpcf7-form-control-wrap honeypot-274-wrap\" style=\"display:none !important; visibility:hidden !important;\"><label for=\"wpcf7-69e0e7a7cd6f0-field\" class=\"hp-message\">Please leave this field empty.<\/label><input id=\"wpcf7-69e0e7a7cd6f0-field\"  class=\"wpcf7-form-control wpcf7-text\" type=\"text\" name=\"honeypot-274\" value=\"\" size=\"40\" tabindex=\"-1\" autocomplete=\"new-password\" \/><\/span><button type=\"submit\" class=\"button button-gradient uc\">Obtenga un presupuesto gratuito<\/button>\n\t\t\t\t<\/p>\n\t\t\t<\/div>\n\t\t<\/div>\n\t<\/div>\n<\/div><div class=\"wpcf7-response-output\" aria-hidden=\"true\"><\/div>\n<\/form>\n<\/div>\n[vc_empty_space height=&#8221;75px&#8221; el_class=&#8221;show-for-large clear-right&#8221;][vc_empty_space height=&#8221;45px&#8221; el_class=&#8221;hide-for-large&#8221;][\/vc_column_inner][\/vc_row_inner][\/vc_column][\/vc_row][\/vc_section][vc_section el_id=&#8221;custom-homes-section_2&#8243;][vc_row][vc_column][vc_row_inner equal_height=&#8221;yes&#8221; content_placement=&#8221;middle&#8221; el_class=&#8221;row expanded no-padding-vc no-padding-foundation content-width-xlarge&#8221;][vc_column_inner el_class=&#8221;columns xlarge-6 column-right xlarge-push-6&#8243; width=&#8221;1\/2&#8243;][vc_column_text css_animation=&#8221;fadeInRight&#8221;]<img decoding=\"async\" class=\"alignnone wp-image-1951 size-full lazyload\" data-src=\"http:\/\/liongatebuilders.com\/wp-content\/uploads\/2024\/03\/custom-homes-section_2-img_1-min.png\" alt=\"Custom Home\" width=\"962\" height=\"1029\" data-srcset=\"https:\/\/liongatebuilders.com\/wp-content\/uploads\/2024\/03\/custom-homes-section_2-img_1-min.png 962w, https:\/\/liongatebuilders.com\/wp-content\/uploads\/2024\/03\/custom-homes-section_2-img_1-min-280x300.png 280w, https:\/\/liongatebuilders.com\/wp-content\/uploads\/2024\/03\/custom-homes-section_2-img_1-min-957x1024.png 957w, https:\/\/liongatebuilders.com\/wp-content\/uploads\/2024\/03\/custom-homes-section_2-img_1-min-768x821.png 768w, https:\/\/liongatebuilders.com\/wp-content\/uploads\/2024\/03\/custom-homes-section_2-img_1-min-748x800.png 748w, https:\/\/liongatebuilders.com\/wp-content\/uploads\/2024\/03\/custom-homes-section_2-img_1-min-500x535.png 500w\" data-sizes=\"(max-width: 962px) 100vw, 962px\" src=\"data:image\/svg+xml;base64,PHN2ZyB3aWR0aD0iMSIgaGVpZ2h0PSIxIiB4bWxucz0iaHR0cDovL3d3dy53My5vcmcvMjAwMC9zdmciPjwvc3ZnPg==\" style=\"--smush-placeholder-width: 962px; --smush-placeholder-aspect-ratio: 962\/1029;\" \/>[\/vc_column_text][\/vc_column_inner][vc_column_inner el_class=&#8221;columns xlarge-6 xlarge-pull-6 column-left&#8221; width=&#8221;1\/2&#8243; css=&#8221;.vc_custom_1663266047549{background-color: #f3f1ea !important;}&#8221;][vc_empty_space height=&#8221;75px&#8221; el_class=&#8221;show-for-large clear-right&#8221;][vc_empty_space height=&#8221;45px&#8221; el_class=&#8221;hide-for-large&#8221;][vc_column_text css_animation=&#8221;fadeInLeft&#8221; el_class=&#8221;column-left-content text-center xlarge-text-left extra-large-padding-right-for-xlarge float-right-for-large&#8221;]<\/p>\n<h1 class=\"section-heading bottom-buffer-1point5rem\">Servicio completo de viviendas residenciales a medida<\/h1>\n<p class=\"big bottom-buffer-1point5rem\">\u00bfNecesita pintar su local de alquiler? \u00bfBusca una construcci\u00f3n interior que a\u00f1ada la funcionalidad necesaria a su edificio comercial? \u00bfQuiere adaptar su espacio a un restaurante? Nuestro equipo de expertos est\u00e1 preparado para realizar acabados tan complejos o sencillos como usted necesite.<\/p>\n<ul class=\"big bottom-buffer-1point5rem theme-ul primary\">\n<li style=\"text-align: left;\">Remodelaci\u00f3n de oficinas<\/li>\n<li style=\"text-align: left;\">Personalizaci\u00f3n de restaurantes<\/li>\n<li style=\"text-align: left;\">Venta al por menor<\/li>\n<li style=\"text-align: left;\">Construcci\u00f3n interior<\/li>\n<li style=\"text-align: left;\">Accesorios<\/li>\n<li style=\"text-align: left;\">Pintura<\/li>\n<li style=\"text-align: left;\">Acabados<\/li>\n<li style=\"text-align: left;\">Y mucho m\u00e1s<\/li>\n<\/ul>\n<p class=\"big bottom-buffer-1point5rem\">Desde grandes obras de construcci\u00f3n hasta peque\u00f1as remodelaciones, trabajamos duro para ofrecerle las renovaciones que necesita, al tiempo que colaboramos estrechamente con usted para garantizar que cada detalle sea exactamente lo que usted imagina.<\/p>\n<p>[\/vc_column_text][vc_empty_space height=&#8221;75px&#8221; el_class=&#8221;show-for-large clear-right&#8221;][vc_empty_space height=&#8221;45px&#8221; el_class=&#8221;hide-for-large&#8221;][\/vc_column_inner][\/vc_row_inner][\/vc_column][\/vc_row][\/vc_section][vc_section el_id=&#8221;custom-homes-section_3&#8243; el_class=&#8221;bg-primary bg-size-cover bg-no-repeat bg-center-bottom&#8221; css=&#8221;.vc_custom_1704432064651{background-image: url(http:\/\/liongatebuilders.com\/wp-content\/uploads\/2024\/01\/custom-homes-section_3-bg-img_1.png?id=1582) !important;background-position: center !important;background-repeat: no-repeat !important;background-size: cover !important;}&#8221;][vc_row][vc_column][vc_empty_space height=&#8221;150px&#8221; el_class=&#8221;show-for-large clear-right&#8221;][vc_empty_space height=&#8221;45px&#8221; el_class=&#8221;hide-for-large&#8221;][vc_row_inner el_class=&#8221;row no-padding-vc&#8221;][vc_column_inner el_class=&#8221;columns small-12 large-10 large-offset-1 has-background-with-opacity has-padding&#8221;][vc_column_text el_class=&#8221;text-center&#8221;]<\/p>\n<h1 class=\"section-heading alt-white bottom-buffer-1point5rem\">Forma y funci\u00f3n a su medida<\/h1>\n<p class=\"big alt-white bottom-buffer-1point5rem\">Un acabado comercial de \u00e9xito debe cumplir dos objetivos: (1) permitir el uso deseado del espacio y (2) reflejar bien su negocio. Hacemos ambas cosas con un extraordinario servicio al cliente que antepone su visi\u00f3n, dise\u00f1os excepcionales que incorporan sus necesidades y una artesan\u00eda superior que incluye soluciones innovadoras para cada problema.<\/p>\n<p>[\/vc_column_text][vc_empty_space height=&#8221;60px&#8221; el_class=&#8221;show-for-large clear-right&#8221;][vc_empty_space height=&#8221;45px&#8221; el_class=&#8221;hide-for-large&#8221;][vc_column_text el_class=&#8221;text-center large-text-left&#8221;]<\/p>\n<div class=\"row\">\n<div class=\"large-6 columns\">\n<h2 class=\"alt-white bottom-buffer-1point5rem\">Forma:<\/h2>\n<p class=\"big alt-white bottom-buffer-1point5rem\">Tanto si su empresa tiene una personalidad \u00fanica que su espacio comercial debe reflejar como si necesita incorporar una est\u00e9tica determinada, nuestro equipo de expertos aprovecha dise\u00f1os excepcionales y acabados de alta calidad para completar el aspecto que desea. Los espacios bellos son nuestra especialidad, y nunca construimos el mismo dos veces.<\/p>\n<\/div>\n<div class=\"large-6 columns\">\n<h2 class=\"alt-white bottom-buffer-1point5rem\">Funci\u00f3n:<\/h2>\n<p class=\"big alt-white bottom-buffer-1point5rem\">Necesitas tu espacio para alcanzar tus objetivos. Ya se trate de la creaci\u00f3n de un espacio comercial, la construcci\u00f3n de oficinas o la instalaci\u00f3n de un restaurante, nuestro equipo de expertos se dedica a la realizaci\u00f3n eficaz y profesional de los objetivos de su proyecto.<\/p>\n<\/div>\n<\/div>\n<p>[\/vc_column_text][\/vc_column_inner][\/vc_row_inner][vc_empty_space height=&#8221;150px&#8221; el_class=&#8221;show-for-large clear-right&#8221;][vc_empty_space height=&#8221;45px&#8221; el_class=&#8221;hide-for-large&#8221;][\/vc_column][\/vc_row][\/vc_section][vc_section el_id=&#8221;custom-homes-section_4&#8243;][vc_row][vc_column][vc_empty_space height=&#8221;45px&#8221; el_class=&#8221;hide-for-large&#8221;][vc_row_inner equal_height=&#8221;yes&#8221; content_placement=&#8221;middle&#8221; el_class=&#8221;row expanded no-padding-vc no-padding-foundation content-width-xlarge&#8221;][vc_column_inner el_class=&#8221;columns xlarge-6 column-right xlarge-push-6&#8243; width=&#8221;1\/2&#8243;][vc_column_text css_animation=&#8221;fadeInRight&#8221;]<img decoding=\"async\" class=\"alignnone wp-image-1949 size-full lazyload\" data-src=\"http:\/\/liongatebuilders.com\/wp-content\/uploads\/2024\/03\/custom-homes-section_4-img_1-min.png\" alt=\"Custom Home\" width=\"962\" height=\"1029\" data-srcset=\"https:\/\/liongatebuilders.com\/wp-content\/uploads\/2024\/03\/custom-homes-section_4-img_1-min.png 962w, https:\/\/liongatebuilders.com\/wp-content\/uploads\/2024\/03\/custom-homes-section_4-img_1-min-280x300.png 280w, https:\/\/liongatebuilders.com\/wp-content\/uploads\/2024\/03\/custom-homes-section_4-img_1-min-957x1024.png 957w, https:\/\/liongatebuilders.com\/wp-content\/uploads\/2024\/03\/custom-homes-section_4-img_1-min-768x821.png 768w, https:\/\/liongatebuilders.com\/wp-content\/uploads\/2024\/03\/custom-homes-section_4-img_1-min-748x800.png 748w, https:\/\/liongatebuilders.com\/wp-content\/uploads\/2024\/03\/custom-homes-section_4-img_1-min-500x535.png 500w\" data-sizes=\"(max-width: 962px) 100vw, 962px\" src=\"data:image\/svg+xml;base64,PHN2ZyB3aWR0aD0iMSIgaGVpZ2h0PSIxIiB4bWxucz0iaHR0cDovL3d3dy53My5vcmcvMjAwMC9zdmciPjwvc3ZnPg==\" style=\"--smush-placeholder-width: 962px; --smush-placeholder-aspect-ratio: 962\/1029;\" \/>[\/vc_column_text][\/vc_column_inner][vc_column_inner el_class=&#8221;columns xlarge-6 xlarge-pull-6 column-left&#8221; width=&#8221;1\/2&#8243;][vc_empty_space height=&#8221;75px&#8221; el_class=&#8221;show-for-large clear-right&#8221;][vc_empty_space height=&#8221;45px&#8221; el_class=&#8221;hide-for-large&#8221;][vc_column_text css_animation=&#8221;fadeInLeft&#8221; el_class=&#8221;column-left-content text-center xlarge-text-left extra-large-padding-right-for-xlarge float-right-for-large&#8221;]<\/p>\n<h1 class=\"section-heading bottom-buffer-1point5rem\">Un espacio al servicio de sus objetivos<\/h1>\n<p class=\"big bottom-buffer-1point5rem\">Sus objetivos empresariales son nuestra prioridad. Por eso nuestros acabados comerciales comienzan escuchando atentamente sus objetivos para el espacio. Ampl\u00ede su espacio comercial. Establecer un restaurante de lujo. Cree una zona donde la gente pueda echar un vistazo a sus art\u00edculos. Establece un espacio de oficina colaborativo o cub\u00edculos de oficina diferenciados.<\/p>\n<p class=\"big bottom-buffer-1point5rem\">No importa lo que necesite, nosotros se lo ofrecemos con dise\u00f1os y acabados adaptados a sus objetivos. Nos esforzamos por conseguir eficacia, sencillez y profesionalidad, anticip\u00e1ndonos a los problemas de uso, resolviendo posibles obst\u00e1culos y a\u00f1adiendo los toques que convierten su espacio comercial o de alquiler en un lugar que impulsa su negocio.<\/p>\n<p>[\/vc_column_text][vc_empty_space height=&#8221;75px&#8221; el_class=&#8221;show-for-large clear-right&#8221;][vc_empty_space height=&#8221;45px&#8221; el_class=&#8221;hide-for-large&#8221;][\/vc_column_inner][\/vc_row_inner][\/vc_column][\/vc_row][\/vc_section]<\/p>\n<\/div>","protected":false},"excerpt":{"rendered":"<p>[vc_section el_id=&#8221;page_header&#8221;][vc_row css=&#8221;.vc_custom_1583311737715{background: #161616 url(https:\/\/liongatebuilders.com\/wp-content\/uploads\/2020\/03\/page_header-bg.jpg?id=79) !important;background-position: center !important;background-repeat: no-repeat !important;background-size: cover !important;}&#8221;][vc_column][vc_empty_space height=&#8221;75px&#8221; el_class=&#8221;show-for-large&#8221;][vc_empty_space height=&#8221;45px&#8221; el_class=&#8221;hide-for-large&#8221;][vc_row_inner el_class=&#8221;row no-padding-vc&#8221;][vc_column_inner][vc_column_text] Servicios residenciales [\/vc_column_text][\/vc_column_inner][\/vc_row_inner][vc_empty_space height=&#8221;75px&#8221; el_class=&#8221;show-for-large&#8221;][vc_empty_space height=&#8221;45px&#8221; el_class=&#8221;hide-for-large&#8221;][\/vc_column][\/vc_row][\/vc_section][vc_section el_id=&#8221;custom-homes-section_1&#8243;][vc_row][vc_column][vc_row_inner equal_height=&#8221;yes&#8221; content_placement=&#8221;middle&#8221; el_class=&#8221;row no-padding-vc content-width-xlarge&#8221;][vc_column_inner el_class=&#8221;columns xlarge-6 column-left&#8221; width=&#8221;1\/2&#8243;][vc_empty_space height=&#8221;75px&#8221; el_class=&#8221;show-for-large clear-right&#8221;][vc_empty_space height=&#8221;45px&#8221; el_class=&#8221;hide-for-large&#8221;][vc_column_text css_animation=&#8221;fadeInLeft&#8221; el_class=&#8221;column-left-content text-center xlarge-text-left extra-large-padding-right-for-xlarge float-right-for-large&#8221;] \u00bfPor qu\u00e9 elegir Liongate RGV Custom Homes? Para una<a class=\"excerpt-read-more\" href=\"https:\/\/liongatebuilders.com\/es\/servicios-residenciales\/casas-a-medida\/\" title=\"ReadCasas a medida\">&#8230; Read more &raquo;<\/a><\/p>\n","protected":false},"author":1,"featured_media":2076,"parent":1418,"menu_order":0,"comment_status":"closed","ping_status":"closed","template":"template-visual-builder.php","meta":{"_acf_changed":false,"_seopress_robots_primary_cat":"","_seopress_titles_title":"RGV Custom Homes - Liongate Builders","_seopress_titles_desc":"Nuestros expertos en construcci\u00f3n combinan belleza y funcionalidad en dise\u00f1os innovadores, ofreciendo acabados excepcionales adaptados a las necesidades de su empresa.","_seopress_robots_index":"","footnotes":""},"class_list":["post-1434","page","type-page","status-publish","has-post-thumbnail","hentry"],"acf":[],"_links":{"self":[{"href":"https:\/\/liongatebuilders.com\/es\/wp-json\/wp\/v2\/pages\/1434","targetHints":{"allow":["GET"]}}],"collection":[{"href":"https:\/\/liongatebuilders.com\/es\/wp-json\/wp\/v2\/pages"}],"about":[{"href":"https:\/\/liongatebuilders.com\/es\/wp-json\/wp\/v2\/types\/page"}],"author":[{"embeddable":true,"href":"https:\/\/liongatebuilders.com\/es\/wp-json\/wp\/v2\/users\/1"}],"replies":[{"embeddable":true,"href":"https:\/\/liongatebuilders.com\/es\/wp-json\/wp\/v2\/comments?post=1434"}],"version-history":[{"count":32,"href":"https:\/\/liongatebuilders.com\/es\/wp-json\/wp\/v2\/pages\/1434\/revisions"}],"predecessor-version":[{"id":1953,"href":"https:\/\/liongatebuilders.com\/es\/wp-json\/wp\/v2\/pages\/1434\/revisions\/1953"}],"up":[{"embeddable":true,"href":"https:\/\/liongatebuilders.com\/es\/wp-json\/wp\/v2\/pages\/1418"}],"wp:featuredmedia":[{"embeddable":true,"href":"https:\/\/liongatebuilders.com\/es\/wp-json\/wp\/v2\/media\/2076"}],"wp:attachment":[{"href":"https:\/\/liongatebuilders.com\/es\/wp-json\/wp\/v2\/media?parent=1434"}],"curies":[{"name":"wp","href":"https:\/\/api.w.org\/{rel}","templated":true}]}}