{"id":1460,"date":"2024-01-04T14:47:03","date_gmt":"2024-01-04T14:47:03","guid":{"rendered":"https:\/\/liongatebuilders.com\/servicios-residenciales\/diseno-arquitectonico\/"},"modified":"2024-11-26T16:59:33","modified_gmt":"2024-11-26T16:59:33","slug":"diseno-arquitectonico","status":"publish","type":"page","link":"https:\/\/liongatebuilders.com\/es\/servicios-residenciales\/diseno-arquitectonico\/","title":{"rendered":"Dise\u00f1o arquitect\u00f3nico"},"content":{"rendered":"<div class=\"wpb-content-wrapper\"><p>[vc_section el_id=&#8221;page_header&#8221;][vc_row css=&#8221;.vc_custom_1583311737715{background: #161616 url(https:\/\/liongatebuilders.com\/wp-content\/uploads\/2020\/03\/page_header-bg.jpg?id=79) !important;background-position: center !important;background-repeat: no-repeat !important;background-size: cover !important;}&#8221;][vc_column][vc_empty_space height=&#8221;75px&#8221; el_class=&#8221;show-for-large&#8221;][vc_empty_space height=&#8221;45px&#8221; el_class=&#8221;hide-for-large&#8221;][vc_row_inner el_class=&#8221;row no-padding-vc&#8221;][vc_column_inner][vc_column_text]<\/p>\n<h1 class=\"page-heading alt-white\" style=\"text-align: center;\">Servicios de dise\u00f1o arquitect\u00f3nico de viviendas en McAllen<\/h1>\n<p>[\/vc_column_text][\/vc_column_inner][\/vc_row_inner][vc_empty_space height=&#8221;75px&#8221; el_class=&#8221;show-for-large&#8221;][vc_empty_space height=&#8221;45px&#8221; el_class=&#8221;hide-for-large&#8221;][\/vc_column][\/vc_row][\/vc_section][vc_section el_id=&#8221;architectural-design-section_1&#8243;][vc_row][vc_column][vc_row_inner equal_height=&#8221;yes&#8221; content_placement=&#8221;middle&#8221; el_class=&#8221;row no-padding-vc content-width-xlarge&#8221;][vc_column_inner el_class=&#8221;columns xlarge-6 column-left&#8221; width=&#8221;1\/2&#8243;][vc_empty_space height=&#8221;75px&#8221; el_class=&#8221;show-for-large clear-right&#8221;][vc_empty_space height=&#8221;45px&#8221; el_class=&#8221;hide-for-large&#8221;][vc_column_text css_animation=&#8221;fadeInLeft&#8221; el_class=&#8221;column-left-content text-center xlarge-text-left extra-large-padding-right-for-xlarge float-right-for-large&#8221;]<\/p>\n<h2 class=\"section-heading bottom-buffer-1point5rem\">\u00bfPor qu\u00e9 elegir Liongate Residential Architectural Design?<\/h2>\n<p class=\"big bottom-buffer-1point5rem\">\u00bfSabes exactamente lo que quieres de tu <a href=\"https:\/\/liongatebuilders.com\/es\/servicios-residenciales\/casas-a-medida\/\">casa a medida<\/a> o de tu <a href=\"https:\/\/liongatebuilders.com\/es\/servicios-residenciales\/renovacion-del-hogar\/\">reforma<\/a>? \u00bfSigues intentando concretar los detalles? \u00bfNecesita ayuda para ver las posibilidades? No importa en qu\u00e9 punto del proceso de dise\u00f1o te encuentres, nuestros servicios de dise\u00f1o arquitect\u00f3nico se centran en dar vida a la visi\u00f3n de cada cliente mediante una planificaci\u00f3n meditada y personalizada. Al servicio de McAllen y el Valle del R\u00edo Grande, nos especializamos en crear dise\u00f1os de casas que combinan belleza, funcionalidad y las necesidades espec\u00edficas de cada familia. <\/p>\n<h2 class=\"bottom-buffer-1point5rem\">Soluciones innovadoras<\/h2>\n<p class=\"big bottom-buffer-1point5rem\">Abordamos cada obst\u00e1culo como una oportunidad para descubrir una forma nueva y hermosa de crear un espacio que se adapte a sus necesidades.<\/p>\n<h2 class=\"bottom-buffer-1point5rem\">Dise\u00f1os excepcionales<\/h2>\n<p class=\"big bottom-buffer-1point5rem\">Belleza y funcionalidad se dan la mano en dise\u00f1os creados pensando en su familia, su estilo de vida y sus necesidades.<\/p>\n<h2 class=\"bottom-buffer-1point5rem\">Acabados personalizados<\/h2>\n<p class=\"big bottom-buffer-1point5rem\">Adaptamos nuestros dise\u00f1os a las necesidades individuales de cada cliente, a su terreno y a su comunidad, porque su casa debe reflejar su forma de vida.<\/p>\n<h2 class=\"bottom-buffer-1point5rem\">Atenci\u00f3n personal inigualable<\/h2>\n<p class=\"big bottom-buffer-1point5rem\">Un servicio, una calidad y un dise\u00f1o superiores son el resultado de una atenci\u00f3n meticulosa a cada detalle en cada paso del proceso.<\/p>\n<p>[\/vc_column_text][vc_empty_space height=&#8221;75px&#8221; el_class=&#8221;show-for-large clear-right&#8221;][vc_empty_space height=&#8221;45px&#8221; el_class=&#8221;hide-for-large&#8221;][\/vc_column_inner][vc_column_inner el_class=&#8221;columns xlarge-6 column-left&#8221; width=&#8221;1\/2&#8243;][vc_empty_space height=&#8221;75px&#8221; el_class=&#8221;show-for-large clear-right&#8221;][vc_empty_space height=&#8221;45px&#8221; el_class=&#8221;hide-for-large&#8221;]\n<div class=\"wpcf7 no-js\" id=\"wpcf7-f1406-o1\" lang=\"es-ES\" dir=\"ltr\" data-wpcf7-id=\"1406\">\n<div class=\"screen-reader-response\"><p role=\"status\" aria-live=\"polite\" aria-atomic=\"true\"><\/p> <ul><\/ul><\/div>\n<form action=\"\/es\/wp-json\/wp\/v2\/pages\/1460#wpcf7-f1406-o1\" method=\"post\" class=\"wpcf7-form init\" aria-label=\"Contact form\" novalidate=\"novalidate\" data-status=\"init\">\n<fieldset class=\"hidden-fields-container\"><input type=\"hidden\" name=\"_wpcf7\" value=\"1406\" \/><input type=\"hidden\" name=\"_wpcf7_version\" value=\"6.1.5\" \/><input type=\"hidden\" name=\"_wpcf7_locale\" value=\"es_ES\" \/><input type=\"hidden\" name=\"_wpcf7_unit_tag\" value=\"wpcf7-f1406-o1\" \/><input type=\"hidden\" name=\"_wpcf7_container_post\" value=\"0\" \/><input type=\"hidden\" name=\"_wpcf7_posted_data_hash\" value=\"\" \/><input type=\"hidden\" name=\"_wpcf7cf_hidden_group_fields\" value=\"[]\" \/><input type=\"hidden\" name=\"_wpcf7cf_hidden_groups\" value=\"[]\" \/><input type=\"hidden\" name=\"_wpcf7cf_visible_groups\" value=\"[]\" \/><input type=\"hidden\" name=\"_wpcf7cf_repeaters\" value=\"[]\" \/><input type=\"hidden\" name=\"_wpcf7cf_steps\" value=\"{}\" \/><input type=\"hidden\" name=\"_wpcf7cf_options\" value=\"{&quot;form_id&quot;:1406,&quot;conditions&quot;:[],&quot;settings&quot;:{&quot;animation&quot;:&quot;yes&quot;,&quot;animation_intime&quot;:200,&quot;animation_outtime&quot;:200,&quot;conditions_ui&quot;:&quot;normal&quot;,&quot;notice_dismissed&quot;:false}}\" \/>\n<\/fieldset>\n<div class=\"row service-form\">\n\t<div class=\"columns large-12\">\n\t\t<div class=\"row\">\n\t\t\t<div class=\"columns large-12 text-center\">\n\t\t\t\t<h2 class=\"section-heading alt-white bottom-buffer-1point5rem\">\u00bfQuiere saber m\u00e1s?\n\t\t\t\t<\/h2>\n\t\t\t\t<p class=\"big alt-white bottom-buffer-2point5rem\">Nuestro equipo est\u00e1 siempre dispuesto a hablar contigo sobre tu proyecto.<br \/>\n\u00a1Ponte en contacto con nosotros hoy mismo para saber m\u00e1s!\n\t\t\t\t<\/p>\n\t\t\t<\/div>\n\t\t<\/div>\n\t\t<div class=\"row\">\n\t\t\t<div class=\"columns large-12\">\n\t\t\t\t<p><span class=\"wpcf7-form-control-wrap\" data-name=\"full-name\"><input size=\"40\" maxlength=\"400\" class=\"wpcf7-form-control wpcf7-text wpcf7-validates-as-required\" aria-required=\"true\" aria-invalid=\"false\" placeholder=\"Nombre y apellidos\" value=\"\" type=\"text\" name=\"full-name\" \/><\/span>\n\t\t\t\t<\/p>\n\t\t\t<\/div>\n\t\t<\/div>\n\t\t<div class=\"row\">\n\t\t\t<div class=\"columns large-12\">\n\t\t\t\t<p><span class=\"wpcf7-form-control-wrap\" data-name=\"mobile-phone\"><input size=\"40\" maxlength=\"400\" class=\"wpcf7-form-control wpcf7-text wpcf7-validates-as-required\" aria-required=\"true\" aria-invalid=\"false\" placeholder=\"Tel\u00e9fono\" value=\"\" type=\"text\" name=\"mobile-phone\" \/><\/span>\n\t\t\t\t<\/p>\n\t\t\t<\/div>\n\t\t<\/div>\n\t\t<div class=\"row\">\n\t\t\t<div class=\"columns large-12\">\n\t\t\t\t<p><span class=\"wpcf7-form-control-wrap\" data-name=\"email\"><input size=\"40\" maxlength=\"400\" class=\"wpcf7-form-control wpcf7-email wpcf7-validates-as-required wpcf7-text wpcf7-validates-as-email\" aria-required=\"true\" aria-invalid=\"false\" placeholder=\"Correo electr\u00f3nico\" value=\"\" type=\"email\" name=\"email\" \/><\/span>\n\t\t\t\t<\/p>\n\t\t\t<\/div>\n\t\t<\/div>\n\t\t<div class=\"row\">\n\t\t\t<div class=\"columns large-12 bottom-buffer-2point5rem\">\n\t\t\t\t<p><span class=\"wpcf7-form-control-wrap\" data-name=\"message\"><textarea cols=\"10\" rows=\"3\" maxlength=\"2000\" class=\"wpcf7-form-control wpcf7-textarea wpcf7-validates-as-required\" aria-required=\"true\" aria-invalid=\"false\" placeholder=\"Mensaje\" name=\"message\"><\/textarea><\/span>\n\t\t\t\t<\/p>\n\t\t\t<\/div>\n\t\t<\/div>\n\t\t<div class=\"row\">\n\t\t\t<div class=\"columns large-12 text-center\">\n\t\t\t\t<p><span id=\"wpcf7-69de2124266e5-wrapper\" class=\"wpcf7-form-control-wrap honeypot-274-wrap\" style=\"display:none !important; visibility:hidden !important;\"><label for=\"wpcf7-69de2124266e5-field\" class=\"hp-message\">Please leave this field empty.<\/label><input id=\"wpcf7-69de2124266e5-field\"  class=\"wpcf7-form-control wpcf7-text\" type=\"text\" name=\"honeypot-274\" value=\"\" size=\"40\" tabindex=\"-1\" autocomplete=\"new-password\" \/><\/span><button type=\"submit\" class=\"button button-gradient uc\">Obtenga un presupuesto gratuito<\/button>\n\t\t\t\t<\/p>\n\t\t\t<\/div>\n\t\t<\/div>\n\t<\/div>\n<\/div><div class=\"wpcf7-response-output\" aria-hidden=\"true\"><\/div>\n<\/form>\n<\/div>\n[vc_empty_space height=&#8221;75px&#8221; el_class=&#8221;show-for-large clear-right&#8221;][vc_empty_space height=&#8221;45px&#8221; el_class=&#8221;hide-for-large&#8221;][\/vc_column_inner][\/vc_row_inner][\/vc_column][\/vc_row][\/vc_section][vc_section el_id=&#8221;architectural-design-section_2&#8243;][vc_row][vc_column][vc_row_inner equal_height=&#8221;yes&#8221; content_placement=&#8221;middle&#8221; el_class=&#8221;row expanded no-padding-vc no-padding-foundation content-width-xlarge&#8221;][vc_column_inner el_class=&#8221;columns xlarge-6 column-right xlarge-push-6&#8243; width=&#8221;1\/2&#8243;][vc_column_text css_animation=&#8221;fadeInRight&#8221; css=&#8221;&#8221;]<a href=\"https:\/\/liongatebuilders.com\/es\/galeria\/\"><img decoding=\"async\" class=\"alignnone wp-image-1533 size-full lazyload\" data-src=\"https:\/\/liongatebuilders.com\/wp-content\/uploads\/2024\/01\/architectural-design-section_2-img_1.png\" alt=\"interiorismo Lujo\" width=\"962\" height=\"1029\" data-srcset=\"https:\/\/liongatebuilders.com\/wp-content\/uploads\/2024\/01\/architectural-design-section_2-img_1.png 962w, https:\/\/liongatebuilders.com\/wp-content\/uploads\/2024\/01\/architectural-design-section_2-img_1-280x300.png 280w, https:\/\/liongatebuilders.com\/wp-content\/uploads\/2024\/01\/architectural-design-section_2-img_1-957x1024.png 957w, https:\/\/liongatebuilders.com\/wp-content\/uploads\/2024\/01\/architectural-design-section_2-img_1-768x821.png 768w, https:\/\/liongatebuilders.com\/wp-content\/uploads\/2024\/01\/architectural-design-section_2-img_1-748x800.png 748w, https:\/\/liongatebuilders.com\/wp-content\/uploads\/2024\/01\/architectural-design-section_2-img_1-500x535.png 500w\" data-sizes=\"(max-width: 962px) 100vw, 962px\" src=\"data:image\/svg+xml;base64,PHN2ZyB3aWR0aD0iMSIgaGVpZ2h0PSIxIiB4bWxucz0iaHR0cDovL3d3dy53My5vcmcvMjAwMC9zdmciPjwvc3ZnPg==\" style=\"--smush-placeholder-width: 962px; --smush-placeholder-aspect-ratio: 962\/1029;\" \/><\/a><\/p>\n<p>[\/vc_column_text][\/vc_column_inner][vc_column_inner el_class=&#8221;columns xlarge-6 xlarge-pull-6 column-left&#8221; width=&#8221;1\/2&#8243; css=&#8221;.vc_custom_1663266047549{background-color: #f3f1ea !important;}&#8221;][vc_empty_space height=&#8221;75px&#8221; el_class=&#8221;show-for-large clear-right&#8221;][vc_empty_space height=&#8221;45px&#8221; el_class=&#8221;hide-for-large&#8221;][vc_column_text css_animation=&#8221;fadeInLeft&#8221; el_class=&#8221;column-left-content text-center xlarge-text-left extra-large-padding-right-for-xlarge float-right-for-large&#8221;]<\/p>\n<h2 class=\"section-heading bottom-buffer-1point5rem\">RGV Servicio Completo de Dise\u00f1o Arquitect\u00f3nico de Viviendas<\/h2>\n<p class=\"big bottom-buffer-1point5rem\">Pon tu <a href=\"https:\/\/liongatebuilders.com\/es\/servicios-residenciales\/casas-a-medida\/\">casa a medida<\/a> o <a href=\"https:\/\/liongatebuilders.com\/es\/servicios-residenciales\/renovacion-del-hogar\/\">proyecto de reforma<\/a> de McAllen en manos de <a href=\"https:\/\/liongatebuilders.com\/es\/\">Liongate<\/a>, en quien puedes confiar. Nuestros arquitectos residenciales poseen un profundo conocimiento del dise\u00f1o que pueden utilizar para desarrollar planos de viviendas de cualquier tama\u00f1o. Tanto si vas a crear un gran refugio desde cero como si vas a convertir una casa ya existente en una <a href=\"https:\/\/liongatebuilders.com\/es\/servicios-residenciales\/\">casa de ensue\u00f1o<\/a>, nuestros arquitectos pueden crear planos listos para construir. En Liongate, nos comprometemos a ayudarle con<\/p>\n<ul class=\"big bottom-buffer-1point5rem\">\n<li style=\"text-align: left;\">Escuchar sus necesidades<\/li>\n<li style=\"text-align: left;\">Inspeccionar su terreno y\/o las estructuras existentes<\/li>\n<li style=\"text-align: left;\">Contabilizaci\u00f3n de la normativa local<\/li>\n<li style=\"text-align: left;\">Creaci\u00f3n de dise\u00f1os funcionales<\/li>\n<li style=\"text-align: left;\">Desarrollar detalles innovadores<\/li>\n<li style=\"text-align: left;\">Y todo lo necesario para hacer realidad la casa de sus sue\u00f1os<\/li>\n<\/ul>\n<p class=\"big bottom-buffer-1point5rem\">Hay una raz\u00f3n por la que somos un constructor altamente calificado en todo el RGV. Nos ocupamos de todos los obst\u00e1culos con experiencia, conocimientos, innovaci\u00f3n y un enfoque centrado en el cliente que hace bien el trabajo.<\/p>\n<p>[\/vc_column_text][vc_empty_space height=&#8221;75px&#8221; el_class=&#8221;show-for-large clear-right&#8221;][vc_empty_space height=&#8221;45px&#8221; el_class=&#8221;hide-for-large&#8221;][\/vc_column_inner][\/vc_row_inner][\/vc_column][\/vc_row][\/vc_section][vc_section el_id=&#8221;architectural-design-section_3&#8243; el_class=&#8221;bg-primary bg-size-cover bg-no-repeat bg-center-bottom&#8221; css=&#8221;.vc_custom_1704392851681{background-image: url(http:\/\/liongatebuilders.com\/wp-content\/uploads\/2024\/01\/architectural-design-section_2-bg-img_1.png?id=1535) !important;background-position: center !important;background-repeat: no-repeat !important;background-size: cover !important;}&#8221;][vc_row][vc_column][vc_empty_space height=&#8221;150px&#8221; el_class=&#8221;show-for-large clear-right&#8221;][vc_empty_space height=&#8221;45px&#8221; el_class=&#8221;hide-for-large&#8221;][vc_row_inner el_class=&#8221;row no-padding-vc&#8221;][vc_column_inner el_class=&#8221;columns small-12 large-10 large-offset-1 has-background-with-opacity has-padding&#8221;][vc_column_text el_class=&#8221;text-center&#8221;]<\/p>\n<h2 class=\"section-heading alt-white bottom-buffer-1point5rem\">Forma y funci\u00f3n a su medida<\/h2>\n<p class=\"big alt-white bottom-buffer-1point5rem\">Los dise\u00f1os de un arquitecto deben cumplir dos requisitos: (1) Satisfacer el estilo de vida de la familia que va a vivir all\u00ed y (2) Satisfacer los deseos de dise\u00f1o de esa misma familia. Hacemos ambas cosas con un extraordinario servicio de atenci\u00f3n al cliente que pone su visi\u00f3n en primer plano. Sus planos acabados combinar\u00e1n a la perfecci\u00f3n sus necesidades con su estilo, creando un anteproyecto sobre el que podr\u00e1 construir la casa de sus sue\u00f1os.<\/p>\n<p>[\/vc_column_text][vc_empty_space height=&#8221;60px&#8221; el_class=&#8221;show-for-large clear-right&#8221;][vc_empty_space height=&#8221;45px&#8221; el_class=&#8221;hide-for-large&#8221;][vc_column_text el_class=&#8221;text-center large-text-left&#8221;]<\/p>\n<div class=\"row\">\n<div class=\"large-6 columns\">\n<h2 class=\"alt-white bottom-buffer-1point5rem\">Forma:<\/h2>\n<p class=\"big alt-white bottom-buffer-1point5rem\">\u00bfLe gusta la est\u00e9tica moderna? \u00bfSue\u00f1a con una casa de estuco de inspiraci\u00f3n espa\u00f1ola? \u00bfDesea espacios abiertos o un aspecto futurista? Entendemos una amplia gama de estilos y nos sentimos c\u00f3modos d\u00e1ndoles vida tanto en el dise\u00f1o exterior como en el interior. D\u00edganos qu\u00e9 tipo de casas le gustan y podremos recrear ese estilo en su propia casa personalizada.<\/p>\n<\/div>\n<div class=\"large-6 columns\">\n<h2 class=\"alt-white bottom-buffer-1point5rem\">Funci\u00f3n:<\/h2>\n<p class=\"big alt-white bottom-buffer-1point5rem\">Quiz\u00e1 necesites muchas habitaciones para un gran n\u00famero de ni\u00f1os. Tal vez quieras una cocina enorme y de lujo para cenas interminables. O quiz\u00e1 sue\u00f1a con una casa acogedora con una suite independiente para sus padres. Trabajamos con usted para crear dise\u00f1os que enriquezcan la vida de su familia.<\/p>\n<\/div>\n<\/div>\n<p>[\/vc_column_text][\/vc_column_inner][\/vc_row_inner][vc_empty_space height=&#8221;150px&#8221; el_class=&#8221;show-for-large clear-right&#8221;][vc_empty_space height=&#8221;45px&#8221; el_class=&#8221;hide-for-large&#8221;][\/vc_column][\/vc_row][\/vc_section][vc_section el_id=&#8221;architectural-design-section_4&#8243;][vc_row][vc_column][vc_empty_space height=&#8221;45px&#8221; el_class=&#8221;hide-for-large&#8221;][vc_row_inner equal_height=&#8221;yes&#8221; content_placement=&#8221;middle&#8221; el_class=&#8221;row expanded no-padding-vc no-padding-foundation content-width-xlarge&#8221;][vc_column_inner el_class=&#8221;columns xlarge-6 column-right xlarge-push-6&#8243; width=&#8221;1\/2&#8243;][vc_column_text css_animation=&#8221;fadeInRight&#8221; css=&#8221;&#8221;]<a href=\"https:\/\/liongatebuilders.com\/es\/servicios-residenciales\/\"><img decoding=\"async\" class=\"alignnone wp-image-1539 size-full lazyload\" data-src=\"https:\/\/liongatebuilders.com\/wp-content\/uploads\/2024\/01\/architectural-design-section_4-img_1.png\" alt=\"Interior de dise\u00f1o personalizado\" width=\"962\" height=\"1029\" data-srcset=\"https:\/\/liongatebuilders.com\/wp-content\/uploads\/2024\/01\/architectural-design-section_4-img_1.png 962w, https:\/\/liongatebuilders.com\/wp-content\/uploads\/2024\/01\/architectural-design-section_4-img_1-280x300.png 280w, https:\/\/liongatebuilders.com\/wp-content\/uploads\/2024\/01\/architectural-design-section_4-img_1-957x1024.png 957w, https:\/\/liongatebuilders.com\/wp-content\/uploads\/2024\/01\/architectural-design-section_4-img_1-768x821.png 768w, https:\/\/liongatebuilders.com\/wp-content\/uploads\/2024\/01\/architectural-design-section_4-img_1-748x800.png 748w, https:\/\/liongatebuilders.com\/wp-content\/uploads\/2024\/01\/architectural-design-section_4-img_1-500x535.png 500w\" data-sizes=\"(max-width: 962px) 100vw, 962px\" src=\"data:image\/svg+xml;base64,PHN2ZyB3aWR0aD0iMSIgaGVpZ2h0PSIxIiB4bWxucz0iaHR0cDovL3d3dy53My5vcmcvMjAwMC9zdmciPjwvc3ZnPg==\" style=\"--smush-placeholder-width: 962px; --smush-placeholder-aspect-ratio: 962\/1029;\" \/><\/a><\/p>\n<p>[\/vc_column_text][\/vc_column_inner][vc_column_inner el_class=&#8221;columns xlarge-6 xlarge-pull-6 column-left&#8221; width=&#8221;1\/2&#8243;][vc_empty_space height=&#8221;75px&#8221; el_class=&#8221;show-for-large clear-right&#8221;][vc_empty_space height=&#8221;45px&#8221; el_class=&#8221;hide-for-large&#8221;][vc_column_text css_animation=&#8221;fadeInLeft&#8221; el_class=&#8221;column-left-content text-center xlarge-text-left extra-large-padding-right-for-xlarge float-right-for-large&#8221;]<\/p>\n<h2 class=\"section-heading bottom-buffer-1point5rem\">Soluciones innovadoras para la construcci\u00f3n<\/h2>\n<p class=\"big bottom-buffer-1point5rem\">Todo dise\u00f1o conlleva obst\u00e1culos. Pero esos obst\u00e1culos rara vez son insuperables. En <a href=\"https:\/\/liongatebuilders.com\/es\/\">Liongate Builders<\/a>, nuestras d\u00e9cadas de experiencia y nuestro equipo creativo nos permiten encontrar soluciones innovadoras incluso a los problemas de dise\u00f1o m\u00e1s dif\u00edciles. En nuestros a\u00f1os de construcci\u00f3n de espacios comerciales y residenciales, hay pocos problemas que no hayamos encontrado&#8230; y resuelto. No permita que su proyecto se paralice por un problema imprevisto que el dise\u00f1o saque a la luz. Estamos dispuestos a guiarle a trav\u00e9s de todo ello para que acabe teniendo la casa residencial con la que sue\u00f1a.<\/p>\n<p>[\/vc_column_text][vc_empty_space height=&#8221;75px&#8221; el_class=&#8221;show-for-large clear-right&#8221;][vc_empty_space height=&#8221;45px&#8221; el_class=&#8221;hide-for-large&#8221;][\/vc_column_inner][\/vc_row_inner][\/vc_column][\/vc_row][\/vc_section]<\/p>\n<\/div>","protected":false},"excerpt":{"rendered":"<p>[vc_section el_id=&#8221;page_header&#8221;][vc_row css=&#8221;.vc_custom_1583311737715{background: #161616 url(https:\/\/liongatebuilders.com\/wp-content\/uploads\/2020\/03\/page_header-bg.jpg?id=79) !important;background-position: center !important;background-repeat: no-repeat !important;background-size: cover !important;}&#8221;][vc_column][vc_empty_space height=&#8221;75px&#8221; el_class=&#8221;show-for-large&#8221;][vc_empty_space height=&#8221;45px&#8221; el_class=&#8221;hide-for-large&#8221;][vc_row_inner el_class=&#8221;row no-padding-vc&#8221;][vc_column_inner][vc_column_text] Servicios de dise\u00f1o arquitect\u00f3nico de viviendas en McAllen [\/vc_column_text][\/vc_column_inner][\/vc_row_inner][vc_empty_space height=&#8221;75px&#8221; el_class=&#8221;show-for-large&#8221;][vc_empty_space height=&#8221;45px&#8221; el_class=&#8221;hide-for-large&#8221;][\/vc_column][\/vc_row][\/vc_section][vc_section el_id=&#8221;architectural-design-section_1&#8243;][vc_row][vc_column][vc_row_inner equal_height=&#8221;yes&#8221; content_placement=&#8221;middle&#8221; el_class=&#8221;row no-padding-vc content-width-xlarge&#8221;][vc_column_inner el_class=&#8221;columns xlarge-6 column-left&#8221; width=&#8221;1\/2&#8243;][vc_empty_space height=&#8221;75px&#8221; el_class=&#8221;show-for-large clear-right&#8221;][vc_empty_space height=&#8221;45px&#8221; el_class=&#8221;hide-for-large&#8221;][vc_column_text css_animation=&#8221;fadeInLeft&#8221; el_class=&#8221;column-left-content text-center xlarge-text-left extra-large-padding-right-for-xlarge float-right-for-large&#8221;] \u00bfPor qu\u00e9 elegir<a class=\"excerpt-read-more\" href=\"https:\/\/liongatebuilders.com\/es\/servicios-residenciales\/diseno-arquitectonico\/\" title=\"ReadDise\u00f1o arquitect\u00f3nico\">&#8230; Read more &raquo;<\/a><\/p>\n","protected":false},"author":1,"featured_media":1997,"parent":1418,"menu_order":0,"comment_status":"closed","ping_status":"closed","template":"template-visual-builder.php","meta":{"_acf_changed":false,"_seopress_robots_primary_cat":"","_seopress_titles_title":"Servicios de dise\u00f1o arquitect\u00f3nico de viviendas en McAllen Texas | Liongate","_seopress_titles_desc":"Tanto si tiene una visi\u00f3n clara como si necesita orientaci\u00f3n, nuestros arquitectos le ofrecen soluciones innovadoras y dise\u00f1os excepcionales adaptados a su estilo de vida y sus necesidades.","_seopress_robots_index":"","footnotes":""},"class_list":["post-1460","page","type-page","status-publish","has-post-thumbnail","hentry"],"acf":[],"_links":{"self":[{"href":"https:\/\/liongatebuilders.com\/es\/wp-json\/wp\/v2\/pages\/1460","targetHints":{"allow":["GET"]}}],"collection":[{"href":"https:\/\/liongatebuilders.com\/es\/wp-json\/wp\/v2\/pages"}],"about":[{"href":"https:\/\/liongatebuilders.com\/es\/wp-json\/wp\/v2\/types\/page"}],"author":[{"embeddable":true,"href":"https:\/\/liongatebuilders.com\/es\/wp-json\/wp\/v2\/users\/1"}],"replies":[{"embeddable":true,"href":"https:\/\/liongatebuilders.com\/es\/wp-json\/wp\/v2\/comments?post=1460"}],"version-history":[{"count":42,"href":"https:\/\/liongatebuilders.com\/es\/wp-json\/wp\/v2\/pages\/1460\/revisions"}],"predecessor-version":[{"id":2572,"href":"https:\/\/liongatebuilders.com\/es\/wp-json\/wp\/v2\/pages\/1460\/revisions\/2572"}],"up":[{"embeddable":true,"href":"https:\/\/liongatebuilders.com\/es\/wp-json\/wp\/v2\/pages\/1418"}],"wp:featuredmedia":[{"embeddable":true,"href":"https:\/\/liongatebuilders.com\/es\/wp-json\/wp\/v2\/media\/1997"}],"wp:attachment":[{"href":"https:\/\/liongatebuilders.com\/es\/wp-json\/wp\/v2\/media?parent=1460"}],"curies":[{"name":"wp","href":"https:\/\/api.w.org\/{rel}","templated":true}]}}