{"id":1495,"date":"2024-01-04T17:18:52","date_gmt":"2024-01-04T17:18:52","guid":{"rendered":"https:\/\/liongatebuilders.com\/comercial\/renovacion-del-hogar\/"},"modified":"2024-10-29T14:34:02","modified_gmt":"2024-10-29T14:34:02","slug":"renovacion-del-hogar","status":"publish","type":"page","link":"https:\/\/liongatebuilders.com\/es\/servicios-residenciales\/renovacion-del-hogar\/","title":{"rendered":"Renovaci\u00f3n del hogar"},"content":{"rendered":"<div class=\"wpb-content-wrapper\"><p>[vc_section el_id=&#8221;page_header&#8221;][vc_row css=&#8221;.vc_custom_1583311737715{background: #161616 url(https:\/\/liongatebuilders.com\/wp-content\/uploads\/2020\/03\/page_header-bg.jpg?id=79) !important;background-position: center !important;background-repeat: no-repeat !important;background-size: cover !important;}&#8221;][vc_column][vc_empty_space height=&#8221;75px&#8221; el_class=&#8221;show-for-large&#8221;][vc_empty_space height=&#8221;45px&#8221; el_class=&#8221;hide-for-large&#8221;][vc_row_inner el_class=&#8221;row no-padding-vc&#8221;][vc_column_inner][vc_column_text]<\/p>\n<h1 class=\"page-heading alt-white\" style=\"text-align: center;\">Servicios de reforma del hogar en McAllen<\/h1>\n<p>[\/vc_column_text][\/vc_column_inner][\/vc_row_inner][vc_empty_space height=&#8221;75px&#8221; el_class=&#8221;show-for-large&#8221;][vc_empty_space height=&#8221;45px&#8221; el_class=&#8221;hide-for-large&#8221;][\/vc_column][\/vc_row][\/vc_section][vc_section el_id=&#8221;home-renovation-section_1&#8243;][vc_row][vc_column][vc_row_inner equal_height=&#8221;yes&#8221; content_placement=&#8221;middle&#8221; el_class=&#8221;row no-padding-vc content-width-xlarge&#8221;][vc_column_inner el_class=&#8221;columns xlarge-6 column-left&#8221; width=&#8221;1\/2&#8243;][vc_empty_space height=&#8221;75px&#8221; el_class=&#8221;show-for-large clear-right&#8221;][vc_empty_space height=&#8221;45px&#8221; el_class=&#8221;hide-for-large&#8221;][vc_column_text css_animation=&#8221;fadeInLeft&#8221; el_class=&#8221;column-left-content text-center xlarge-text-left extra-large-padding-right-for-xlarge float-right-for-large&#8221;]<\/p>\n<h2 class=\"section-heading bottom-buffer-1point5rem\">\u00bfPor qu\u00e9 elegir Liongate RGV Home Renovation?<\/h2>\n<p class=\"big bottom-buffer-1point5rem\">A veces no es necesario construir una casa nueva para conseguir el espacio de sus sue\u00f1os. Una reforma del hogar puede transformar su espacio vital actual en algo tan extraordinario como usted. En <a href=\"https:\/\/liongatebuilders.com\/es\/servicios-residenciales\/\">Liongate Builders<\/a>, aportamos nuestros a\u00f1os de experiencia a tu proyecto de renovaci\u00f3n de McAllen, por grande o peque\u00f1o que sea. Y, a medida que nuestros equipos con licencia y seguro transforman su hogar, nos centramos en la artesan\u00eda impecable y la calidad que resistir\u00e1 la prueba del tiempo.<\/p>\n<h2 class=\"bottom-buffer-1point5rem\">Soluciones innovadoras<\/h2>\n<p class=\"big bottom-buffer-1point5rem\">Abordamos cada obst\u00e1culo como una oportunidad para descubrir una forma nueva y hermosa de crear un espacio que se adapte a sus necesidades.<\/p>\n<h2 class=\"bottom-buffer-1point5rem\">Dise\u00f1os excepcionales<\/h2>\n<p class=\"big bottom-buffer-1point5rem\">Belleza y funcionalidad se dan la mano en dise\u00f1os creados pensando en su familia, su estilo de vida y sus necesidades.<\/p>\n<h2 class=\"bottom-buffer-1point5rem\">Planificaci\u00f3n personalizada<\/h2>\n<p class=\"big bottom-buffer-1point5rem\">Adaptamos nuestros dise\u00f1os a las necesidades individuales de cada cliente, a su terreno y a su comunidad, porque su casa debe reflejar su forma de vida.<\/p>\n<h2 class=\"bottom-buffer-1point5rem\">Atenci\u00f3n personal inigualable<\/h2>\n<p class=\"big bottom-buffer-1point5rem\">Un servicio, una calidad y un dise\u00f1o superiores son el resultado de una atenci\u00f3n meticulosa a cada detalle en cada paso del proceso.<\/p>\n<p>[\/vc_column_text][vc_empty_space height=&#8221;75px&#8221; el_class=&#8221;show-for-large clear-right&#8221;][vc_empty_space height=&#8221;45px&#8221; el_class=&#8221;hide-for-large&#8221;][\/vc_column_inner][vc_column_inner el_class=&#8221;columns xlarge-6 column-left&#8221; width=&#8221;1\/2&#8243;][vc_empty_space height=&#8221;75px&#8221; el_class=&#8221;show-for-large clear-right&#8221;][vc_empty_space height=&#8221;45px&#8221; el_class=&#8221;hide-for-large&#8221;]\n<div class=\"wpcf7 no-js\" id=\"wpcf7-f1406-o1\" lang=\"es-ES\" dir=\"ltr\" data-wpcf7-id=\"1406\">\n<div class=\"screen-reader-response\"><p role=\"status\" aria-live=\"polite\" aria-atomic=\"true\"><\/p> <ul><\/ul><\/div>\n<form action=\"\/es\/wp-json\/wp\/v2\/pages\/1495#wpcf7-f1406-o1\" method=\"post\" class=\"wpcf7-form init\" aria-label=\"Contact form\" novalidate=\"novalidate\" data-status=\"init\">\n<fieldset class=\"hidden-fields-container\"><input type=\"hidden\" name=\"_wpcf7\" value=\"1406\" \/><input type=\"hidden\" name=\"_wpcf7_version\" value=\"6.1.5\" \/><input type=\"hidden\" name=\"_wpcf7_locale\" value=\"es_ES\" \/><input type=\"hidden\" name=\"_wpcf7_unit_tag\" value=\"wpcf7-f1406-o1\" \/><input type=\"hidden\" name=\"_wpcf7_container_post\" value=\"0\" \/><input type=\"hidden\" name=\"_wpcf7_posted_data_hash\" value=\"\" \/><input type=\"hidden\" name=\"_wpcf7cf_hidden_group_fields\" value=\"[]\" \/><input type=\"hidden\" name=\"_wpcf7cf_hidden_groups\" value=\"[]\" \/><input type=\"hidden\" name=\"_wpcf7cf_visible_groups\" value=\"[]\" \/><input type=\"hidden\" name=\"_wpcf7cf_repeaters\" value=\"[]\" \/><input type=\"hidden\" name=\"_wpcf7cf_steps\" value=\"{}\" \/><input type=\"hidden\" name=\"_wpcf7cf_options\" value=\"{&quot;form_id&quot;:1406,&quot;conditions&quot;:[],&quot;settings&quot;:{&quot;animation&quot;:&quot;yes&quot;,&quot;animation_intime&quot;:200,&quot;animation_outtime&quot;:200,&quot;conditions_ui&quot;:&quot;normal&quot;,&quot;notice_dismissed&quot;:false}}\" \/>\n<\/fieldset>\n<div class=\"row service-form\">\n\t<div class=\"columns large-12\">\n\t\t<div class=\"row\">\n\t\t\t<div class=\"columns large-12 text-center\">\n\t\t\t\t<h2 class=\"section-heading alt-white bottom-buffer-1point5rem\">\u00bfQuiere saber m\u00e1s?\n\t\t\t\t<\/h2>\n\t\t\t\t<p class=\"big alt-white bottom-buffer-2point5rem\">Nuestro equipo est\u00e1 siempre dispuesto a hablar contigo sobre tu proyecto.<br \/>\n\u00a1Ponte en contacto con nosotros hoy mismo para saber m\u00e1s!\n\t\t\t\t<\/p>\n\t\t\t<\/div>\n\t\t<\/div>\n\t\t<div class=\"row\">\n\t\t\t<div class=\"columns large-12\">\n\t\t\t\t<p><span class=\"wpcf7-form-control-wrap\" data-name=\"full-name\"><input size=\"40\" maxlength=\"400\" class=\"wpcf7-form-control wpcf7-text wpcf7-validates-as-required\" aria-required=\"true\" aria-invalid=\"false\" placeholder=\"Nombre y apellidos\" value=\"\" type=\"text\" name=\"full-name\" \/><\/span>\n\t\t\t\t<\/p>\n\t\t\t<\/div>\n\t\t<\/div>\n\t\t<div class=\"row\">\n\t\t\t<div class=\"columns large-12\">\n\t\t\t\t<p><span class=\"wpcf7-form-control-wrap\" data-name=\"mobile-phone\"><input size=\"40\" maxlength=\"400\" class=\"wpcf7-form-control wpcf7-text wpcf7-validates-as-required\" aria-required=\"true\" aria-invalid=\"false\" placeholder=\"Tel\u00e9fono\" value=\"\" type=\"text\" name=\"mobile-phone\" \/><\/span>\n\t\t\t\t<\/p>\n\t\t\t<\/div>\n\t\t<\/div>\n\t\t<div class=\"row\">\n\t\t\t<div class=\"columns large-12\">\n\t\t\t\t<p><span class=\"wpcf7-form-control-wrap\" data-name=\"email\"><input size=\"40\" maxlength=\"400\" class=\"wpcf7-form-control wpcf7-email wpcf7-validates-as-required wpcf7-text wpcf7-validates-as-email\" aria-required=\"true\" aria-invalid=\"false\" placeholder=\"Correo electr\u00f3nico\" value=\"\" type=\"email\" name=\"email\" \/><\/span>\n\t\t\t\t<\/p>\n\t\t\t<\/div>\n\t\t<\/div>\n\t\t<div class=\"row\">\n\t\t\t<div class=\"columns large-12 bottom-buffer-2point5rem\">\n\t\t\t\t<p><span class=\"wpcf7-form-control-wrap\" data-name=\"message\"><textarea cols=\"10\" rows=\"3\" maxlength=\"2000\" class=\"wpcf7-form-control wpcf7-textarea wpcf7-validates-as-required\" aria-required=\"true\" aria-invalid=\"false\" placeholder=\"Mensaje\" name=\"message\"><\/textarea><\/span>\n\t\t\t\t<\/p>\n\t\t\t<\/div>\n\t\t<\/div>\n\t\t<div class=\"row\">\n\t\t\t<div class=\"columns large-12 text-center\">\n\t\t\t\t<p><span id=\"wpcf7-69de1f46cbf7d-wrapper\" class=\"wpcf7-form-control-wrap honeypot-274-wrap\" style=\"display:none !important; visibility:hidden !important;\"><label for=\"wpcf7-69de1f46cbf7d-field\" class=\"hp-message\">Please leave this field empty.<\/label><input id=\"wpcf7-69de1f46cbf7d-field\"  class=\"wpcf7-form-control wpcf7-text\" type=\"text\" name=\"honeypot-274\" value=\"\" size=\"40\" tabindex=\"-1\" autocomplete=\"new-password\" \/><\/span><button type=\"submit\" class=\"button button-gradient uc\">Obtenga un presupuesto gratuito<\/button>\n\t\t\t\t<\/p>\n\t\t\t<\/div>\n\t\t<\/div>\n\t<\/div>\n<\/div><div class=\"wpcf7-response-output\" aria-hidden=\"true\"><\/div>\n<\/form>\n<\/div>\n[vc_empty_space height=&#8221;75px&#8221; el_class=&#8221;show-for-large clear-right&#8221;][vc_empty_space height=&#8221;45px&#8221; el_class=&#8221;hide-for-large&#8221;][\/vc_column_inner][\/vc_row_inner][\/vc_column][\/vc_row][\/vc_section][vc_section el_id=&#8221;home-renovation-section_2&#8243;][vc_row][vc_column][vc_row_inner equal_height=&#8221;yes&#8221; content_placement=&#8221;middle&#8221; el_class=&#8221;row expanded no-padding-vc no-padding-foundation content-width-xlarge&#8221;][vc_column_inner el_class=&#8221;columns xlarge-6 column-right xlarge-push-6&#8243; width=&#8221;1\/2&#8243;][vc_column_text css_animation=&#8221;fadeInRight&#8221;]<a href=\"https:\/\/liongatebuilders.com\/es\/servicios-residenciales\/\"><img decoding=\"async\" class=\"alignnone wp-image-1544 size-full lazyload\" data-src=\"https:\/\/liongatebuilders.com\/wp-content\/uploads\/2024\/01\/home-renovation-section_2-img_1.png\" alt=\"Constructor instalando alumbrado\" width=\"962\" height=\"1029\" data-srcset=\"https:\/\/liongatebuilders.com\/wp-content\/uploads\/2024\/01\/home-renovation-section_2-img_1.png 962w, https:\/\/liongatebuilders.com\/wp-content\/uploads\/2024\/01\/home-renovation-section_2-img_1-280x300.png 280w, https:\/\/liongatebuilders.com\/wp-content\/uploads\/2024\/01\/home-renovation-section_2-img_1-957x1024.png 957w, https:\/\/liongatebuilders.com\/wp-content\/uploads\/2024\/01\/home-renovation-section_2-img_1-768x821.png 768w, https:\/\/liongatebuilders.com\/wp-content\/uploads\/2024\/01\/home-renovation-section_2-img_1-748x800.png 748w, https:\/\/liongatebuilders.com\/wp-content\/uploads\/2024\/01\/home-renovation-section_2-img_1-500x535.png 500w\" data-sizes=\"(max-width: 962px) 100vw, 962px\" src=\"data:image\/svg+xml;base64,PHN2ZyB3aWR0aD0iMSIgaGVpZ2h0PSIxIiB4bWxucz0iaHR0cDovL3d3dy53My5vcmcvMjAwMC9zdmciPjwvc3ZnPg==\" style=\"--smush-placeholder-width: 962px; --smush-placeholder-aspect-ratio: 962\/1029;\" \/><\/a>[\/vc_column_text][\/vc_column_inner][vc_column_inner el_class=&#8221;columns xlarge-6 xlarge-pull-6 column-left&#8221; width=&#8221;1\/2&#8243; css=&#8221;.vc_custom_1663266047549{background-color: #f3f1ea !important;}&#8221;][vc_empty_space height=&#8221;75px&#8221; el_class=&#8221;show-for-large clear-right&#8221;][vc_empty_space height=&#8221;45px&#8221; el_class=&#8221;hide-for-large&#8221;][vc_column_text css_animation=&#8221;fadeInLeft&#8221; el_class=&#8221;column-left-content text-center xlarge-text-left extra-large-padding-right-for-xlarge float-right-for-large&#8221;]<\/p>\n<h2 class=\"section-heading bottom-buffer-1point5rem\">McAllen Servicio Completo de Remodelaci\u00f3n de Viviendas<\/h2>\n<p class=\"big bottom-buffer-1point5rem\">\u00bfLe pone nervioso la complejidad del proceso de renovaci\u00f3n de una vivienda? No lo hagas. En <a href=\"https:\/\/liongatebuilders.com\/es\/servicios-residenciales\/\">Liongate Builders<\/a>, te guiamos de forma experta en cada paso. Deje que nuestros equipos se ocupen de todo, desde el dise\u00f1o de su nuevo espacio para que encaje perfectamente en el que tiene hasta la aplicaci\u00f3n de acabados que combinen a la perfecci\u00f3n con su estilo.<\/p>\n<p class=\"big bottom-buffer-1point5rem\">Perm\u00edtanos ayudarle con todo, incluido<\/p>\n<ul class=\"big bottom-buffer-1point5rem\">\n<li style=\"text-align: left;\">Dise\u00f1os de renovaci\u00f3n<\/li>\n<li style=\"text-align: left;\">Permisos<\/li>\n<li style=\"text-align: left;\">Demolici\u00f3n<\/li>\n<li style=\"text-align: left;\">Construcci\u00f3n<\/li>\n<li style=\"text-align: left;\">Acabados<\/li>\n<li style=\"text-align: left;\">Y m\u00e1s<\/li>\n<\/ul>\n<p class=\"big bottom-buffer-1point5rem\">Hay una raz\u00f3n por la que somos un constructor altamente calificado en todo el RGV. Nos ocupamos de todos los obst\u00e1culos con experiencia, conocimientos, innovaci\u00f3n y un enfoque centrado en el cliente que hace bien el trabajo.<\/p>\n<p>[\/vc_column_text][vc_empty_space height=&#8221;75px&#8221; el_class=&#8221;show-for-large clear-right&#8221;][vc_empty_space height=&#8221;45px&#8221; el_class=&#8221;hide-for-large&#8221;][\/vc_column_inner][\/vc_row_inner][\/vc_column][\/vc_row][\/vc_section][vc_section el_id=&#8221;home-renovation-section_3&#8243; el_class=&#8221;bg-primary bg-size-cover bg-no-repeat bg-center-bottom&#8221; css=&#8221;.vc_custom_1704394372527{background-image: url(http:\/\/liongatebuilders.com\/wp-content\/uploads\/2024\/01\/home-renovation-section_3-bg-img_1.png?id=1548) !important;background-position: center !important;background-repeat: no-repeat !important;background-size: cover !important;}&#8221;][vc_row][vc_column][vc_empty_space height=&#8221;150px&#8221; el_class=&#8221;show-for-large clear-right&#8221;][vc_empty_space height=&#8221;45px&#8221; el_class=&#8221;hide-for-large&#8221;][vc_row_inner el_class=&#8221;row no-padding-vc&#8221;][vc_column_inner el_class=&#8221;columns small-12 large-10 large-offset-1 has-background-with-opacity has-padding&#8221;][vc_column_text el_class=&#8221;text-center&#8221;]<\/p>\n<h2 class=\"section-heading alt-white bottom-buffer-1point5rem\">Forma y funci\u00f3n a su medida<\/h2>\n<p class=\"big alt-white bottom-buffer-1point5rem\">La reforma de una casa en McAllen tiene que cumplir tres requisitos: (1 Satisfacer el estilo de vida de la familia que va a vivir en ella, (2 Satisfacer los deseos de dise\u00f1o de esa misma familia, y (3 Encajar perfectamente en el dise\u00f1o de la casa existente. Hacemos las tres cosas con un extraordinario servicio al cliente que pone su visi\u00f3n en primer plano, una planificaci\u00f3n excepcional que hace que su renovaci\u00f3n sea una parte natural de su espacio existente, y una artesan\u00eda extraordinaria que ofrece belleza y funcionalidad que durar\u00e1n para siempre.<\/p>\n<p>[\/vc_column_text][vc_empty_space height=&#8221;60px&#8221; el_class=&#8221;show-for-large clear-right&#8221;][vc_empty_space height=&#8221;45px&#8221; el_class=&#8221;hide-for-large&#8221;][vc_column_text el_class=&#8221;text-center large-text-left&#8221;]<\/p>\n<div class=\"row\">\n<div class=\"large-6 columns\">\n<h2 class=\"alt-white bottom-buffer-1point5rem\">Forma:<\/h2>\n<p class=\"big alt-white bottom-buffer-1point5rem\">El estilo de su casa y sus propias preferencias guiar\u00e1n su renovaci\u00f3n. Perm\u00edtanos combinar ambas cosas para garantizarle un espacio que le encante y que parezca que encaja en su casa. Las mejores reformas son las que no parecen a\u00f1adidos, sino partes sorprendentes de la casa que ya tienes.<\/p>\n<\/div>\n<div class=\"large-6 columns\">\n<h2 class=\"alt-white bottom-buffer-1point5rem\">Funci\u00f3n:<\/h2>\n<p class=\"big alt-white bottom-buffer-1point5rem\">Quiz\u00e1 necesites muchas habitaciones para un gran n\u00famero de ni\u00f1os. Tal vez quieras una cocina enorme y de lujo para cenas interminables. O quiz\u00e1 sue\u00f1as con una suite independiente para tus padres. Nuestros equipos de expertos dan vida a su visi\u00f3n, con materiales y artesan\u00eda que durar\u00e1n toda la vida.<\/p>\n<\/div>\n<\/div>\n<p>[\/vc_column_text][\/vc_column_inner][\/vc_row_inner][vc_empty_space height=&#8221;150px&#8221; el_class=&#8221;show-for-large clear-right&#8221;][vc_empty_space height=&#8221;45px&#8221; el_class=&#8221;hide-for-large&#8221;][\/vc_column][\/vc_row][\/vc_section][vc_section el_id=&#8221;home-renovation-section_4&#8243;][vc_row][vc_column][vc_empty_space height=&#8221;45px&#8221; el_class=&#8221;hide-for-large&#8221;][vc_row_inner equal_height=&#8221;yes&#8221; content_placement=&#8221;middle&#8221; el_class=&#8221;row expanded no-padding-vc no-padding-foundation content-width-xlarge&#8221;][vc_column_inner el_class=&#8221;columns xlarge-6 column-right xlarge-push-6&#8243; width=&#8221;1\/2&#8243;][vc_column_text css_animation=&#8221;fadeInRight&#8221;]<a href=\"https:\/\/liongatebuilders.com\/es\/galeria\/\"><img decoding=\"async\" class=\"alignnone wp-image-1546 size-full lazyload\" data-src=\"https:\/\/liongatebuilders.com\/wp-content\/uploads\/2024\/01\/home-renovation-section_4-img_1.png\" alt=\"Dise\u00f1o de cocinas a medida  \" width=\"962\" height=\"1029\" data-srcset=\"https:\/\/liongatebuilders.com\/wp-content\/uploads\/2024\/01\/home-renovation-section_4-img_1.png 962w, https:\/\/liongatebuilders.com\/wp-content\/uploads\/2024\/01\/home-renovation-section_4-img_1-280x300.png 280w, https:\/\/liongatebuilders.com\/wp-content\/uploads\/2024\/01\/home-renovation-section_4-img_1-957x1024.png 957w, https:\/\/liongatebuilders.com\/wp-content\/uploads\/2024\/01\/home-renovation-section_4-img_1-768x821.png 768w, https:\/\/liongatebuilders.com\/wp-content\/uploads\/2024\/01\/home-renovation-section_4-img_1-748x800.png 748w, https:\/\/liongatebuilders.com\/wp-content\/uploads\/2024\/01\/home-renovation-section_4-img_1-500x535.png 500w\" data-sizes=\"(max-width: 962px) 100vw, 962px\" src=\"data:image\/svg+xml;base64,PHN2ZyB3aWR0aD0iMSIgaGVpZ2h0PSIxIiB4bWxucz0iaHR0cDovL3d3dy53My5vcmcvMjAwMC9zdmciPjwvc3ZnPg==\" style=\"--smush-placeholder-width: 962px; --smush-placeholder-aspect-ratio: 962\/1029;\" \/><\/a>[\/vc_column_text][\/vc_column_inner][vc_column_inner el_class=&#8221;columns xlarge-6 xlarge-pull-6 column-left&#8221; width=&#8221;1\/2&#8243;][vc_empty_space height=&#8221;75px&#8221; el_class=&#8221;show-for-large clear-right&#8221;][vc_empty_space height=&#8221;45px&#8221; el_class=&#8221;hide-for-large&#8221;][vc_column_text css_animation=&#8221;fadeInLeft&#8221; el_class=&#8221;column-left-content text-center xlarge-text-left extra-large-padding-right-for-xlarge float-right-for-large&#8221;]<\/p>\n<h2 class=\"section-heading bottom-buffer-1point5rem\">Soluciones innovadoras de remodelaci\u00f3n en el RGV<\/h2>\n<p class=\"big bottom-buffer-1point5rem\">Todas las renovaciones plantean retos. Somos especialistas en superarlos. En Liongate, nuestras d\u00e9cadas de experiencia y nuestro equipo creativo nos permiten encontrar soluciones innovadoras incluso para los problemas de renovaci\u00f3n m\u00e1s dif\u00edciles. En nuestros a\u00f1os de construcci\u00f3n de espacios comerciales y residenciales, hay pocos problemas que no hayamos encontrado&#8230; y resuelto. Incluso los problemas imprevistos se disuelven ante nuestra meticulosa atenci\u00f3n al detalle y nuestro pensamiento innovador. Por eso nuestros clientes pueden renovar con tranquilidad.<\/p>\n<p>[\/vc_column_text][vc_empty_space height=&#8221;75px&#8221; el_class=&#8221;show-for-large clear-right&#8221;][vc_empty_space height=&#8221;45px&#8221; el_class=&#8221;hide-for-large&#8221;][\/vc_column_inner][\/vc_row_inner][\/vc_column][\/vc_row][\/vc_section]<\/p>\n<\/div>","protected":false},"excerpt":{"rendered":"<p>[vc_section el_id=&#8221;page_header&#8221;][vc_row css=&#8221;.vc_custom_1583311737715{background: #161616 url(https:\/\/liongatebuilders.com\/wp-content\/uploads\/2020\/03\/page_header-bg.jpg?id=79) !important;background-position: center !important;background-repeat: no-repeat !important;background-size: cover !important;}&#8221;][vc_column][vc_empty_space height=&#8221;75px&#8221; el_class=&#8221;show-for-large&#8221;][vc_empty_space height=&#8221;45px&#8221; el_class=&#8221;hide-for-large&#8221;][vc_row_inner el_class=&#8221;row no-padding-vc&#8221;][vc_column_inner][vc_column_text] Servicios de reforma del hogar en McAllen [\/vc_column_text][\/vc_column_inner][\/vc_row_inner][vc_empty_space height=&#8221;75px&#8221; el_class=&#8221;show-for-large&#8221;][vc_empty_space height=&#8221;45px&#8221; el_class=&#8221;hide-for-large&#8221;][\/vc_column][\/vc_row][\/vc_section][vc_section el_id=&#8221;home-renovation-section_1&#8243;][vc_row][vc_column][vc_row_inner equal_height=&#8221;yes&#8221; content_placement=&#8221;middle&#8221; el_class=&#8221;row no-padding-vc content-width-xlarge&#8221;][vc_column_inner el_class=&#8221;columns xlarge-6 column-left&#8221; width=&#8221;1\/2&#8243;][vc_empty_space height=&#8221;75px&#8221; el_class=&#8221;show-for-large clear-right&#8221;][vc_empty_space height=&#8221;45px&#8221; el_class=&#8221;hide-for-large&#8221;][vc_column_text css_animation=&#8221;fadeInLeft&#8221; el_class=&#8221;column-left-content text-center xlarge-text-left extra-large-padding-right-for-xlarge float-right-for-large&#8221;] \u00bfPor qu\u00e9 elegir Liongate<a class=\"excerpt-read-more\" href=\"https:\/\/liongatebuilders.com\/es\/servicios-residenciales\/renovacion-del-hogar\/\" title=\"ReadRenovaci\u00f3n del hogar\">&#8230; Read more &raquo;<\/a><\/p>\n","protected":false},"author":1,"featured_media":2858,"parent":1418,"menu_order":0,"comment_status":"closed","ping_status":"closed","template":"template-visual-builder.php","meta":{"_acf_changed":false,"_seopress_robots_primary_cat":"","_seopress_titles_title":"Servicios de renovaci\u00f3n del hogar | Liongate Builders McAllen Texas","_seopress_titles_desc":"Tanto si se trata de una peque\u00f1a mejora como de una gran transformaci\u00f3n, nos centramos en soluciones innovadoras, planificaci\u00f3n personalizada y una atenci\u00f3n personal inigualable.","_seopress_robots_index":"","footnotes":""},"class_list":["post-1495","page","type-page","status-publish","has-post-thumbnail","hentry"],"acf":[],"_links":{"self":[{"href":"https:\/\/liongatebuilders.com\/es\/wp-json\/wp\/v2\/pages\/1495","targetHints":{"allow":["GET"]}}],"collection":[{"href":"https:\/\/liongatebuilders.com\/es\/wp-json\/wp\/v2\/pages"}],"about":[{"href":"https:\/\/liongatebuilders.com\/es\/wp-json\/wp\/v2\/types\/page"}],"author":[{"embeddable":true,"href":"https:\/\/liongatebuilders.com\/es\/wp-json\/wp\/v2\/users\/1"}],"replies":[{"embeddable":true,"href":"https:\/\/liongatebuilders.com\/es\/wp-json\/wp\/v2\/comments?post=1495"}],"version-history":[{"count":27,"href":"https:\/\/liongatebuilders.com\/es\/wp-json\/wp\/v2\/pages\/1495\/revisions"}],"predecessor-version":[{"id":2302,"href":"https:\/\/liongatebuilders.com\/es\/wp-json\/wp\/v2\/pages\/1495\/revisions\/2302"}],"up":[{"embeddable":true,"href":"https:\/\/liongatebuilders.com\/es\/wp-json\/wp\/v2\/pages\/1418"}],"wp:featuredmedia":[{"embeddable":true,"href":"https:\/\/liongatebuilders.com\/es\/wp-json\/wp\/v2\/media\/2858"}],"wp:attachment":[{"href":"https:\/\/liongatebuilders.com\/es\/wp-json\/wp\/v2\/media?parent=1495"}],"curies":[{"name":"wp","href":"https:\/\/api.w.org\/{rel}","templated":true}]}}