{"id":1509,"date":"2024-01-04T17:33:49","date_gmt":"2024-01-04T17:33:49","guid":{"rendered":"https:\/\/liongatebuilders.com\/comercial\/consulta-sobre-financiacion\/"},"modified":"2025-04-11T20:21:22","modified_gmt":"2025-04-11T20:21:22","slug":"consulta-sobre-financiacion","status":"publish","type":"page","link":"https:\/\/liongatebuilders.com\/es\/servicios-residenciales\/consulta-sobre-financiacion\/","title":{"rendered":"Financiaci\u00f3n"},"content":{"rendered":"<div class=\"wpb-content-wrapper\"><p>[vc_section el_id=&#8221;page_header&#8221;][vc_row css=&#8221;.vc_custom_1583311737715{background: #161616 url(https:\/\/liongatebuilders.com\/wp-content\/uploads\/2020\/03\/page_header-bg.jpg?id=79) !important;background-position: center !important;background-repeat: no-repeat !important;background-size: cover !important;}&#8221;][vc_column][vc_empty_space height=&#8221;75px&#8221; el_class=&#8221;show-for-large&#8221;][vc_empty_space height=&#8221;45px&#8221; el_class=&#8221;hide-for-large&#8221;][vc_row_inner el_class=&#8221;row no-padding-vc&#8221;][vc_column_inner][vc_column_text]<\/p>\n<h1 class=\"page-heading alt-white\" style=\"text-align: center;\">Consultas financieras para la construcci\u00f3n en McAllen<\/h1>\n<p>[\/vc_column_text][\/vc_column_inner][\/vc_row_inner][vc_empty_space height=&#8221;75px&#8221; el_class=&#8221;show-for-large&#8221;][vc_empty_space height=&#8221;45px&#8221; el_class=&#8221;hide-for-large&#8221;][\/vc_column][\/vc_row][\/vc_section][vc_section el_id=&#8221;financing-consultation-section_1&#8243;][vc_row][vc_column][vc_row_inner equal_height=&#8221;yes&#8221; content_placement=&#8221;middle&#8221; el_class=&#8221;row no-padding-vc content-width-xlarge&#8221;][vc_column_inner el_class=&#8221;columns xlarge-6 column-left&#8221; width=&#8221;1\/2&#8243;][vc_empty_space height=&#8221;75px&#8221; el_class=&#8221;show-for-large clear-right&#8221;][vc_empty_space height=&#8221;45px&#8221; el_class=&#8221;hide-for-large&#8221;][vc_column_text css_animation=&#8221;fadeInLeft&#8221; el_class=&#8221;column-left-content text-center xlarge-text-left extra-large-padding-right-for-xlarge float-right-for-large&#8221;]<\/p>\n<h2 class=\"section-heading bottom-buffer-1point5rem\">\u00bfPor qu\u00e9 elegir las Consultas Financieras Liongate?<\/h2>\n<p class=\"big bottom-buffer-1point5rem\">\u00bfNo sabes c\u00f3mo pagar tu <a href=\"https:\/\/liongatebuilders.com\/es\/servicios-residenciales\/casas-a-medida\/\">casa a medida<\/a> o tu <a href=\"https:\/\/liongatebuilders.com\/es\/servicios-residenciales\/renovacion-del-hogar\/\">reforma<\/a> <a href=\"https:\/\/liongatebuilders.com\/es\/servicios-residenciales\/casas-a-medida\/\">en McAllen<\/a>? \u00bfSe pregunta cu\u00e1nto debe presupuestar para su proyecto de construcci\u00f3n? Perm\u00edtanos ayudarle con consultas financieras que pongan su proyecto en el punto de mira. Nuestros prestamistas de confianza pueden ayudarle a conseguir la preaprobaci\u00f3n, planificar un presupuesto e iniciar un proyecto sabiendo que puede llevarlo a cabo hasta el final.<\/p>\n<h2 class=\"bottom-buffer-1point5rem\">Prestamistas de confianza<\/h2>\n<p class=\"big bottom-buffer-1point5rem\">Le ponemos en contacto con prestamistas dedicados y de confianza que se esforzar\u00e1n por conseguirle los mejores tipos y condiciones posibles para hacer realidad su proyecto.<\/p>\n<h2 class=\"bottom-buffer-1point5rem\">Preaprobaci\u00f3n instant\u00e1nea<\/h2>\n<p class=\"big bottom-buffer-1point5rem\">Utilice nuestra herramienta de preaprobaci\u00f3n en l\u00ednea para averiguar cu\u00e1nto puede conseguir en un pr\u00e9stamo en cuesti\u00f3n de minutos. A partir de ah\u00ed, planifique su presupuesto de construcci\u00f3n.<\/p>\n<h2 class=\"bottom-buffer-1point5rem\">Asistencia personalizada<\/h2>\n<p class=\"big bottom-buffer-1point5rem\">Nuestras consultas tienen en cuenta sus circunstancias espec\u00edficas, incluidos sus planes, sus finanzas y su proyecto.<\/p>\n<h2 class=\"bottom-buffer-1point5rem\">Atenci\u00f3n personal inigualable<\/h2>\n<p class=\"big bottom-buffer-1point5rem\">Damos prioridad a usted y a su experiencia, desde la financiaci\u00f3n hasta el d\u00eda de la mudanza. Deje que nuestra meticulosa atenci\u00f3n al detalle y a usted haga que su proyecto de construcci\u00f3n sea financieramente viable.<\/p>\n<p>[\/vc_column_text][vc_empty_space height=&#8221;75px&#8221; el_class=&#8221;show-for-large clear-right&#8221;][vc_empty_space height=&#8221;45px&#8221; el_class=&#8221;hide-for-large&#8221;][\/vc_column_inner][vc_column_inner el_class=&#8221;columns xlarge-6 column-left&#8221; width=&#8221;1\/2&#8243;][vc_empty_space height=&#8221;75px&#8221; el_class=&#8221;show-for-large clear-right&#8221;][vc_empty_space height=&#8221;45px&#8221; el_class=&#8221;hide-for-large&#8221;]\n<div class=\"wpcf7 no-js\" id=\"wpcf7-f1406-o1\" lang=\"es-ES\" dir=\"ltr\" data-wpcf7-id=\"1406\">\n<div class=\"screen-reader-response\"><p role=\"status\" aria-live=\"polite\" aria-atomic=\"true\"><\/p> <ul><\/ul><\/div>\n<form action=\"\/es\/wp-json\/wp\/v2\/pages\/1509#wpcf7-f1406-o1\" method=\"post\" class=\"wpcf7-form init\" aria-label=\"Contact form\" novalidate=\"novalidate\" data-status=\"init\">\n<fieldset class=\"hidden-fields-container\"><input type=\"hidden\" name=\"_wpcf7\" value=\"1406\" \/><input type=\"hidden\" name=\"_wpcf7_version\" value=\"6.1.5\" \/><input type=\"hidden\" name=\"_wpcf7_locale\" value=\"es_ES\" \/><input type=\"hidden\" name=\"_wpcf7_unit_tag\" value=\"wpcf7-f1406-o1\" \/><input type=\"hidden\" name=\"_wpcf7_container_post\" value=\"0\" \/><input type=\"hidden\" name=\"_wpcf7_posted_data_hash\" value=\"\" \/><input type=\"hidden\" name=\"_wpcf7cf_hidden_group_fields\" value=\"[]\" \/><input type=\"hidden\" name=\"_wpcf7cf_hidden_groups\" value=\"[]\" \/><input type=\"hidden\" name=\"_wpcf7cf_visible_groups\" value=\"[]\" \/><input type=\"hidden\" name=\"_wpcf7cf_repeaters\" value=\"[]\" \/><input type=\"hidden\" name=\"_wpcf7cf_steps\" value=\"{}\" \/><input type=\"hidden\" name=\"_wpcf7cf_options\" value=\"{&quot;form_id&quot;:1406,&quot;conditions&quot;:[],&quot;settings&quot;:{&quot;animation&quot;:&quot;yes&quot;,&quot;animation_intime&quot;:200,&quot;animation_outtime&quot;:200,&quot;conditions_ui&quot;:&quot;normal&quot;,&quot;notice_dismissed&quot;:false}}\" \/>\n<\/fieldset>\n<div class=\"row service-form\">\n\t<div class=\"columns large-12\">\n\t\t<div class=\"row\">\n\t\t\t<div class=\"columns large-12 text-center\">\n\t\t\t\t<h2 class=\"section-heading alt-white bottom-buffer-1point5rem\">\u00bfQuiere saber m\u00e1s?\n\t\t\t\t<\/h2>\n\t\t\t\t<p class=\"big alt-white bottom-buffer-2point5rem\">Nuestro equipo est\u00e1 siempre dispuesto a hablar contigo sobre tu proyecto.<br \/>\n\u00a1Ponte en contacto con nosotros hoy mismo para saber m\u00e1s!\n\t\t\t\t<\/p>\n\t\t\t<\/div>\n\t\t<\/div>\n\t\t<div class=\"row\">\n\t\t\t<div class=\"columns large-12\">\n\t\t\t\t<p><span class=\"wpcf7-form-control-wrap\" data-name=\"full-name\"><input size=\"40\" maxlength=\"400\" class=\"wpcf7-form-control wpcf7-text wpcf7-validates-as-required\" aria-required=\"true\" aria-invalid=\"false\" placeholder=\"Nombre y apellidos\" value=\"\" type=\"text\" name=\"full-name\" \/><\/span>\n\t\t\t\t<\/p>\n\t\t\t<\/div>\n\t\t<\/div>\n\t\t<div class=\"row\">\n\t\t\t<div class=\"columns large-12\">\n\t\t\t\t<p><span class=\"wpcf7-form-control-wrap\" data-name=\"mobile-phone\"><input size=\"40\" maxlength=\"400\" class=\"wpcf7-form-control wpcf7-text wpcf7-validates-as-required\" aria-required=\"true\" aria-invalid=\"false\" placeholder=\"Tel\u00e9fono\" value=\"\" type=\"text\" name=\"mobile-phone\" \/><\/span>\n\t\t\t\t<\/p>\n\t\t\t<\/div>\n\t\t<\/div>\n\t\t<div class=\"row\">\n\t\t\t<div class=\"columns large-12\">\n\t\t\t\t<p><span class=\"wpcf7-form-control-wrap\" data-name=\"email\"><input size=\"40\" maxlength=\"400\" class=\"wpcf7-form-control wpcf7-email wpcf7-validates-as-required wpcf7-text wpcf7-validates-as-email\" aria-required=\"true\" aria-invalid=\"false\" placeholder=\"Correo electr\u00f3nico\" value=\"\" type=\"email\" name=\"email\" \/><\/span>\n\t\t\t\t<\/p>\n\t\t\t<\/div>\n\t\t<\/div>\n\t\t<div class=\"row\">\n\t\t\t<div class=\"columns large-12 bottom-buffer-2point5rem\">\n\t\t\t\t<p><span class=\"wpcf7-form-control-wrap\" data-name=\"message\"><textarea cols=\"10\" rows=\"3\" maxlength=\"2000\" class=\"wpcf7-form-control wpcf7-textarea wpcf7-validates-as-required\" aria-required=\"true\" aria-invalid=\"false\" placeholder=\"Mensaje\" name=\"message\"><\/textarea><\/span>\n\t\t\t\t<\/p>\n\t\t\t<\/div>\n\t\t<\/div>\n\t\t<div class=\"row\">\n\t\t\t<div class=\"columns large-12 text-center\">\n\t\t\t\t<p><span id=\"wpcf7-69e375ff94f6b-wrapper\" class=\"wpcf7-form-control-wrap honeypot-274-wrap\" style=\"display:none !important; visibility:hidden !important;\"><label for=\"wpcf7-69e375ff94f6b-field\" class=\"hp-message\">Please leave this field empty.<\/label><input id=\"wpcf7-69e375ff94f6b-field\"  class=\"wpcf7-form-control wpcf7-text\" type=\"text\" name=\"honeypot-274\" value=\"\" size=\"40\" tabindex=\"-1\" autocomplete=\"new-password\" \/><\/span><button type=\"submit\" class=\"button button-gradient uc\">Obtenga un presupuesto gratuito<\/button>\n\t\t\t\t<\/p>\n\t\t\t<\/div>\n\t\t<\/div>\n\t<\/div>\n<\/div><div class=\"wpcf7-response-output\" aria-hidden=\"true\"><\/div>\n<\/form>\n<\/div>\n[vc_empty_space height=&#8221;75px&#8221; el_class=&#8221;show-for-large clear-right&#8221;][vc_empty_space height=&#8221;45px&#8221; el_class=&#8221;hide-for-large&#8221;][\/vc_column_inner][\/vc_row_inner][\/vc_column][\/vc_row][\/vc_section][vc_section el_id=&#8221;financing-consultation-section_2&#8243;][vc_row][vc_column][vc_row_inner equal_height=&#8221;yes&#8221; content_placement=&#8221;middle&#8221; el_class=&#8221;row expanded no-padding-vc no-padding-foundation content-width-xlarge&#8221;][vc_column_inner el_class=&#8221;columns xlarge-6 column-right xlarge-push-6&#8243; width=&#8221;1\/2&#8243;][vc_column_text css_animation=&#8221;fadeInRight&#8221;]<a href=\"https:\/\/liongatebuilders.com\/es\/servicios-residenciales\/\"><img decoding=\"async\" class=\"alignnone wp-image-1526 size-full lazyload\" data-src=\"https:\/\/liongatebuilders.com\/wp-content\/uploads\/2024\/01\/financing-consultation-section_2-img_1.png\" alt=\"Pareja que comprueba la financiaci\u00f3n\" width=\"962\" height=\"1029\" data-srcset=\"https:\/\/liongatebuilders.com\/wp-content\/uploads\/2024\/01\/financing-consultation-section_2-img_1.png 962w, https:\/\/liongatebuilders.com\/wp-content\/uploads\/2024\/01\/financing-consultation-section_2-img_1-280x300.png 280w, https:\/\/liongatebuilders.com\/wp-content\/uploads\/2024\/01\/financing-consultation-section_2-img_1-957x1024.png 957w, https:\/\/liongatebuilders.com\/wp-content\/uploads\/2024\/01\/financing-consultation-section_2-img_1-768x821.png 768w, https:\/\/liongatebuilders.com\/wp-content\/uploads\/2024\/01\/financing-consultation-section_2-img_1-748x800.png 748w, https:\/\/liongatebuilders.com\/wp-content\/uploads\/2024\/01\/financing-consultation-section_2-img_1-500x535.png 500w\" data-sizes=\"(max-width: 962px) 100vw, 962px\" src=\"data:image\/svg+xml;base64,PHN2ZyB3aWR0aD0iMSIgaGVpZ2h0PSIxIiB4bWxucz0iaHR0cDovL3d3dy53My5vcmcvMjAwMC9zdmciPjwvc3ZnPg==\" style=\"--smush-placeholder-width: 962px; --smush-placeholder-aspect-ratio: 962\/1029;\" \/><\/a>[\/vc_column_text][\/vc_column_inner][vc_column_inner el_class=&#8221;columns xlarge-6 xlarge-pull-6 column-left&#8221; width=&#8221;1\/2&#8243; css=&#8221;.vc_custom_1663266047549{background-color: #f3f1ea !important;}&#8221;][vc_empty_space height=&#8221;75px&#8221; el_class=&#8221;show-for-large clear-right&#8221;][vc_empty_space height=&#8221;45px&#8221; el_class=&#8221;hide-for-large&#8221;][vc_column_text css_animation=&#8221;fadeInLeft&#8221; el_class=&#8221;column-left-content text-center xlarge-text-left extra-large-padding-right-for-xlarge float-right-for-large&#8221;]<\/p>\n<h2 class=\"section-heading bottom-buffer-1point5rem\">RGV Servicio completo de financiaci\u00f3n residencial<\/h2>\n<p class=\"big bottom-buffer-1point5rem\">No tiene por qu\u00e9 ocuparse solo de las finanzas de su edificio. En Liongate Builders, te guiamos hacia los recursos que necesitas para establecer un plan financiero que funcione. Podemos ayudarle en cada paso del proceso de financiaci\u00f3n, incluyendo<\/p>\n<ul class=\"big bottom-buffer-1point5rem\">\n<li style=\"text-align: left;\">Encontrar un prestamista<\/li>\n<li style=\"text-align: left;\">Obtener la preaprobaci\u00f3n<\/li>\n<li style=\"text-align: left;\">Planifique su presupuesto<\/li>\n<li style=\"text-align: left;\">Dise\u00f1ar dentro de su presupuesto<\/li>\n<li style=\"text-align: left;\">Cierre del pr\u00e9stamo<\/li>\n<li style=\"text-align: left;\">Y m\u00e1s<\/li>\n<\/ul>\n<p class=\"big bottom-buffer-1point5rem\">Hay una raz\u00f3n por la que somos un constructor altamente calificado en todo el RGV. Nos ocupamos de todos los obst\u00e1culos, incluidos los financieros, con experiencia, conocimientos, innovaci\u00f3n y un enfoque centrado en el cliente que hace bien su trabajo.<\/p>\n<p>[\/vc_column_text][vc_empty_space height=&#8221;75px&#8221; el_class=&#8221;show-for-large clear-right&#8221;][vc_empty_space height=&#8221;45px&#8221; el_class=&#8221;hide-for-large&#8221;][\/vc_column_inner][\/vc_row_inner][\/vc_column][\/vc_row][\/vc_section][vc_section disable_element=&#8221;yes&#8221; el_id=&#8221;financing-consultation-section_3&#8243; el_class=&#8221;bg-primary bg-size-cover bg-no-repeat bg-center-bottom&#8221; css=&#8221;.vc_custom_1704390928615{background-image: url(http:\/\/liongatebuilders.com\/wp-content\/uploads\/2022\/09\/services-section_3-bg_img_1.jpeg?id=686) !important;background-position: center !important;background-repeat: no-repeat !important;background-size: cover !important;}&#8221;][vc_row][vc_column][vc_empty_space height=&#8221;150px&#8221; el_class=&#8221;show-for-large clear-right&#8221;][vc_empty_space height=&#8221;45px&#8221; el_class=&#8221;hide-for-large&#8221;][vc_row_inner el_class=&#8221;row no-padding-vc&#8221;][vc_column_inner el_class=&#8221;columns small-12 large-10 large-offset-1 has-background-with-opacity has-padding&#8221;][vc_column_text el_class=&#8221;text-center&#8221;]<\/p>\n<h1 class=\"section-heading alt-white bottom-buffer-1point5rem\">Forma y funci\u00f3n a su medida<\/h1>\n<p class=\"big alt-white bottom-buffer-1point5rem\">La reforma de una casa debe cumplir tres requisitos: (1) Satisfacer el estilo de vida de la familia que va a vivir en ella, (2) Satisfacer los deseos de dise\u00f1o de esa misma familia y (3) Encajar a la perfecci\u00f3n en el dise\u00f1o de la casa existente. Hacemos las tres cosas con un extraordinario servicio al cliente que pone su visi\u00f3n en primer plano, una planificaci\u00f3n excepcional que hace que su renovaci\u00f3n sea una parte natural de su espacio existente, y una artesan\u00eda extraordinaria que ofrece belleza y funcionalidad que durar\u00e1n para siempre.<\/p>\n<p>[\/vc_column_text][vc_empty_space height=&#8221;60px&#8221; el_class=&#8221;show-for-large clear-right&#8221;][vc_empty_space height=&#8221;45px&#8221; el_class=&#8221;hide-for-large&#8221;][vc_column_text el_class=&#8221;text-center large-text-left&#8221;]<\/p>\n<div class=\"row\">\n<div class=\"large-6 columns\">\n<h2 class=\"alt-white bottom-buffer-1point5rem\">Forma:<\/h2>\n<p class=\"big alt-white bottom-buffer-1point5rem\">El estilo de su casa y sus propias preferencias guiar\u00e1n su renovaci\u00f3n. Perm\u00edtanos combinar ambas cosas para garantizarle un espacio que le encante y que parezca que encaja en su casa. Las mejores reformas son las que no parecen a\u00f1adidos, sino partes sorprendentes de la casa que ya tienes.<\/p>\n<\/div>\n<div class=\"large-6 columns\">\n<h2 class=\"alt-white bottom-buffer-1point5rem\">Funci\u00f3n:<\/h2>\n<p class=\"big alt-white bottom-buffer-1point5rem\">Quiz\u00e1 necesites muchas habitaciones para un gran n\u00famero de ni\u00f1os. Tal vez quieras una cocina enorme y de lujo para cenas interminables. O quiz\u00e1 sue\u00f1as con una suite independiente para tus padres. Nuestros equipos de expertos dan vida a su visi\u00f3n, con materiales y artesan\u00eda que durar\u00e1n toda la vida.<\/p>\n<\/div>\n<\/div>\n<p>[\/vc_column_text][\/vc_column_inner][\/vc_row_inner][vc_empty_space height=&#8221;150px&#8221; el_class=&#8221;show-for-large clear-right&#8221;][vc_empty_space height=&#8221;45px&#8221; el_class=&#8221;hide-for-large&#8221;][\/vc_column][\/vc_row][\/vc_section][vc_section el_id=&#8221;financing-consultation-section_4&#8243;][vc_row][vc_column][vc_empty_space height=&#8221;45px&#8221; el_class=&#8221;hide-for-large&#8221;][vc_row_inner equal_height=&#8221;yes&#8221; content_placement=&#8221;middle&#8221; el_class=&#8221;row expanded no-padding-vc no-padding-foundation content-width-xlarge&#8221;][vc_column_inner el_class=&#8221;columns xlarge-6 column-left&#8221; width=&#8221;1\/2&#8243;][vc_column_text css_animation=&#8221;fadeInLeft&#8221;]<a href=\"https:\/\/liongatebuilders.com\/es\/servicios-residenciales\/\"><img decoding=\"async\" class=\"alignnone wp-image-1528 size-full lazyload\" data-src=\"https:\/\/liongatebuilders.com\/wp-content\/uploads\/2024\/01\/financing-consultation-section_4-img_1.png\" alt=\"pareja feliz en casa\" width=\"962\" height=\"1029\" data-srcset=\"https:\/\/liongatebuilders.com\/wp-content\/uploads\/2024\/01\/financing-consultation-section_4-img_1.png 962w, https:\/\/liongatebuilders.com\/wp-content\/uploads\/2024\/01\/financing-consultation-section_4-img_1-280x300.png 280w, https:\/\/liongatebuilders.com\/wp-content\/uploads\/2024\/01\/financing-consultation-section_4-img_1-957x1024.png 957w, https:\/\/liongatebuilders.com\/wp-content\/uploads\/2024\/01\/financing-consultation-section_4-img_1-768x821.png 768w, https:\/\/liongatebuilders.com\/wp-content\/uploads\/2024\/01\/financing-consultation-section_4-img_1-748x800.png 748w, https:\/\/liongatebuilders.com\/wp-content\/uploads\/2024\/01\/financing-consultation-section_4-img_1-500x535.png 500w\" data-sizes=\"(max-width: 962px) 100vw, 962px\" src=\"data:image\/svg+xml;base64,PHN2ZyB3aWR0aD0iMSIgaGVpZ2h0PSIxIiB4bWxucz0iaHR0cDovL3d3dy53My5vcmcvMjAwMC9zdmciPjwvc3ZnPg==\" style=\"--smush-placeholder-width: 962px; --smush-placeholder-aspect-ratio: 962\/1029;\" \/><\/a>[\/vc_column_text][\/vc_column_inner][vc_column_inner el_class=&#8221;columns xlarge-6 column-right&#8221; width=&#8221;1\/2&#8243;][vc_empty_space height=&#8221;75px&#8221; el_class=&#8221;show-for-large clear-right&#8221;][vc_empty_space height=&#8221;45px&#8221; el_class=&#8221;hide-for-large&#8221;][vc_column_text css_animation=&#8221;fadeInRight&#8221; el_class=&#8221;column-left-content text-center xlarge-text-left extra-large-padding-left-for-xlarge float-right-for-large&#8221;]<\/p>\n<h2 class=\"section-heading bottom-buffer-1point5rem\">Soluciones innovadoras de financiaci\u00f3n de viviendas en McAllen<\/h2>\n<p class=\"big bottom-buffer-1point5rem\">Todas las renovaciones plantean retos. Somos especialistas en superarlos. En Liongate, nuestras d\u00e9cadas de experiencia en la zona de McAllen y nuestro equipo creativo nos permiten encontrar soluciones innovadoras incluso para los problemas de renovaci\u00f3n m\u00e1s dif\u00edciles. En nuestros a\u00f1os de construcci\u00f3n de espacios comerciales y residenciales, hay pocos problemas que no hayamos encontrado&#8230; y resuelto. Incluso los problemas imprevistos se disuelven ante nuestra meticulosa atenci\u00f3n al detalle y nuestro pensamiento innovador. Por eso nuestros clientes pueden renovar con tranquilidad.<\/p>\n<p>[\/vc_column_text][vc_empty_space height=&#8221;75px&#8221; el_class=&#8221;show-for-large clear-right&#8221;][vc_empty_space height=&#8221;45px&#8221; el_class=&#8221;hide-for-large&#8221;][\/vc_column_inner][\/vc_row_inner][\/vc_column][\/vc_row][\/vc_section]<\/p>\n<\/div>","protected":false},"excerpt":{"rendered":"<p>[vc_section el_id=&#8221;page_header&#8221;][vc_row css=&#8221;.vc_custom_1583311737715{background: #161616 url(https:\/\/liongatebuilders.com\/wp-content\/uploads\/2020\/03\/page_header-bg.jpg?id=79) !important;background-position: center !important;background-repeat: no-repeat !important;background-size: cover !important;}&#8221;][vc_column][vc_empty_space height=&#8221;75px&#8221; el_class=&#8221;show-for-large&#8221;][vc_empty_space height=&#8221;45px&#8221; el_class=&#8221;hide-for-large&#8221;][vc_row_inner el_class=&#8221;row no-padding-vc&#8221;][vc_column_inner][vc_column_text] Consultas financieras para la construcci\u00f3n en McAllen [\/vc_column_text][\/vc_column_inner][\/vc_row_inner][vc_empty_space height=&#8221;75px&#8221; el_class=&#8221;show-for-large&#8221;][vc_empty_space height=&#8221;45px&#8221; el_class=&#8221;hide-for-large&#8221;][\/vc_column][\/vc_row][\/vc_section][vc_section el_id=&#8221;financing-consultation-section_1&#8243;][vc_row][vc_column][vc_row_inner equal_height=&#8221;yes&#8221; content_placement=&#8221;middle&#8221; el_class=&#8221;row no-padding-vc content-width-xlarge&#8221;][vc_column_inner el_class=&#8221;columns xlarge-6 column-left&#8221; width=&#8221;1\/2&#8243;][vc_empty_space height=&#8221;75px&#8221; el_class=&#8221;show-for-large clear-right&#8221;][vc_empty_space height=&#8221;45px&#8221; el_class=&#8221;hide-for-large&#8221;][vc_column_text css_animation=&#8221;fadeInLeft&#8221; el_class=&#8221;column-left-content text-center xlarge-text-left extra-large-padding-right-for-xlarge float-right-for-large&#8221;] \u00bfPor qu\u00e9 elegir las<a class=\"excerpt-read-more\" href=\"https:\/\/liongatebuilders.com\/es\/servicios-residenciales\/consulta-sobre-financiacion\/\" title=\"ReadFinanciaci\u00f3n\">&#8230; Read more &raquo;<\/a><\/p>\n","protected":false},"author":1,"featured_media":3027,"parent":1418,"menu_order":0,"comment_status":"closed","ping_status":"closed","template":"template-visual-builder.php","meta":{"_acf_changed":false,"_seopress_robots_primary_cat":"","_seopress_titles_title":"","_seopress_titles_desc":"\u00bfNo est\u00e1 seguro de c\u00f3mo financiar su casa a medida o su reforma? Nuestros prestamistas de confianza te prestan apoyo, asegur\u00e1ndote los mejores tipos de inter\u00e9s para hacer realidad tu proyecto.","_seopress_robots_index":"","footnotes":""},"class_list":["post-1509","page","type-page","status-publish","has-post-thumbnail","hentry"],"acf":[],"_links":{"self":[{"href":"https:\/\/liongatebuilders.com\/es\/wp-json\/wp\/v2\/pages\/1509","targetHints":{"allow":["GET"]}}],"collection":[{"href":"https:\/\/liongatebuilders.com\/es\/wp-json\/wp\/v2\/pages"}],"about":[{"href":"https:\/\/liongatebuilders.com\/es\/wp-json\/wp\/v2\/types\/page"}],"author":[{"embeddable":true,"href":"https:\/\/liongatebuilders.com\/es\/wp-json\/wp\/v2\/users\/1"}],"replies":[{"embeddable":true,"href":"https:\/\/liongatebuilders.com\/es\/wp-json\/wp\/v2\/comments?post=1509"}],"version-history":[{"count":35,"href":"https:\/\/liongatebuilders.com\/es\/wp-json\/wp\/v2\/pages\/1509\/revisions"}],"predecessor-version":[{"id":2705,"href":"https:\/\/liongatebuilders.com\/es\/wp-json\/wp\/v2\/pages\/1509\/revisions\/2705"}],"up":[{"embeddable":true,"href":"https:\/\/liongatebuilders.com\/es\/wp-json\/wp\/v2\/pages\/1418"}],"wp:featuredmedia":[{"embeddable":true,"href":"https:\/\/liongatebuilders.com\/es\/wp-json\/wp\/v2\/media\/3027"}],"wp:attachment":[{"href":"https:\/\/liongatebuilders.com\/es\/wp-json\/wp\/v2\/media?parent=1509"}],"curies":[{"name":"wp","href":"https:\/\/api.w.org\/{rel}","templated":true}]}}