{"id":2437,"date":"2024-11-23T05:02:59","date_gmt":"2024-11-23T05:02:59","guid":{"rendered":"https:\/\/liongatebuilders.com\/2437-2\/"},"modified":"2025-07-25T16:02:56","modified_gmt":"2025-07-25T16:02:56","slug":"demolicion","status":"publish","type":"page","link":"https:\/\/liongatebuilders.com\/es\/comercial\/demolicion\/","title":{"rendered":"Demolici\u00f3n comercial"},"content":{"rendered":"<div class=\"wpb-content-wrapper\"><p>[vc_section el_id=&#8221;page_header&#8221;][vc_row css=&#8221;.vc_custom_1583311737715{background: #161616 url(https:\/\/liongatebuilders.com\/wp-content\/uploads\/2020\/03\/page_header-bg.jpg?id=79) !important;background-position: center !important;background-repeat: no-repeat !important;background-size: cover !important;}&#8221;][vc_column][vc_empty_space height=&#8221;75px&#8221; el_class=&#8221;show-for-large&#8221;][vc_empty_space height=&#8221;45px&#8221; el_class=&#8221;hide-for-large&#8221;][vc_row_inner el_class=&#8221;row no-padding-vc&#8221;][vc_column_inner][vc_column_text css=&#8221;&#8221;]<\/p>\n<h1 class=\"page-heading alt-white\" style=\"text-align: center;\">Servicios de demolici\u00f3n comercial<\/h1>\n<p>[\/vc_column_text][\/vc_column_inner][\/vc_row_inner][vc_empty_space height=&#8221;75px&#8221; el_class=&#8221;show-for-large&#8221;][vc_empty_space height=&#8221;45px&#8221; el_class=&#8221;hide-for-large&#8221;][\/vc_column][\/vc_row][\/vc_section][vc_section el_id=&#8221;demolition-projects-section_1&#8243;][vc_row][vc_column][vc_row_inner equal_height=&#8221;yes&#8221; content_placement=&#8221;middle&#8221; el_class=&#8221;row no-padding-vc content-width-xlarge&#8221;][vc_column_inner el_class=&#8221;columns xlarge-6 column-left&#8221; width=&#8221;1\/2&#8243;][vc_empty_space height=&#8221;75px&#8221; el_class=&#8221;show-for-large clear-right&#8221;][vc_empty_space height=&#8221;45px&#8221; el_class=&#8221;hide-for-large&#8221;][vc_column_text css_animation=&#8221;fadeInLeft&#8221; css=&#8221;&#8221; el_class=&#8221;column-left-content text-center xlarge-text-left extra-large-padding-right-for-xlarge float-right-for-large&#8221;]<\/p>\n<h2 class=\"section-heading bottom-buffer-1point5rem\">Proyectos de demolici\u00f3n complejos<\/h2>\n<p class=\"big bottom-buffer-1point5rem\">En <a href=\"https:\/\/liongatebuilders.com\/es\/comercial\/\">Liongate Builders<\/a> somos conscientes de que los proyectos de demolici\u00f3n complejos requieren un enfoque especializado que combine experiencia, precisi\u00f3n y seguridad. Tanto si quieres demoler estructuras de varios pisos, edificios comerciales obsoletos o propiedades situadas en zonas de alta densidad, nuestro equipo especializado est\u00e1 aqu\u00ed para afrontar los retos \u00fanicos asociados a las demoliciones complejas. Con a\u00f1os de experiencia y un compromiso con la excelencia, nos aseguramos de que tu proyecto de demolici\u00f3n se ejecute con eficacia, seguridad y la m\u00ednima perturbaci\u00f3n del entorno.  <\/p>\n<p>[\/vc_column_text][vc_empty_space height=&#8221;75px&#8221; el_class=&#8221;show-for-large clear-right&#8221;][vc_empty_space height=&#8221;45px&#8221; el_class=&#8221;hide-for-large&#8221;][\/vc_column_inner][vc_column_inner el_class=&#8221;columns xlarge-6 column-left&#8221; width=&#8221;1\/2&#8243;][vc_empty_space height=&#8221;75px&#8221; el_class=&#8221;show-for-large clear-right&#8221;][vc_empty_space height=&#8221;45px&#8221; el_class=&#8221;hide-for-large&#8221;]\n<div class=\"wpcf7 no-js\" id=\"wpcf7-f1406-o1\" lang=\"es-ES\" dir=\"ltr\" data-wpcf7-id=\"1406\">\n<div class=\"screen-reader-response\"><p role=\"status\" aria-live=\"polite\" aria-atomic=\"true\"><\/p> <ul><\/ul><\/div>\n<form action=\"\/es\/wp-json\/wp\/v2\/pages\/2437#wpcf7-f1406-o1\" method=\"post\" class=\"wpcf7-form init\" aria-label=\"Contact form\" novalidate=\"novalidate\" data-status=\"init\">\n<fieldset class=\"hidden-fields-container\"><input type=\"hidden\" name=\"_wpcf7\" value=\"1406\" \/><input type=\"hidden\" name=\"_wpcf7_version\" value=\"6.1.5\" \/><input type=\"hidden\" name=\"_wpcf7_locale\" value=\"es_ES\" \/><input type=\"hidden\" name=\"_wpcf7_unit_tag\" value=\"wpcf7-f1406-o1\" \/><input type=\"hidden\" name=\"_wpcf7_container_post\" value=\"0\" \/><input type=\"hidden\" name=\"_wpcf7_posted_data_hash\" value=\"\" \/><input type=\"hidden\" name=\"_wpcf7cf_hidden_group_fields\" value=\"[]\" \/><input type=\"hidden\" name=\"_wpcf7cf_hidden_groups\" value=\"[]\" \/><input type=\"hidden\" name=\"_wpcf7cf_visible_groups\" value=\"[]\" \/><input type=\"hidden\" name=\"_wpcf7cf_repeaters\" value=\"[]\" \/><input type=\"hidden\" name=\"_wpcf7cf_steps\" value=\"{}\" \/><input type=\"hidden\" name=\"_wpcf7cf_options\" value=\"{&quot;form_id&quot;:1406,&quot;conditions&quot;:[],&quot;settings&quot;:{&quot;animation&quot;:&quot;yes&quot;,&quot;animation_intime&quot;:200,&quot;animation_outtime&quot;:200,&quot;conditions_ui&quot;:&quot;normal&quot;,&quot;notice_dismissed&quot;:false}}\" \/>\n<\/fieldset>\n<div class=\"row service-form\">\n\t<div class=\"columns large-12\">\n\t\t<div class=\"row\">\n\t\t\t<div class=\"columns large-12 text-center\">\n\t\t\t\t<h2 class=\"section-heading alt-white bottom-buffer-1point5rem\">\u00bfQuiere saber m\u00e1s?\n\t\t\t\t<\/h2>\n\t\t\t\t<p class=\"big alt-white bottom-buffer-2point5rem\">Nuestro equipo est\u00e1 siempre dispuesto a hablar contigo sobre tu proyecto.<br \/>\n\u00a1Ponte en contacto con nosotros hoy mismo para saber m\u00e1s!\n\t\t\t\t<\/p>\n\t\t\t<\/div>\n\t\t<\/div>\n\t\t<div class=\"row\">\n\t\t\t<div class=\"columns large-12\">\n\t\t\t\t<p><span class=\"wpcf7-form-control-wrap\" data-name=\"full-name\"><input size=\"40\" maxlength=\"400\" class=\"wpcf7-form-control wpcf7-text wpcf7-validates-as-required\" aria-required=\"true\" aria-invalid=\"false\" placeholder=\"Nombre y apellidos\" value=\"\" type=\"text\" name=\"full-name\" \/><\/span>\n\t\t\t\t<\/p>\n\t\t\t<\/div>\n\t\t<\/div>\n\t\t<div class=\"row\">\n\t\t\t<div class=\"columns large-12\">\n\t\t\t\t<p><span class=\"wpcf7-form-control-wrap\" data-name=\"mobile-phone\"><input size=\"40\" maxlength=\"400\" class=\"wpcf7-form-control wpcf7-text wpcf7-validates-as-required\" aria-required=\"true\" aria-invalid=\"false\" placeholder=\"Tel\u00e9fono\" value=\"\" type=\"text\" name=\"mobile-phone\" \/><\/span>\n\t\t\t\t<\/p>\n\t\t\t<\/div>\n\t\t<\/div>\n\t\t<div class=\"row\">\n\t\t\t<div class=\"columns large-12\">\n\t\t\t\t<p><span class=\"wpcf7-form-control-wrap\" data-name=\"email\"><input size=\"40\" maxlength=\"400\" class=\"wpcf7-form-control wpcf7-email wpcf7-validates-as-required wpcf7-text wpcf7-validates-as-email\" aria-required=\"true\" aria-invalid=\"false\" placeholder=\"Correo electr\u00f3nico\" value=\"\" type=\"email\" name=\"email\" \/><\/span>\n\t\t\t\t<\/p>\n\t\t\t<\/div>\n\t\t<\/div>\n\t\t<div class=\"row\">\n\t\t\t<div class=\"columns large-12 bottom-buffer-2point5rem\">\n\t\t\t\t<p><span class=\"wpcf7-form-control-wrap\" data-name=\"message\"><textarea cols=\"10\" rows=\"3\" maxlength=\"2000\" class=\"wpcf7-form-control wpcf7-textarea wpcf7-validates-as-required\" aria-required=\"true\" aria-invalid=\"false\" placeholder=\"Mensaje\" name=\"message\"><\/textarea><\/span>\n\t\t\t\t<\/p>\n\t\t\t<\/div>\n\t\t<\/div>\n\t\t<div class=\"row\">\n\t\t\t<div class=\"columns large-12 text-center\">\n\t\t\t\t<p><span id=\"wpcf7-69de221fb7398-wrapper\" class=\"wpcf7-form-control-wrap honeypot-274-wrap\" style=\"display:none !important; visibility:hidden !important;\"><label for=\"wpcf7-69de221fb7398-field\" class=\"hp-message\">Please leave this field empty.<\/label><input id=\"wpcf7-69de221fb7398-field\"  class=\"wpcf7-form-control wpcf7-text\" type=\"text\" name=\"honeypot-274\" value=\"\" size=\"40\" tabindex=\"-1\" autocomplete=\"new-password\" \/><\/span><button type=\"submit\" class=\"button button-gradient uc\">Obtenga un presupuesto gratuito<\/button>\n\t\t\t\t<\/p>\n\t\t\t<\/div>\n\t\t<\/div>\n\t<\/div>\n<\/div><div class=\"wpcf7-response-output\" aria-hidden=\"true\"><\/div>\n<\/form>\n<\/div>\n[vc_empty_space height=&#8221;75px&#8221; el_class=&#8221;show-for-large clear-right&#8221;][vc_empty_space height=&#8221;45px&#8221; el_class=&#8221;hide-for-large&#8221;][\/vc_column_inner][\/vc_row_inner][\/vc_column][\/vc_row][\/vc_section][vc_section el_id=&#8221;demolition-projects-section_2&#8243;][vc_row][vc_column][vc_row_inner equal_height=&#8221;yes&#8221; content_placement=&#8221;middle&#8221; el_class=&#8221;row expanded no-padding-vc no-padding-foundation content-width-xlarge&#8221;][vc_column_inner el_class=&#8221;columns xlarge-6 column-right xlarge-push-6&#8243; width=&#8221;1\/2&#8243;][vc_column_text css_animation=&#8221;fadeInRight&#8221; css=&#8221;&#8221;]<img decoding=\"async\" class=\"alignnone size-full wp-image-2607 lazyload\" data-src=\"https:\/\/liongatebuilders.com\/wp-content\/uploads\/2025\/01\/complex-demolitions-service-section_2-img_1-1_11zon.webp\" alt=\"Servicios de demolici\u00f3n complejos de LiongateBuilders\" width=\"1699\" height=\"1133\" data-srcset=\"https:\/\/liongatebuilders.com\/wp-content\/uploads\/2025\/01\/complex-demolitions-service-section_2-img_1-1_11zon.webp 1699w, https:\/\/liongatebuilders.com\/wp-content\/uploads\/2025\/01\/complex-demolitions-service-section_2-img_1-1_11zon-300x200.webp 300w, https:\/\/liongatebuilders.com\/wp-content\/uploads\/2025\/01\/complex-demolitions-service-section_2-img_1-1_11zon-1024x683.webp 1024w, https:\/\/liongatebuilders.com\/wp-content\/uploads\/2025\/01\/complex-demolitions-service-section_2-img_1-1_11zon-768x512.webp 768w, https:\/\/liongatebuilders.com\/wp-content\/uploads\/2025\/01\/complex-demolitions-service-section_2-img_1-1_11zon-1536x1024.webp 1536w, https:\/\/liongatebuilders.com\/wp-content\/uploads\/2025\/01\/complex-demolitions-service-section_2-img_1-1_11zon-1200x800.webp 1200w, https:\/\/liongatebuilders.com\/wp-content\/uploads\/2025\/01\/complex-demolitions-service-section_2-img_1-1_11zon-600x400.webp 600w, https:\/\/liongatebuilders.com\/wp-content\/uploads\/2025\/01\/complex-demolitions-service-section_2-img_1-1_11zon-500x333.webp 500w\" data-sizes=\"(max-width: 1699px) 100vw, 1699px\" src=\"data:image\/svg+xml;base64,PHN2ZyB3aWR0aD0iMSIgaGVpZ2h0PSIxIiB4bWxucz0iaHR0cDovL3d3dy53My5vcmcvMjAwMC9zdmciPjwvc3ZnPg==\" style=\"--smush-placeholder-width: 1699px; --smush-placeholder-aspect-ratio: 1699\/1133;\" \/>[\/vc_column_text][\/vc_column_inner][vc_column_inner el_class=&#8221;columns xlarge-6 xlarge-pull-6 column-left&#8221; width=&#8221;1\/2&#8243; css=&#8221;.vc_custom_1663266047549{background-color: #f3f1ea !important;}&#8221;][vc_empty_space height=&#8221;75px&#8221; el_class=&#8221;show-for-large clear-right&#8221;][vc_empty_space height=&#8221;45px&#8221; el_class=&#8221;hide-for-large&#8221;][vc_column_text css_animation=&#8221;fadeInLeft&#8221; css=&#8221;&#8221; el_class=&#8221;column-left-content text-center xlarge-text-left extra-large-padding-right-for-xlarge float-right-for-large&#8221;]<\/p>\n<h2 class=\"section-heading bottom-buffer-1point5rem\">Nuestro proceso integral de demolici\u00f3n<\/h2>\n<p class=\"big bottom-buffer-1point5rem\">Nuestros servicios de demolici\u00f3n compleja comienzan con una evaluaci\u00f3n en profundidad del emplazamiento, que nos permite comprender los retos y requisitos espec\u00edficos de tu proyecto. Desarrollamos un plan de demolici\u00f3n a medida que incluye plazos detallados, medidas de seguridad y el cumplimiento de todas las normativas pertinentes. Nuestro equipo est\u00e1 equipado con herramientas y t\u00e9cnicas de vanguardia, lo que nos permite manejar con seguridad incluso las estructuras m\u00e1s dif\u00edciles, incluidas las que contienen materiales peligrosos. A lo largo del proceso de demolici\u00f3n, mantenemos una comunicaci\u00f3n abierta con nuestros clientes y partes interesadas para garantizar la transparencia y la coordinaci\u00f3n en cada fase.   <\/p>\n<p>[\/vc_column_text][vc_empty_space height=&#8221;75px&#8221; el_class=&#8221;show-for-large clear-right&#8221;][vc_empty_space height=&#8221;45px&#8221; el_class=&#8221;hide-for-large&#8221;][\/vc_column_inner][\/vc_row_inner][\/vc_column][\/vc_row][\/vc_section][vc_section el_id=&#8221;demolition-projects-section_3&#8243; el_class=&#8221;bg-primary bg-size-cover bg-no-repeat bg-center-bottom&#8221; css=&#8221;.vc_custom_1732338323137{background-image: url(https:\/\/liongatebuilders.com\/wp-content\/uploads\/2024\/11\/complex-demolitions-service-section_3-bg-img_1.png?id=2432) !important;}&#8221;][vc_row][vc_column][vc_empty_space height=&#8221;150px&#8221; el_class=&#8221;show-for-large clear-right&#8221;][vc_empty_space height=&#8221;45px&#8221; el_class=&#8221;hide-for-large&#8221;][vc_row_inner el_class=&#8221;row no-padding-vc&#8221;][vc_column_inner el_class=&#8221;columns small-12 large-10 large-offset-1 has-background-with-opacity has-padding&#8221;][vc_column_text css=&#8221;&#8221; el_class=&#8221;text-center&#8221;]<\/p>\n<h2 class=\"section-heading alt-white bottom-buffer-1point5rem\">Nuestro compromiso con la seguridad y la sostenibilidad<\/h2>\n<p class=\"big alt-white bottom-buffer-1point5rem\">La seguridad es nuestra m\u00e1xima prioridad en <a href=\"https:\/\/liongatebuilders.com\/es\/comercial\/\">Liongate Builders<\/a>, y nos adherimos a estrictos protocolos de seguridad para proteger a nuestro equipo, a los clientes y a la comunidad circundante durante las operaciones de demolici\u00f3n. Nuestros profesionales est\u00e1n formados en las mejores pr\u00e1cticas para una demolici\u00f3n segura, garantizando que se tomen todas las precauciones necesarias. Adem\u00e1s, nos dedicamos a las pr\u00e1cticas sostenibles, centr\u00e1ndonos en el reciclaje y la eliminaci\u00f3n responsable de los escombros de la demolici\u00f3n para minimizar el impacto medioambiental. Al elegir a Liongate Builders para tus complejas necesidades de demolici\u00f3n, puedes confiar en que completaremos tu proyecto centr\u00e1ndonos en la seguridad, la eficiencia y la responsabilidad medioambiental, dejando el lugar listo para su siguiente cap\u00edtulo.   <\/p>\n<p>[\/vc_column_text][\/vc_column_inner][\/vc_row_inner][vc_empty_space height=&#8221;150px&#8221; el_class=&#8221;show-for-large clear-right&#8221;][vc_empty_space height=&#8221;45px&#8221; el_class=&#8221;hide-for-large&#8221;][\/vc_column][\/vc_row][\/vc_section][vc_section el_id=&#8221;demolition-projects-section_4&#8243;][vc_row][vc_column][vc_empty_space height=&#8221;45px&#8221; el_class=&#8221;hide-for-large&#8221;][vc_row_inner equal_height=&#8221;yes&#8221; content_placement=&#8221;middle&#8221; el_class=&#8221;row expanded no-padding-vc no-padding-foundation content-width-xlarge&#8221;][vc_column_inner el_class=&#8221;columns xlarge-6 column-right xlarge-push-6&#8243; width=&#8221;1\/2&#8243;][vc_column_text css_animation=&#8221;fadeInRight&#8221; css=&#8221;&#8221;]<img decoding=\"async\" class=\"alignnone size-full wp-image-2609 lazyload\" data-src=\"https:\/\/liongatebuilders.com\/wp-content\/uploads\/2025\/01\/complex-demolitions-service-section_4-img_1-1.webp\" alt=\"Demolici\u00f3n Edificio\" width=\"962\" height=\"1029\" data-srcset=\"https:\/\/liongatebuilders.com\/wp-content\/uploads\/2025\/01\/complex-demolitions-service-section_4-img_1-1.webp 962w, https:\/\/liongatebuilders.com\/wp-content\/uploads\/2025\/01\/complex-demolitions-service-section_4-img_1-1-280x300.webp 280w, https:\/\/liongatebuilders.com\/wp-content\/uploads\/2025\/01\/complex-demolitions-service-section_4-img_1-1-957x1024.webp 957w, https:\/\/liongatebuilders.com\/wp-content\/uploads\/2025\/01\/complex-demolitions-service-section_4-img_1-1-768x821.webp 768w, https:\/\/liongatebuilders.com\/wp-content\/uploads\/2025\/01\/complex-demolitions-service-section_4-img_1-1-748x800.webp 748w, https:\/\/liongatebuilders.com\/wp-content\/uploads\/2025\/01\/complex-demolitions-service-section_4-img_1-1-500x535.webp 500w\" data-sizes=\"(max-width: 962px) 100vw, 962px\" src=\"data:image\/svg+xml;base64,PHN2ZyB3aWR0aD0iMSIgaGVpZ2h0PSIxIiB4bWxucz0iaHR0cDovL3d3dy53My5vcmcvMjAwMC9zdmciPjwvc3ZnPg==\" style=\"--smush-placeholder-width: 962px; --smush-placeholder-aspect-ratio: 962\/1029;\" \/>[\/vc_column_text][\/vc_column_inner][vc_column_inner el_class=&#8221;columns xlarge-6 xlarge-pull-6 column-left&#8221; width=&#8221;1\/2&#8243;][vc_empty_space height=&#8221;75px&#8221; el_class=&#8221;show-for-large clear-right&#8221;][vc_empty_space height=&#8221;45px&#8221; el_class=&#8221;hide-for-large&#8221;][vc_column_text css_animation=&#8221;fadeInLeft&#8221; css=&#8221;&#8221; el_class=&#8221;column-left-content text-center xlarge-text-left extra-large-padding-right-for-xlarge float-right-for-large&#8221;]<\/p>\n<h2 class=\"section-heading bottom-buffer-2point5rem\">\u00bfPor qu\u00e9 elegir Liongate Builders?<\/h2>\n<h2 class=\"bottom-buffer-1point5rem\">Experiencia centrada en el cliente:<\/h2>\n<p class=\"bottom-buffer-1point5rem\">Con a\u00f1os de experiencia, aportamos conocimientos inigualables a cada proyecto de construcci\u00f3n de servicios p\u00fablicos, dando prioridad a tus necesidades y preferencias.<\/p>\n<h2 class=\"bottom-buffer-1point5rem\">Tecnolog\u00eda avanzada:<\/h2>\n<p class=\"big bottom-buffer-1point5rem\">Nuestra inversi\u00f3n en maquinaria de \u00faltima generaci\u00f3n garantiza eficacia, seguridad y precisi\u00f3n.<\/p>\n<h2 class=\"bottom-buffer-1point5rem\">Compromiso ecol\u00f3gico:<\/h2>\n<p class=\"big bottom-buffer-1point5rem\">Damos prioridad a las pr\u00e1cticas sostenibles para minimizar el impacto medioambiental, al tiempo que mantenemos los m\u00e1s altos niveles de servicio.<\/p>\n<h2 class=\"bottom-buffer-1point5rem\">La seguridad como prioridad:<\/h2>\n<p class=\"big bottom-buffer-1point5rem\">Nuestro equipo sigue rigurosas directrices de seguridad para proteger tanto a nuestros trabajadores como a la comunidad circundante durante todo el proceso de construcci\u00f3n de servicios p\u00fablicos.<\/p>\n<p>[\/vc_column_text][vc_empty_space height=&#8221;75px&#8221; el_class=&#8221;show-for-large clear-right&#8221;][vc_empty_space height=&#8221;45px&#8221; el_class=&#8221;hide-for-large&#8221;][\/vc_column_inner][\/vc_row_inner][\/vc_column][\/vc_row][\/vc_section]<\/p>\n<\/div>","protected":false},"excerpt":{"rendered":"<p>[vc_section el_id=&#8221;page_header&#8221;][vc_row css=&#8221;.vc_custom_1583311737715{background: #161616 url(https:\/\/liongatebuilders.com\/wp-content\/uploads\/2020\/03\/page_header-bg.jpg?id=79) !important;background-position: center !important;background-repeat: no-repeat !important;background-size: cover !important;}&#8221;][vc_column][vc_empty_space height=&#8221;75px&#8221; el_class=&#8221;show-for-large&#8221;][vc_empty_space height=&#8221;45px&#8221; el_class=&#8221;hide-for-large&#8221;][vc_row_inner el_class=&#8221;row no-padding-vc&#8221;][vc_column_inner][vc_column_text css=&#8221;&#8221;] Servicios de demolici\u00f3n comercial [\/vc_column_text][\/vc_column_inner][\/vc_row_inner][vc_empty_space height=&#8221;75px&#8221; el_class=&#8221;show-for-large&#8221;][vc_empty_space height=&#8221;45px&#8221; el_class=&#8221;hide-for-large&#8221;][\/vc_column][\/vc_row][\/vc_section][vc_section el_id=&#8221;demolition-projects-section_1&#8243;][vc_row][vc_column][vc_row_inner equal_height=&#8221;yes&#8221; content_placement=&#8221;middle&#8221; el_class=&#8221;row no-padding-vc content-width-xlarge&#8221;][vc_column_inner el_class=&#8221;columns xlarge-6 column-left&#8221; width=&#8221;1\/2&#8243;][vc_empty_space height=&#8221;75px&#8221; el_class=&#8221;show-for-large clear-right&#8221;][vc_empty_space height=&#8221;45px&#8221; el_class=&#8221;hide-for-large&#8221;][vc_column_text css_animation=&#8221;fadeInLeft&#8221; css=&#8221;&#8221; el_class=&#8221;column-left-content text-center xlarge-text-left extra-large-padding-right-for-xlarge float-right-for-large&#8221;] Proyectos de demolici\u00f3n complejos En<a class=\"excerpt-read-more\" href=\"https:\/\/liongatebuilders.com\/es\/comercial\/demolicion\/\" title=\"ReadDemolici\u00f3n comercial\">&#8230; Read more &raquo;<\/a><\/p>\n","protected":false},"author":1,"featured_media":2431,"parent":1300,"menu_order":0,"comment_status":"closed","ping_status":"closed","template":"template-visual-builder.php","meta":{"_acf_changed":false,"_seopress_robots_primary_cat":"","_seopress_titles_title":"Servicios de Demolici\u00f3n Comercial | Liongate Builders McAllen Texas","_seopress_titles_desc":"\u00bfNecesitas una demolici\u00f3n segura y eficaz para tu local comercial? Liongate Builders en McAllen, TX, proporciona servicios expertos de demolici\u00f3n comercial.","_seopress_robots_index":"","footnotes":""},"class_list":["post-2437","page","type-page","status-publish","has-post-thumbnail","hentry"],"acf":[],"_links":{"self":[{"href":"https:\/\/liongatebuilders.com\/es\/wp-json\/wp\/v2\/pages\/2437","targetHints":{"allow":["GET"]}}],"collection":[{"href":"https:\/\/liongatebuilders.com\/es\/wp-json\/wp\/v2\/pages"}],"about":[{"href":"https:\/\/liongatebuilders.com\/es\/wp-json\/wp\/v2\/types\/page"}],"author":[{"embeddable":true,"href":"https:\/\/liongatebuilders.com\/es\/wp-json\/wp\/v2\/users\/1"}],"replies":[{"embeddable":true,"href":"https:\/\/liongatebuilders.com\/es\/wp-json\/wp\/v2\/comments?post=2437"}],"version-history":[{"count":20,"href":"https:\/\/liongatebuilders.com\/es\/wp-json\/wp\/v2\/pages\/2437\/revisions"}],"predecessor-version":[{"id":2613,"href":"https:\/\/liongatebuilders.com\/es\/wp-json\/wp\/v2\/pages\/2437\/revisions\/2613"}],"up":[{"embeddable":true,"href":"https:\/\/liongatebuilders.com\/es\/wp-json\/wp\/v2\/pages\/1300"}],"wp:featuredmedia":[{"embeddable":true,"href":"https:\/\/liongatebuilders.com\/es\/wp-json\/wp\/v2\/media\/2431"}],"wp:attachment":[{"href":"https:\/\/liongatebuilders.com\/es\/wp-json\/wp\/v2\/media?parent=2437"}],"curies":[{"name":"wp","href":"https:\/\/api.w.org\/{rel}","templated":true}]}}